{"id":1709,"date":"2013-12-06T19:59:03","date_gmt":"2013-12-07T00:59:03","guid":{"rendered":"http:\/\/newyork.ravarealty.com\/?page_id=1709"},"modified":"2024-03-08T06:33:03","modified_gmt":"2024-03-08T11:33:03","slug":"chi-siamo","status":"publish","type":"page","link":"https:\/\/newyork.ravarealty.com\/it\/chi-siamo\/","title":{"rendered":"Chi siamo"},"content":{"rendered":"<div class=\"wpb-content-wrapper\">[vc_row][vc_column]<div class=\"modern_img_frame modern_banner_full tt_animate_none true-img-none\"><div class=\"img-preload\"><img src='https:\/\/newyork.ravarealty.com\/wp-content\/uploads\/2013\/11\/\/IMG_0615-922x201.jpg' alt='' class=\"attachment-fadeIn\" \/><\/div><\/div><p class=\"callout2 \"><span>\n<h2><strong>About<\/strong><\/h2>\n<\/span><\/p><br class=\"clear\" \/>[\/vc_column][\/vc_row][vc_row gap=&#8221;20&#8243;][vc_column width=&#8221;1\/3&#8243;]<div class=\"shadow_img_frame shadow_portrait_thumb tt_animate_none true-img-none\"><div class=\"img-preload\"><img src='https:\/\/newyork.ravarealty.com\/wp-content\/uploads\/2018\/10\/\/Rava-Head-Shot-275x355.jpg' alt='' class=\"attachment-fadeIn\" \/><\/div><\/div>[\/vc_column][vc_column width=&#8221;2\/3&#8243; css=&#8221;.vc_custom_1536938711991{margin-right: 20px !important;}&#8221;][vc_column_text]\n<p style=\"text-align: justify;\">Lavorare con Rava Realty vi dar\u00e0 accesso a un team di esperti che vi pu\u00f2 assistere in ogni fase di una transazione immobiliare a New York. Siamo specializzati nella rappresentazione sia di clienti internazionali che locali. Il creatore del gruppo \u00e8 Riccardo Ravasini, un agente immobiliare associato al network: Keller Williams. Riccardo \u00e8 cresciuto in Italia, dove si \u00e8 laureato in economia all\u2019Universit\u00e0 Bocconi. Dopo il trasferimento a New York, Riccardo si \u00e8 subito fatto affascinare dal settore immobiliare con il suo alto livello di efficienza e attivit\u00e0. Dopo un periodo di formazione presso una piccola azienda di intermediazione immobiliare dove ha raccolto la pi\u00f9 vasta esperienza nel settore, Riccardo ha deciso di affiancarsi al network Keller Williams per dare pi\u00f9 potenzialit\u00e0 alla sua carriera come libero professionista gestendo il suo team in prima persona. Attraverso la nostra conoscenza specifica delle procedure di acquisto, di vendita, di locazione residenziale e commerciale, della gestione immobiliare e del corporate relocation avrete la certezza che nulla sar\u00e0 lasciato al caso. Riccardo \u00e8 anche un agente immobiliare attivo nel mercato di Miami; assiste regolarmente i suoi clienti interessati ad investimenti in questa oasi sul mare.<br \/>\nLa nostra clientela include: proprietari immobiliari interessati a dare in affitto i loro immobili, locatari di breve o lungo termine, acquirenti di un immobile come prima dimora o come investimento e venditori che vogliono raggiungere la massima visibilit\u00e0 sul mercato. La nostra filosofia \u00e8 quella di dare la pi\u00f9 grande importanza all\u2019integrit\u00e0 e alla generosit\u00e0 nell\u2019assistere i nostri clienti. Siamo convinti che questo approccio sia il pi\u00f9 gratificante. Alla fine della giornata cosa \u00e8 pi\u00f9 importante di un sorriso mentre si raggiunge un obiettivo?<\/p>\n[\/vc_column_text][\/vc_column][\/vc_row][vc_row][vc_column]<div class=\"hr_shadow {$custom_css_class}\">&nbsp;<\/div><p class=\"callout2 \"><span>\n<h2><strong>Press<\/strong><\/h2>\n<\/span><\/p><br class=\"clear\" \/>[\/vc_column][\/vc_row][vc_row][vc_column width=&#8221;1\/3&#8243;][vc_column_text]\n<h5>Nassau Guardian<\/h5>\n<p><a title=\"Good time to be a NYC landlord!\" href=\"http:\/\/www.thenassauguardian.com\/index.php?option=com_content&amp;view=article&amp;id=43192%3Agood-time-to-be-a-nyc-landlord-&amp;catid=73%3Aamerican-dream&amp;Itemid=2\" target=\"_blank\" rel=\"noopener noreferrer\">Good time to be a NYC landlord! <\/a><br \/>\n<a title=\"Show me the money!\" href=\"http:\/\/www.thenassauguardian.com\/index.php?option=com_content&amp;view=article&amp;id=42863%3Ashow-me-the-money&amp;catid=73%3Aamerican-dream&amp;Itemid=2\" target=\"_blank\" rel=\"noopener noreferrer\">Show me the money!<\/a><br \/>\n<a title=\"The best U.S. real estate market in 2013\" href=\"http:\/\/www.thenassauguardian.com\/index.php?option=com_content&amp;view=article&amp;id=41888%3Athe-best-us-real-estate-market-in-2013&amp;catid=73%3Aamerican-dream&amp;Itemid=2\" target=\"_blank\" rel=\"noopener noreferrer\">The best U.S. real estate market in 2013<\/a><br \/>\n<a title=\"Dear God, please keep the common charges low\" href=\"http:\/\/www.thenassauguardian.com\/index.php?option=com_content&amp;view=article&amp;id=41227%3Adear-god-please-keep-the-common-charges-low&amp;catid=73%3Aamerican-dream&amp;Itemid=2\" target=\"_blank\" rel=\"noopener noreferrer\">Dear God, please keep the common charges low<\/a><br \/>\n<a title=\"Brooklyn versus Manhattan\" href=\"http:\/\/www.thenassauguardian.com\/index.php?option=com_content&amp;view=article&amp;id=40077%3Abrooklyn-versus-manhattan&amp;catid=73%3Aamerican-dream&amp;Itemid=2\" target=\"_blank\" rel=\"noopener noreferrer\">Brooklyn versus Manhattan<\/a><br \/>\n<a title=\"Wave of new development in New York and Miami\" href=\"http:\/\/www.thenassauguardian.com\/index.php?option=com_content&amp;view=article&amp;id=40424%3Awave-of-new-developments-in-new-york-and-miami&amp;catid=73%3Aamerican-dream&amp;Itemid=2\" target=\"_blank\" rel=\"noopener noreferrer\">Wave of new development in New York and Miami<\/a><\/p>\n<h5>U.S. News &amp; World Report<\/h5>\n<p><a href=\"http:\/\/money.usnews.com\/money\/personal-finance\/articles\/2015\/04\/30\/does-it-make-sense-to-buy-a-second-home\" target=\"_blank\" rel=\"noopener noreferrer\">Does it Make Sense to Buy a Second Home?<\/a><br \/>\n<a href=\"http:\/\/money.usnews.com\/money\/personal-finance\/mutual-funds\/articles\/2015\/09\/22\/why-buying-a-home-is-a-smart-investment-for-millennials\" target=\"_blank\" rel=\"noopener noreferrer\">Why Buying a Home Is a Smart Investment for Millennials<\/a><\/p>\n<h5>VIEW MORE NASSAU GUARDIAN ARTICLES<\/h5>\n<p><a title=\"American Dream\" href=\"http:\/\/www.thenassauguardian.com\/index.php?option=com_content&amp;view=category&amp;type=business&amp;id=73&amp;Itemid=2\" target=\"_blank\" rel=\"noopener noreferrer\">American Dream<\/a>[\/vc_column_text][\/vc_column][vc_column width=&#8221;1\/3&#8243;][vc_column_text]\n<h5>Il Sole 24 Ore<\/h5>\n<p><a title=\"New York, il mercato si muove in lieve ripresa\" href=\"https:\/\/www.ilsole24ore.com\/art\/new-york-mercato-si-muove-lieve-ripresa-AFTKoumC\" target=\"_blank\" rel=\"noopener noreferrer\">New York, il mercato si muove in lieve ripresa<\/a><br \/>\n<a title=\"A Manhattan in arrivo altri 23 grattacieli\" href=\"http:\/\/www.casa24.ilsole24ore.com\/art\/mercato-immobiliare\/2013-05-22\/manhattan-arrivo-altri-grattacieli-113944.php?uuid=Ablgs6xH&amp;fromSearch\" target=\"_blank\" rel=\"noopener noreferrer\">A Manhattan in arrivo altri 23 grattacieli<\/a><br \/>\n<a title=\"Esame ai raggi x per comprare a Manhattan\" href=\"http:\/\/www.casa24.ilsole24ore.com\/art\/mercato-immobiliare\/2012-10-24\/esame-raggi-comprare-manhattan-143419.php?uuid=Abkn5MwG&amp;fromSearch\" target=\"_blank\" rel=\"noopener noreferrer\">Esame ai raggi x per comprare a Manhattan<\/a><\/p>\n<h5>Quotidiano Casa<\/h5>\n<p><a title=\"Carenza di case in affitto a Manhattan\" href=\"http:\/\/www.quotidianocasa.it\/2013\/11\/19\/carenza-di-case-affitto-manhattan\/18906\/\" target=\"_blank\" rel=\"noopener noreferrer\">Carenza di case in affitto a Manhattan<\/a><br \/>\n<a title=\"New York: c\u2019\u00e8 bisogno di appartamenti \u201cnormali\u201d\" href=\"http:\/\/www.quotidianocasa.it\/2013\/10\/18\/york-ce-bisogno-si-appartamenti-normali\/18734\/\" target=\"_blank\" rel=\"noopener noreferrer\">New York: c\u2019\u00e8 bisogno di appartamenti \u201cnormali\u201d<\/a><br \/>\n<a title=\"Mattone: la Grande Mela \u00e8 sempre il top\" href=\"http:\/\/www.quotidianocasa.it\/2013\/9\/20\/mattone-la-grande-mela-e-sempre-leggendaria\/18578\/\" target=\"_blank\" rel=\"noopener noreferrer\">Mattone: la Grande Mela \u00e8 sempre il top<\/a><br \/>\n<a title=\"Manhattan: i costi il fattore chiave del mercato\" href=\"http:\/\/www.quotidianocasa.it\/2013\/8\/19\/manhattan-costi-il-fattore-chiave-del-mercato\/18348\/\" target=\"_blank\" rel=\"noopener noreferrer\">Manhattan: i costi il fattore chiave del mercato<\/a><br \/>\n<a title=\"New York: il lusso conviene\" href=\"http:\/\/www.quotidianocasa.it\/2013\/7\/18\/york-il-lusso-conviene\/18241\/\" target=\"_blank\" rel=\"noopener noreferrer\">New York: il lusso conviene<\/a><br \/>\n<a title=\"Case a New York: a Brooklyn si risparmia ancora?\" href=\"http:\/\/www.quotidianocasa.it\/2013\/6\/20\/case-york-brooklyn-si-risparmia-ancora\/18067\/\" target=\"_blank\" rel=\"noopener noreferrer\">Case a New York: a Brooklyn si risparmia ancora?<\/a><br \/>\n<a title=\"Townhouses a Manhattan: conta di pi\u00f9 ampiezza o location?\" href=\"http:\/\/www.quotidianocasa.it\/2013\/5\/20\/townhouses-manhattan-conta-di-piu-ampiezza-location\/17888\/\" target=\"_blank\" rel=\"noopener noreferrer\">Townhouses a Manhattan: conta di pi\u00f9 ampiezza o location?<\/a><\/p>\n<h5>Il Mattino di Padova<\/h5>\n<p><a title=\"La crisi? A New York non c\u2019\u00e8\" href=\"http:\/\/mattinopadova.gelocal.it\/cronaca\/2013\/04\/16\/news\/la-crisi-a-new-york-non-c-e-1.6895486\" target=\"_blank\" rel=\"noopener noreferrer\">La crisi? A New York non c\u2019\u00e8<\/a>[\/vc_column_text][\/vc_column][vc_column width=&#8221;1\/3&#8243;][vc_column_text]\n<h5>US News<\/h5>\n<p><a title=\" Competing With Cash Buyers in a Tight Housing Market\" href=\"http:\/\/money.usnews.com\/money\/personal-finance\/articles\/2013\/07\/29\/competing-with-cash-buyers-in-a-tight-housing-market\" target=\"_blank\" rel=\"noopener noreferrer\">Competing With Cash Buyers in a Tight Housing Market<\/a><\/p>\n<h5>Canadian Real Estate magazine<\/h5>\n<p><a title=\"Where to snag a hot deal in the Us\" href=\"http:\/\/www.ganzexclusive.com\/pdf\/memphis_magazine.pdf\" target=\"_blank\" rel=\"noopener noreferrer\">Where to snag a hot deal in the Us<\/a><\/p>\n<h5>Philadelphia Inquirer<\/h5>\n<p><a title=\"How low can you go?\" href=\"http:\/\/www.philly.com\/philly\/classifieds\/real_estate\/CTW_realestate_20111122_How_low_can_you_go_.html\" target=\"_blank\" rel=\"noopener noreferrer\">How low can you go?<\/a><\/p>\n<h5>Las Vegas Review Journal<\/h5>\n<p><a title=\"How Low Can You Go?\" href=\"http:\/\/www.reviewjournal.com\/news\/how-low-can-you-go-1\" target=\"_blank\" rel=\"noopener noreferrer\">How Low Can You Go?<\/a><\/p>\n<h5>125th BID<\/h5>\n<p><a title=\"Harlem Makes Sense\" href=\"http:\/\/125thstreetbid.com\/news\/harlem-makes-sense\" target=\"_blank\" rel=\"noopener noreferrer\">Harlem Makes Sense<\/a><\/p>\n<h5>Northwest Indiana Times<\/h5>\n<p><a title=\"How Low Can You Go?\" href=\"http:\/\/www.nwitimes.com\/lifestyles\/home-and-garden\/how-low-can-you-go\/article_cc5e65a0-f95d-5807-b35a-4fd29477b880.html\" target=\"_blank\" rel=\"noopener noreferrer\">How Low Can You Go?<\/a>[\/vc_column_text][\/vc_column][\/vc_row]\n<\/div>","protected":false},"excerpt":{"rendered":"<p>[vc_row][vc_column][\/vc_column][\/vc_row][vc_row gap=&#8221;20&#8243;][vc_column width=&#8221;1\/3&#8243;][\/vc_column][vc_column width=&#8221;2\/3&#8243; css=&#8221;.vc_custom_1536938711991{margin-right: 20px !important;}&#8221;][vc_column_text]<br \/>\nLavorare con Rava Realty vi dar\u00e0 accesso a un team di esperti che vi pu\u00f2 assistere in ogni fase di una transazione immobiliare a New York. Siamo specializzati nella rappresentazione sia di clienti internazionali che locali. Il creatore del gruppo \u00e8 Riccardo Ravasini, un agente immobiliare associato al network: Keller Williams. Riccardo \u00e8 cresciuto in Italia, dove si \u00e8 laureato in economia all\u2019Universit\u00e0 Bocconi. Dopo il trasferimento a New York, Riccardo si \u00e8 &#8230;<\/p>\n","protected":false},"author":1,"featured_media":0,"parent":0,"menu_order":0,"comment_status":"closed","ping_status":"closed","template":"template-full-width.php","meta":{"_monsterinsights_skip_tracking":false,"_monsterinsights_sitenote_active":false,"_monsterinsights_sitenote_note":"","_monsterinsights_sitenote_category":0,"footnotes":""},"class_list":["post-1709","page","type-page","status-publish","hentry"],"yoast_head":"<!-- This site is optimized with the Yoast SEO plugin v27.2 - https:\/\/yoast.com\/product\/yoast-seo-wordpress\/ -->\n<title>Chi Siamo<\/title>\n<meta name=\"description\" content=\"Chi siamo? Rava Realty \u00e8 un team di esperti che possono aiutarvi in ogni fase di una transazione immobiliare di New York City.\" \/>\n<meta name=\"robots\" content=\"index, follow, max-snippet:-1, max-image-preview:large, max-video-preview:-1\" \/>\n<link rel=\"canonical\" href=\"https:\/\/newyork.ravarealty.com\/it\/chi-siamo\/\" \/>\n<meta property=\"og:locale\" content=\"it_IT\" \/>\n<meta property=\"og:type\" content=\"article\" \/>\n<meta property=\"og:title\" content=\"Chi Siamo\" \/>\n<meta property=\"og:description\" content=\"Chi siamo? Rava Realty \u00e8 un team di esperti che possono aiutarvi in ogni fase di una transazione immobiliare di New York City.\" \/>\n<meta property=\"og:url\" content=\"https:\/\/newyork.ravarealty.com\/it\/chi-siamo\/\" \/>\n<meta property=\"og:site_name\" content=\"Rava Realty\" \/>\n<meta property=\"article:modified_time\" content=\"2024-03-08T11:33:03+00:00\" \/>\n<meta name=\"twitter:label1\" content=\"Tempo di lettura stimato\" \/>\n\t<meta name=\"twitter:data1\" content=\"3 minuti\" \/>\n<script type=\"application\/ld+json\" class=\"yoast-schema-graph\">{\"@context\":\"https:\/\/schema.org\",\"@graph\":[{\"@type\":\"WebPage\",\"@id\":\"https:\/\/newyork.ravarealty.com\/it\/chi-siamo\/\",\"url\":\"https:\/\/newyork.ravarealty.com\/it\/chi-siamo\/\",\"name\":\"Chi Siamo\",\"isPartOf\":{\"@id\":\"https:\/\/newyork.ravarealty.com\/#website\"},\"datePublished\":\"2013-12-07T00:59:03+00:00\",\"dateModified\":\"2024-03-08T11:33:03+00:00\",\"description\":\"Chi siamo? Rava Realty \u00e8 un team di esperti che possono aiutarvi in ogni fase di una transazione immobiliare di New York City.\",\"inLanguage\":\"it-IT\",\"potentialAction\":[{\"@type\":\"ReadAction\",\"target\":[\"https:\/\/newyork.ravarealty.com\/it\/chi-siamo\/\"]}]},{\"@type\":\"WebSite\",\"@id\":\"https:\/\/newyork.ravarealty.com\/#website\",\"url\":\"https:\/\/newyork.ravarealty.com\/\",\"name\":\"Rava Realty\",\"description\":\"NYC Real Estate\",\"potentialAction\":[{\"@type\":\"SearchAction\",\"target\":{\"@type\":\"EntryPoint\",\"urlTemplate\":\"https:\/\/newyork.ravarealty.com\/?s={search_term_string}\"},\"query-input\":{\"@type\":\"PropertyValueSpecification\",\"valueRequired\":true,\"valueName\":\"search_term_string\"}}],\"inLanguage\":\"it-IT\"}]}<\/script>\n<!-- \/ Yoast SEO plugin. -->","yoast_head_json":{"title":"Chi Siamo","description":"Chi siamo? Rava Realty \u00e8 un team di esperti che possono aiutarvi in ogni fase di una transazione immobiliare di New York City.","robots":{"index":"index","follow":"follow","max-snippet":"max-snippet:-1","max-image-preview":"max-image-preview:large","max-video-preview":"max-video-preview:-1"},"canonical":"https:\/\/newyork.ravarealty.com\/it\/chi-siamo\/","og_locale":"it_IT","og_type":"article","og_title":"Chi Siamo","og_description":"Chi siamo? Rava Realty \u00e8 un team di esperti che possono aiutarvi in ogni fase di una transazione immobiliare di New York City.","og_url":"https:\/\/newyork.ravarealty.com\/it\/chi-siamo\/","og_site_name":"Rava Realty","article_modified_time":"2024-03-08T11:33:03+00:00","twitter_misc":{"Tempo di lettura stimato":"3 minuti"},"schema":{"@context":"https:\/\/schema.org","@graph":[{"@type":"WebPage","@id":"https:\/\/newyork.ravarealty.com\/it\/chi-siamo\/","url":"https:\/\/newyork.ravarealty.com\/it\/chi-siamo\/","name":"Chi Siamo","isPartOf":{"@id":"https:\/\/newyork.ravarealty.com\/#website"},"datePublished":"2013-12-07T00:59:03+00:00","dateModified":"2024-03-08T11:33:03+00:00","description":"Chi siamo? Rava Realty \u00e8 un team di esperti che possono aiutarvi in ogni fase di una transazione immobiliare di New York City.","inLanguage":"it-IT","potentialAction":[{"@type":"ReadAction","target":["https:\/\/newyork.ravarealty.com\/it\/chi-siamo\/"]}]},{"@type":"WebSite","@id":"https:\/\/newyork.ravarealty.com\/#website","url":"https:\/\/newyork.ravarealty.com\/","name":"Rava Realty","description":"NYC Real Estate","potentialAction":[{"@type":"SearchAction","target":{"@type":"EntryPoint","urlTemplate":"https:\/\/newyork.ravarealty.com\/?s={search_term_string}"},"query-input":{"@type":"PropertyValueSpecification","valueRequired":true,"valueName":"search_term_string"}}],"inLanguage":"it-IT"}]}},"_links":{"self":[{"href":"https:\/\/newyork.ravarealty.com\/it\/wp-json\/wp\/v2\/pages\/1709","targetHints":{"allow":["GET"]}}],"collection":[{"href":"https:\/\/newyork.ravarealty.com\/it\/wp-json\/wp\/v2\/pages"}],"about":[{"href":"https:\/\/newyork.ravarealty.com\/it\/wp-json\/wp\/v2\/types\/page"}],"author":[{"embeddable":true,"href":"https:\/\/newyork.ravarealty.com\/it\/wp-json\/wp\/v2\/users\/1"}],"replies":[{"embeddable":true,"href":"https:\/\/newyork.ravarealty.com\/it\/wp-json\/wp\/v2\/comments?post=1709"}],"version-history":[{"count":4,"href":"https:\/\/newyork.ravarealty.com\/it\/wp-json\/wp\/v2\/pages\/1709\/revisions"}],"predecessor-version":[{"id":10975,"href":"https:\/\/newyork.ravarealty.com\/it\/wp-json\/wp\/v2\/pages\/1709\/revisions\/10975"}],"wp:attachment":[{"href":"https:\/\/newyork.ravarealty.com\/it\/wp-json\/wp\/v2\/media?parent=1709"}],"curies":[{"name":"wp","href":"https:\/\/api.w.org\/{rel}","templated":true}]}}