{"id":1717,"date":"2013-12-06T20:04:07","date_gmt":"2013-12-07T01:04:07","guid":{"rendered":"http:\/\/newyork.ravarealty.com\/?page_id=1717"},"modified":"2014-08-25T09:29:25","modified_gmt":"2014-08-25T14:29:25","slug":"tutti-gli-immobili-sul-mercato-a-new-york","status":"publish","type":"page","link":"https:\/\/newyork.ravarealty.com\/it\/tutti-gli-immobili-sul-mercato-a-new-york\/","title":{"rendered":"Tutti gli immobili sul mercato a New York"},"content":{"rendered":"<p class=\"callout2\"><span>Esplora tutto il database con RavaRealty<\/span><\/p><br class=\"clear\" \/>\n<p style=\"text-align: justify; font-size: 15px;\">Sei alla ricerca di casa a New York e non vuoi pagare spese di commissione? Hai trovato i tuoi esperti locali! Se l&#8217;inglese non \u00e8 il tuo forte, non preoccuparti, il nostro team \u00e8 composto da agenti immobiliari, commercialisti ed avvocati che parlano correttamente la lingua italiana. Rava Realty \u00e8 specializzata in investimenti immobiliari a New York: dalle abitazioni private, agli immobili commerciali. Ti assistiamo nell\u2019acquisto accompagnandoti nella fase di selezione, negoziazione, rogito ed eventuale messa a reddito dell\u2019immobile. Esplora il database utlizzando il motore di ricerca in questa pagina. In pochi secondi potrai visualizzare tutti gli immobili sul mercato a New York. <\/p>\n<p><iframe loading=\"lazy\" src=\"https:\/\/riccardoravasini.agentfolio.com\/riccardoravasini\/client\/new\" height=\"640\" width=\"100%\" frameborder=\"0\" marginwidth=\"&quot;0\" marginheight=\"0\" scrolling=\"yes\"><\/iframe><\/p>\n<div class=\"hr_shadow {$custom_css_class}\">&nbsp;<\/div>\n<p style=\"color: #222; font-size: 11px; text-align: justify;\"><strong>I quartieri di New York:<\/strong> <em><a style=\"text-decoration: none;\" title=\"Battery Park City\" href=\"http:\/\/newyork.ravarealty.com\/it\/quartieri\/battery-park-city\/\">Battery Park City<\/a> &#8211; <a style=\"text-decoration: none;\" title=\"Financial District (FiDi)\" href=\"http:\/\/newyork.ravarealty.com\/it\/quartieri\/financial-district-fidi\/\">Financial District<\/a> &#8211; <a style=\"text-decoration: none;\" title=\"Chinatown\" href=\"http:\/\/newyork.ravarealty.com\/it\/quartieri\/chinatown\/\">Chinatown<\/a> &#8211; <a style=\"text-decoration: none;\" title=\"Little Italy\" href=\"http:\/\/newyork.ravarealty.com\/it\/quartieri\/little-italy\/\">Little Italy<\/a> &#8211; <a style=\"text-decoration: none;\" title=\"Tribeca\" href=\"http:\/\/newyork.ravarealty.com\/it\/quartieri\/tribeca\/\">Tribeca<\/a> &#8211; <a style=\"text-decoration: none;\" title=\"SoHo and Nolita\" href=\"http:\/\/newyork.ravarealty.com\/it\/quartieri\/soho-and-nolita\/\">SoHo and Nolita<\/a> &#8211; <a style=\"text-decoration: none;\" title=\"Lower East Side (LES)\" href=\"http:\/\/newyork.ravarealty.com\/it\/quartieri\/lower-east-side-les\/\">Lower East Side<\/a> &#8211; <a style=\"text-decoration: none;\" title=\"East Village\" href=\"http:\/\/newyork.ravarealty.com\/it\/quartieri\/east-village\/\">East Village <\/a>&#8211; <a style=\"text-decoration: none;\" title=\"Greenwich Village\" href=\"http:\/\/newyork.ravarealty.com\/it\/quartieri\/greenwich-village\/\">Greenwich Village<\/a> &#8211; <a style=\"text-decoration: none;\" title=\"Chelsea\" href=\"http:\/\/newyork.ravarealty.com\/it\/quartieri\/chelsea\/\">Chelsea<\/a> &#8211;<a style=\"text-decoration: none;\" title=\"Gramercy and Flatiron\" href=\"http:\/\/newyork.ravarealty.com\/it\/quartieri\/gramercy-and-flatiron\/\"> Gramercy and Flatiron<\/a> &#8211; <a style=\"text-decoration: none;\" title=\"Garment District\" href=\"http:\/\/newyork.ravarealty.com\/it\/quartieri\/garment-district\/\">Garment District<\/a> &#8211; <a style=\"text-decoration: none;\" title=\"Murray Hill\" href=\"http:\/\/newyork.ravarealty.com\/it\/quartieri\/murray-hill\/\">Murray Hill<\/a> &#8211; <a style=\"text-decoration: none;\" title=\"Midtown East\" href=\"http:\/\/newyork.ravarealty.com\/it\/quartieri\/midtown-east\/\">Midtown East<\/a> &#8211; <a style=\"text-decoration: none;\" title=\"Midtown West\" href=\"http:\/\/newyork.ravarealty.com\/it\/quartieri\/midtown-west\/\">Midtown West<\/a> &#8211; <a style=\"text-decoration: none;\" title=\"Upper East Side\" href=\"http:\/\/newyork.ravarealty.com\/it\/quartieri\/upper-east-side\/\">Upper East Side<\/a> &#8211; <a style=\"text-decoration: none;\" title=\"Upper West Side\" href=\"http:\/\/newyork.ravarealty.com\/it\/quartieri\/upper-west-side\/\">Upper West Side<\/a> &#8211; <a style=\"text-decoration: none;\" title=\"East Harlem\" href=\"http:\/\/newyork.ravarealty.com\/it\/quartieri\/east-harlem\/\">East Harlem<\/a> &#8211; <a style=\"text-decoration: none;\" title=\"Harlem\" href=\"http:\/\/newyork.ravarealty.com\/it\/quartieri\/harlem\/\">Harlem<\/a> &#8211; <a style=\"text-decoration: none;\" title=\"The Heights\" href=\"http:\/\/newyork.ravarealty.com\/it\/quartieri\/the-heights\/\">The Heights<\/a><\/em><\/p>\n<p style=\"color: #222; font-size: 7px; text-align: justify;\"><a style=\"text-decoration: none;\" title=\"Affittare appartamento a New York\" href=\"http:\/\/newyork.ravarealty.com\/it\/servizi\/affittare-appartamento-a-new-york\/\">affitto appartamenti arredati a New York<\/a> &#8211; <a style=\"text-decoration: none;\" title=\"Affittare appartamento a New York\" href=\"http:\/\/newyork.ravarealty.com\/it\/servizi\/affittare-appartamento-a-new-york\/\">alloggio a New York<\/a> &#8211; <a style=\"text-decoration: none;\" title=\"Affittare appartamento a New York\" href=\"http:\/\/newyork.ravarealty.com\/it\/servizi\/affittare-appartamento-a-new-york\/\">locazione appartamenti di lusso a New York <\/a>&#8211; <a style=\"text-decoration: none;\" title=\"Affittare appartamento a New York\" href=\"http:\/\/newyork.ravarealty.com\/it\/servizi\/affittare-appartamento-a-new-york\/\">affitto appartamenti a New York<\/a> &#8211;<a style=\"text-decoration: none;\" title=\"Vendere casa a New York\" href=\"http:\/\/newyork.ravarealty.com\/it\/servizi\/vendere-casa-a-new-york\/\"> vendita appartamenti a New York<\/a> &#8211; <a style=\"text-decoration: none;\" title=\"Comprare casa a New York\" href=\"http:\/\/newyork.ravarealty.com\/it\/servizi\/comprare-casa-a-new-york\/\">comprare case a New York<\/a> &#8211; <a style=\"text-decoration: none;\" title=\"Comprare casa a New York\" href=\"http:\/\/newyork.ravarealty.com\/it\/servizi\/comprare-casa-a-new-york\/\">comprare appartamento a New York<\/a> &#8211;<a style=\"text-decoration: none;\" title=\"Home\" href=\"http:\/\/newyork.ravarealty.com\/it\/\"> agenzie immobiliari New York<\/a> &#8211;<a style=\"text-decoration: none;\" title=\"Esplora tutto il database\" href=\"http:\/\/newyork.ravarealty.com\/it\/cerca-le-propieta\/tutti-gli-immobili-sul-mercato-a-new-york\/\">annunci immobiliari New York<\/a> &#8211; <a style=\"text-decoration: none;\" title=\"Investimenti immobiliari a New York\" href=\"http:\/\/newyork.ravarealty.com\/it\/servizi\/investimenti-immobiliari-a-new-york\/\">comprare palazzina a New York<\/a> &#8211; <a style=\"text-decoration: none;\" title=\"Comprare casa a New York\" href=\"http:\/\/newyork.ravarealty.com\/it\/servizi\/comprare-casa-a-new-york\/\">appartamento a New York<\/a> &#8211; <a style=\"text-decoration: none;\" title=\"Home\" href=\"http:\/\/newyork.ravarealty.com\/it\/\">immobiliare a New York<\/a> &#8211; <a style=\"text-decoration: none;\" title=\"Esplora tutto il database\" http:\/\/newyork.ravarealty.com\/it\/cerca-le-propieta\/tutti-gli-immobili-sul-mercato-a-new-york\/\">immobili New York<\/a> &#8211; <a style=\"text-decoration: none;\" title=\"Esplora tutto il database\" href=\"http:\/\/newyork.ravarealty.com\/it\/cerca-le-propieta\/tutti-gli-immobili-sul-mercato-a-new-york\/\">case a New York<\/a> &#8211; <a style=\"text-decoration: none;\" title=\"Comprare casa a New York\" href=\"http:\/\/newyork.ravarealty.com\/it\/servizi\/comprare-casa-a-new-york\/\">compra casa a New York<\/a> &#8211; <a style=\"text-decoration: none;\" title=\"Chi siamo\" href=\"http:\/\/newyork.ravarealty.com\/it\/chi-siamo\/\">agente immobiliare a New York<\/a> &#8211;<a style=\"text-decoration: none;\" title=\"Chi siamo\" href=\"http:\/\/newyork.ravarealty.com\/it\/chi-siamo\/\"> agenzia immobiliare a New York<\/a> &#8211; <a style=\"text-decoration: none;\" title=\"In vetrina\" href=\"http:\/\/newyork.ravarealty.com\/it\/cerca-le-propieta\/in-vetrina\/\">annunci immobiliari New York <\/a>&#8211; <a style=\"text-decoration: none;\" title=\"Investimenti immobiliari a New York\" href=\"http:\/\/newyork.ravarealty.com\/it\/servizi\/investimenti-immobiliari-a-new-york\/\">investimento immobiliare a New York<\/a> &#8211; <a style=\"text-decoration: none;\" title=\"Affittare appartamento a New York\" href=\"http:\/\/newyork.ravarealty.com\/it\/servizi\/affittare-appartamento-a-new-york\/\">affitto case a New York<\/a> &#8212; <a style=\"text-decoration: none;\" href=\"http:\/\/miami.ravarealty.com\/\">affitto appartamenti arredati a Miami<\/a> &#8211;<a style=\"text-decoration: none;\" href=\"http:\/\/miami.ravarealty.com\/\"> alloggio a Miami<\/a> &#8211; <a style=\"text-decoration: none;\" href=\"http:\/\/miami.ravarealty.com\/\">locazione appartamenti di lusso a Miami<\/a> &#8211; <a style=\"text-decoration: none;\" href=\"http:\/\/miami.ravarealty.com\/\">affitto appartamenti a Miami<\/a> &#8211;<a style=\"text-decoration: none;\" href=\"http:\/\/miami.ravarealty.com\/\"> vendita appartamenti a Miami<\/a> &#8211; <a style=\"text-decoration: none;\" href=\"http:\/\/miami.ravarealty.com\/\">comprare case a Miami<\/a> &#8211; <a style=\"text-decoration: none;\" href=\"http:\/\/miami.ravarealty.com\/\">comprare appartamento a Miami <\/a>&#8211;<a style=\"text-decoration: none;\" href=\"http:\/\/miami.ravarealty.com\/\"> agenzie immobiliari Miami<\/a> &#8211;<a style=\"text-decoration: none;\" href=\"http:\/\/miami.ravarealty.com\/\">annunci immobiliari Miami <\/a>&#8211;<a style=\"text-decoration: none;\" href=\"http:\/\/miami.ravarealty.com\/\"> comprare palazzina a Miami<\/a> &#8211; <a style=\"text-decoration: none;\" href=\"http:\/\/miami.ravarealty.com\/\">appartamento a Miami<\/a> &#8211;<a style=\"text-decoration: none;\" href=\"http:\/\/miami.ravarealty.com\/\"> immobiliare a Miami<\/a> &#8211; <a style=\"text-decoration: none;\" href=\"http:\/\/miami.ravarealty.com\/\">immobili Miami<\/a> &#8211; <a style=\"text-decoration: none;\" href=\"http:\/\/miami.ravarealty.com\/\">case a Miami &#8211;<\/a><a style=\"text-decoration: none;\" href=\"http:\/\/miami.ravarealty.com\/\"> compra casa a Miami<\/a> &#8211; <a style=\"text-decoration: none;\" href=\"http:\/\/miami.ravarealty.com\/\">agente immobiliare a Miami<\/a> &#8211; <a style=\"text-decoration: none;\" href=\"http:\/\/miami.ravarealty.com\/\">agenzia immobiliare a Miami<\/a> &#8211;<a style=\"text-decoration: none;\" href=\"http:\/\/miami.ravarealty.com\/\"> annunci immobiliari Miami<\/a> &#8211;<a style=\"text-decoration: none;\" href=\"http:\/\/miami.ravarealty.com\/\"> investimento immobiliare a Miami<\/a> &#8211; <a style=\"text-decoration: none;\" href=\"http:\/\/miami.ravarealty.com\/\">affitto case a Miami<\/a><\/p>\n","protected":false},"excerpt":{"rendered":"<p>Sei alla ricerca di casa a New York e non vuoi pagare spese di commissione? Hai trovato i tuoi esperti locali! Se l&#8217;inglese non \u00e8 il tuo forte, non preoccuparti, il nostro team \u00e8 composto da agenti immobiliari, commercialisti ed avvocati che parlano correttamente la lingua italiana. Rava Realty \u00e8 specializzata in investimenti immobiliari a New York: dalle abitazioni private, agli immobili commerciali. Ti assistiamo nell\u2019acquisto accompagnandoti nella fase di selezione, negoziazione, rogito ed eventuale messa a reddito dell\u2019immobile. Esplora &#8230;<\/p>\n","protected":false},"author":1,"featured_media":0,"parent":0,"menu_order":0,"comment_status":"open","ping_status":"closed","template":"template-full-width.php","meta":{"_monsterinsights_skip_tracking":false,"_monsterinsights_sitenote_active":false,"_monsterinsights_sitenote_note":"","_monsterinsights_sitenote_category":0,"footnotes":""},"class_list":["post-1717","page","type-page","status-publish","hentry"],"yoast_head":"<!-- This site is optimized with the Yoast SEO plugin v27.2 - https:\/\/yoast.com\/product\/yoast-seo-wordpress\/ -->\n<title>Tutti gli immobili sul mercato a New York<\/title>\n<meta name=\"description\" content=\"Esplora il database utlizzando il motore di ricerca in questa pagina. In pochi secondi potrai visualizzare tutti gli immobili sul mercato a New York.\" \/>\n<meta name=\"robots\" content=\"index, follow, max-snippet:-1, max-image-preview:large, max-video-preview:-1\" \/>\n<link rel=\"canonical\" href=\"https:\/\/newyork.ravarealty.com\/search-all-nyc-properties\/\" \/>\n<meta property=\"og:locale\" content=\"it_IT\" \/>\n<meta property=\"og:type\" content=\"article\" \/>\n<meta property=\"og:title\" content=\"Tutti gli immobili sul mercato a New York\" \/>\n<meta property=\"og:description\" content=\"Esplora il database utlizzando il motore di ricerca in questa pagina. In pochi secondi potrai visualizzare tutti gli immobili sul mercato a New York.\" \/>\n<meta property=\"og:url\" content=\"https:\/\/newyork.ravarealty.com\/search-all-nyc-properties\/\" \/>\n<meta property=\"og:site_name\" content=\"Rava Realty\" \/>\n<meta property=\"article:modified_time\" content=\"2014-08-25T14:29:25+00:00\" \/>\n<meta name=\"twitter:label1\" content=\"Tempo di lettura stimato\" \/>\n\t<meta name=\"twitter:data1\" content=\"1 minuto\" \/>\n<script type=\"application\/ld+json\" class=\"yoast-schema-graph\">{\"@context\":\"https:\/\/schema.org\",\"@graph\":[{\"@type\":\"WebPage\",\"@id\":\"https:\/\/newyork.ravarealty.com\/search-all-nyc-properties\/\",\"url\":\"https:\/\/newyork.ravarealty.com\/search-all-nyc-properties\/\",\"name\":\"Tutti gli immobili sul mercato a New York\",\"isPartOf\":{\"@id\":\"https:\/\/newyork.ravarealty.com\/#website\"},\"datePublished\":\"2013-12-07T01:04:07+00:00\",\"dateModified\":\"2014-08-25T14:29:25+00:00\",\"description\":\"Esplora il database utlizzando il motore di ricerca in questa pagina. In pochi secondi potrai visualizzare tutti gli immobili sul mercato a New York.\",\"inLanguage\":\"it-IT\",\"potentialAction\":[{\"@type\":\"ReadAction\",\"target\":[\"https:\/\/newyork.ravarealty.com\/search-all-nyc-properties\/\"]}]},{\"@type\":\"WebSite\",\"@id\":\"https:\/\/newyork.ravarealty.com\/#website\",\"url\":\"https:\/\/newyork.ravarealty.com\/\",\"name\":\"Rava Realty\",\"description\":\"NYC Real Estate\",\"potentialAction\":[{\"@type\":\"SearchAction\",\"target\":{\"@type\":\"EntryPoint\",\"urlTemplate\":\"https:\/\/newyork.ravarealty.com\/?s={search_term_string}\"},\"query-input\":{\"@type\":\"PropertyValueSpecification\",\"valueRequired\":true,\"valueName\":\"search_term_string\"}}],\"inLanguage\":\"it-IT\"}]}<\/script>\n<!-- \/ Yoast SEO plugin. -->","yoast_head_json":{"title":"Tutti gli immobili sul mercato a New York","description":"Esplora il database utlizzando il motore di ricerca in questa pagina. In pochi secondi potrai visualizzare tutti gli immobili sul mercato a New York.","robots":{"index":"index","follow":"follow","max-snippet":"max-snippet:-1","max-image-preview":"max-image-preview:large","max-video-preview":"max-video-preview:-1"},"canonical":"https:\/\/newyork.ravarealty.com\/search-all-nyc-properties\/","og_locale":"it_IT","og_type":"article","og_title":"Tutti gli immobili sul mercato a New York","og_description":"Esplora il database utlizzando il motore di ricerca in questa pagina. In pochi secondi potrai visualizzare tutti gli immobili sul mercato a New York.","og_url":"https:\/\/newyork.ravarealty.com\/search-all-nyc-properties\/","og_site_name":"Rava Realty","article_modified_time":"2014-08-25T14:29:25+00:00","twitter_misc":{"Tempo di lettura stimato":"1 minuto"},"schema":{"@context":"https:\/\/schema.org","@graph":[{"@type":"WebPage","@id":"https:\/\/newyork.ravarealty.com\/search-all-nyc-properties\/","url":"https:\/\/newyork.ravarealty.com\/search-all-nyc-properties\/","name":"Tutti gli immobili sul mercato a New York","isPartOf":{"@id":"https:\/\/newyork.ravarealty.com\/#website"},"datePublished":"2013-12-07T01:04:07+00:00","dateModified":"2014-08-25T14:29:25+00:00","description":"Esplora il database utlizzando il motore di ricerca in questa pagina. In pochi secondi potrai visualizzare tutti gli immobili sul mercato a New York.","inLanguage":"it-IT","potentialAction":[{"@type":"ReadAction","target":["https:\/\/newyork.ravarealty.com\/search-all-nyc-properties\/"]}]},{"@type":"WebSite","@id":"https:\/\/newyork.ravarealty.com\/#website","url":"https:\/\/newyork.ravarealty.com\/","name":"Rava Realty","description":"NYC Real Estate","potentialAction":[{"@type":"SearchAction","target":{"@type":"EntryPoint","urlTemplate":"https:\/\/newyork.ravarealty.com\/?s={search_term_string}"},"query-input":{"@type":"PropertyValueSpecification","valueRequired":true,"valueName":"search_term_string"}}],"inLanguage":"it-IT"}]}},"_links":{"self":[{"href":"https:\/\/newyork.ravarealty.com\/it\/wp-json\/wp\/v2\/pages\/1717","targetHints":{"allow":["GET"]}}],"collection":[{"href":"https:\/\/newyork.ravarealty.com\/it\/wp-json\/wp\/v2\/pages"}],"about":[{"href":"https:\/\/newyork.ravarealty.com\/it\/wp-json\/wp\/v2\/types\/page"}],"author":[{"embeddable":true,"href":"https:\/\/newyork.ravarealty.com\/it\/wp-json\/wp\/v2\/users\/1"}],"replies":[{"embeddable":true,"href":"https:\/\/newyork.ravarealty.com\/it\/wp-json\/wp\/v2\/comments?post=1717"}],"version-history":[{"count":0,"href":"https:\/\/newyork.ravarealty.com\/it\/wp-json\/wp\/v2\/pages\/1717\/revisions"}],"wp:attachment":[{"href":"https:\/\/newyork.ravarealty.com\/it\/wp-json\/wp\/v2\/media?parent=1717"}],"curies":[{"name":"wp","href":"https:\/\/api.w.org\/{rel}","templated":true}]}}