{"id":1733,"date":"2013-10-25T20:21:58","date_gmt":"2013-10-25T20:21:58","guid":{"rendered":"http:\/\/newyork.ravarealty.com\/?page_id=1733"},"modified":"2025-01-29T07:35:33","modified_gmt":"2025-01-29T12:35:33","slug":"vendere-casa-a-new-york","status":"publish","type":"page","link":"https:\/\/newyork.ravarealty.com\/it\/servizi\/vendere-casa-a-new-york\/","title":{"rendered":"Vendere casa a New York"},"content":{"rendered":"<div class=\"wpb-content-wrapper\">[vc_row][vc_column][vc_column_text]\n<h2><strong>Vendere casa a New York<\/strong><\/h2>\n<p style=\"text-align: justify;\">Vendere casa a New York pu\u00f2 essere una esperienza stressante considerando tutti i fattori che vi entrano in gioco. Ma non lo deve necessariamente essere. Se il processo \u00e8 intrapreso nella maniera corretta, lo stesso pu\u00f2 diventare un progetto che da grandi soddisfazioni. Venendo al sodo: come si pu\u00f2 ottenere il prezzo pi\u00f9 alto per il proprio immobile? Visibilit\u00e0, visibilit\u00e0, visibilit\u00e0! Massima visibilit\u00e0 = prezzo massimo.<\/p>\n[\/vc_column_text][\/vc_column][\/vc_row][vc_row][vc_column width=&#8221;2\/3&#8243;][vc_column_text]\n<p style=\"text-align: justify;\">In altre parole, quante pi\u00f9 persone sanno che il vostro immobile \u00e8 in vendita, quante pi\u00f9 lo visiteranno e quante pi\u00f9 offerte riceverete, di conseguenza il valore del vostro immobile salir\u00e0.Nelle veste di intermediari immobiliari partecipanti al network globale (REBNY) vi promettiamo di condividere con l\u2019intero mercato le informazioni riguardanti il vostro immobile, dando pieno accesso a tutti gli agenti di tutte le agenzie della citt\u00e0 allo stesso. Questo \u00e8 il grande merito di un mercato organizzato come quello di New York.<\/p>\n<p style=\"text-align: justify;\">Siamo pronti a visitare il vostro immobile e a produrre un\u2019analisi sul suo valore a gratis. La nostra esperienza e strategia di marketing ci rendono leader nel settore.<\/p>\n[\/vc_column_text][\/vc_column][vc_column width=&#8221;1\/3&#8243;]<div class=\"shadow_img_frame shadow_portrait_thumb tt_animate_none true-img-none\"><div class=\"img-preload\"><img src='https:\/\/newyork.ravarealty.com\/wp-content\/uploads\/2013\/11\/\/Service3-275x355.jpg' alt='' class=\"attachment-fadeIn\" \/><\/div><\/div>[\/vc_column][\/vc_row][vc_row][vc_column][vc_column_text]\n<p style=\"text-align: justify;\">Quando comincerete il processo di vendita, sar\u00e0 imperativo avere al vostro fianco un team di esperti che vi possa seguire al meglio. Vi metteremo in contatto con personale qualificato: avvocati, esperti del finanziamento, periti, contabili ecc. per assistere voi e anche il potenziale compratore se necessario.<\/p>\n<p style=\"text-align: justify;\">Lavoriamo sodo per capire tutti i dettagli della transazione in maniera tale che tutto vada liscio.<\/p>\n<p style=\"text-align: justify;\">La nostra formula per il successo volta a determinare il corretto prezzo di listino include i seguenti elementi:<br \/>\n<strong>Ubicazione:<\/strong> un\u2019importantissima chiave del valore.<br \/>\n<strong>Competizione:<\/strong> i compratori paragoneranno il vostro immobile a quanto disponibile sul mercato.<br \/>\n<strong>Tempistica:<\/strong> dipende dalle condizioni di mercato.<br \/>\n<strong>Condizione dell\u2019immobile<\/strong><br \/>\n<strong>Prezzo finale:<\/strong> faremo del nostro meglio per consigliarvi il livello di prezzo che pu\u00f2 essere ottenuto ma \u00e8 importante ricordare che il mercato \u00e8 il giudice finale e che quindi ci possano naturalmente essere spesso delle variazioni (in ambo le direzioni) dalla nostra stima.<\/p>\n<p style=\"text-align: justify;\">I nostri consigli per fare in modo che la vostra casa spicchi nel gruppo di quelle in vendita:<br \/>\n<strong>Sbarazzatevi del superfluo:<\/strong> il ripulire l\u2019appartamento da oggetti che occupano troppo spazio lo render\u00e0 pi\u00f9 arioso e attraente.<br \/>\n<strong>Riparazioni:<\/strong> non siate pigri e prendetevi cura di riparare ci\u00f2 che non funziona correttamente altrimenti l\u2019acquirente se ne accorger\u00e0.<br \/>\n<strong>Pulizie:<\/strong> presentare una casa che profuma di pulito vi far\u00e0 guadagnare punti.<br \/>\n<strong>Rinfrescate:<\/strong> prima che l\u2019appartamento venga mostrato accertatevi di aprire le finestre, tirate su le veneziane e le tende, accendete le luci, fate i letti, mettete i vestiti nell\u2019armadio e spegnete il televisore.<br \/>\n<strong>Uscite:<\/strong> molti potenziali compratori saranno pi\u00f9 a loro agio nel discutere la loro opinione dell\u2019appartamento se il padrone non \u00e8 presente.<\/p>\n[\/vc_column_text]<div class=\"hr_shadow {$custom_css_class}\">&nbsp;<\/div>[vc_column_text]\n<p style=\"color: #222; font-size: 11px; text-align: justify;\"><strong>I quartieri di New York:<\/strong> <em><a style=\"text-decoration: none;\" title=\"Battery Park City\" href=\"http:\/\/newyork.ravarealty.com\/it\/quartieri\/battery-park-city\/\">Battery Park City<\/a> &#8211; <a style=\"text-decoration: none;\" title=\"Financial District (FiDi)\" href=\"http:\/\/newyork.ravarealty.com\/it\/quartieri\/financial-district-fidi\/\">Financial District<\/a> &#8211; <a style=\"text-decoration: none;\" title=\"Chinatown\" href=\"http:\/\/newyork.ravarealty.com\/it\/quartieri\/chinatown\/\">Chinatown<\/a> &#8211; <a style=\"text-decoration: none;\" title=\"Little Italy\" href=\"http:\/\/newyork.ravarealty.com\/it\/quartieri\/little-italy\/\">Little Italy<\/a> &#8211; <a style=\"text-decoration: none;\" title=\"Tribeca\" href=\"http:\/\/newyork.ravarealty.com\/it\/quartieri\/tribeca\/\">Tribeca<\/a> &#8211; <a style=\"text-decoration: none;\" title=\"SoHo and Nolita\" href=\"http:\/\/newyork.ravarealty.com\/it\/quartieri\/soho-and-nolita\/\">SoHo and Nolita<\/a> &#8211; <a style=\"text-decoration: none;\" title=\"Lower East Side (LES)\" href=\"http:\/\/newyork.ravarealty.com\/it\/quartieri\/lower-east-side-les\/\">Lower East Side<\/a> &#8211; <a style=\"text-decoration: none;\" title=\"East Village\" href=\"http:\/\/newyork.ravarealty.com\/it\/quartieri\/east-village\/\">East Village <\/a>&#8211; <a style=\"text-decoration: none;\" title=\"Greenwich Village\" href=\"http:\/\/newyork.ravarealty.com\/it\/quartieri\/greenwich-village\/\">Greenwich Village<\/a> &#8211; <a style=\"text-decoration: none;\" title=\"Chelsea\" href=\"http:\/\/newyork.ravarealty.com\/it\/quartieri\/chelsea\/\">Chelsea<\/a> &#8211;<a style=\"text-decoration: none;\" title=\"Gramercy and Flatiron\" href=\"http:\/\/newyork.ravarealty.com\/it\/quartieri\/gramercy-and-flatiron\/\"> Gramercy and Flatiron<\/a> &#8211; <a style=\"text-decoration: none;\" title=\"Garment District\" href=\"http:\/\/newyork.ravarealty.com\/it\/quartieri\/garment-district\/\">Garment District<\/a> &#8211; <a style=\"text-decoration: none;\" title=\"Murray Hill\" href=\"http:\/\/newyork.ravarealty.com\/it\/quartieri\/murray-hill\/\">Murray Hill<\/a> &#8211; <a style=\"text-decoration: none;\" title=\"Midtown East\" href=\"http:\/\/newyork.ravarealty.com\/it\/quartieri\/midtown-east\/\">Midtown East<\/a> &#8211; <a style=\"text-decoration: none;\" title=\"Midtown West\" href=\"http:\/\/newyork.ravarealty.com\/it\/quartieri\/midtown-west\/\">Midtown West<\/a> &#8211; <a style=\"text-decoration: none;\" title=\"Upper East Side\" href=\"http:\/\/newyork.ravarealty.com\/it\/quartieri\/upper-east-side\/\">Upper East Side<\/a> &#8211; <a style=\"text-decoration: none;\" title=\"Upper West Side\" href=\"http:\/\/newyork.ravarealty.com\/it\/quartieri\/upper-west-side\/\">Upper West Side<\/a> &#8211; <a style=\"text-decoration: none;\" title=\"East Harlem\" href=\"http:\/\/newyork.ravarealty.com\/it\/quartieri\/east-harlem\/\">East Harlem<\/a> &#8211; <a style=\"text-decoration: none;\" title=\"Harlem\" href=\"http:\/\/newyork.ravarealty.com\/it\/quartieri\/harlem\/\">Harlem<\/a> &#8211; <a style=\"text-decoration: none;\" title=\"The Heights\" href=\"http:\/\/newyork.ravarealty.com\/it\/quartieri\/the-heights\/\">The Heights<\/a><\/em><\/p>\n<p style=\"color: #222; font-size: 7px; text-align: justify;\"><a style=\"text-decoration: none;\" title=\"Affittare appartamento a New York\" href=\"http:\/\/newyork.ravarealty.com\/it\/servizi\/affittare-appartamento-a-new-york\/\">affitto appartamenti arredati a New York<\/a> &#8211; <a style=\"text-decoration: none;\" title=\"Affittare appartamento a New York\" href=\"http:\/\/newyork.ravarealty.com\/it\/servizi\/affittare-appartamento-a-new-york\/\">alloggio a New York<\/a> &#8211; <a style=\"text-decoration: none;\" title=\"Affittare appartamento a New York\" href=\"http:\/\/newyork.ravarealty.com\/it\/servizi\/affittare-appartamento-a-new-york\/\">locazione appartamenti di lusso a New York <\/a>&#8211; <a style=\"text-decoration: none;\" title=\"Affittare appartamento a New York\" href=\"http:\/\/newyork.ravarealty.com\/it\/servizi\/affittare-appartamento-a-new-york\/\">affitto appartamenti a New York<\/a> &#8211;<a style=\"text-decoration: none;\" title=\"Vendere casa a New York\" href=\"http:\/\/newyork.ravarealty.com\/it\/servizi\/vendere-casa-a-new-york\/\"> vendita appartamenti a New York<\/a> &#8211; <a style=\"text-decoration: none;\" title=\"Comprare casa a New York\" href=\"http:\/\/newyork.ravarealty.com\/it\/servizi\/comprare-casa-a-new-york\/\">comprare case a New York<\/a> &#8211; <a style=\"text-decoration: none;\" title=\"Comprare casa a New York\" href=\"http:\/\/newyork.ravarealty.com\/it\/servizi\/comprare-casa-a-new-york\/\">comprare appartamento a New York<\/a> &#8211;<a style=\"text-decoration: none;\" title=\"Home\" href=\"http:\/\/newyork.ravarealty.com\/it\/\"> agenzie immobiliari New York<\/a> &#8211;<a style=\"text-decoration: none;\" title=\"Esplora tutto il database\" href=\"http:\/\/newyork.ravarealty.com\/it\/cerca-le-propieta\/tutti-gli-immobili-sul-mercato-a-new-york\/\">annunci immobiliari New York<\/a> &#8211; <a style=\"text-decoration: none;\" title=\"Investimenti immobiliari a New York\" href=\"http:\/\/newyork.ravarealty.com\/it\/servizi\/investimenti-immobiliari-a-new-york\/\">comprare palazzina a New York<\/a> &#8211; <a style=\"text-decoration: none;\" title=\"Comprare casa a New York\" href=\"http:\/\/newyork.ravarealty.com\/it\/servizi\/comprare-casa-a-new-york\/\">appartamento a New York<\/a> &#8211; <a style=\"text-decoration: none;\" title=\"Home\" href=\"http:\/\/newyork.ravarealty.com\/it\/\">immobiliare a New York<\/a> &#8211; <a style=\"text-decoration: none;\" title=\"Esplora tutto il database\">immobili New York<\/a> &#8211; <a style=\"text-decoration: none;\" title=\"Esplora tutto il database\" href=\"http:\/\/newyork.ravarealty.com\/it\/cerca-le-propieta\/tutti-gli-immobili-sul-mercato-a-new-york\/\">case a New York<\/a> &#8211; <a style=\"text-decoration: none;\" title=\"Comprare casa a New York\" href=\"http:\/\/newyork.ravarealty.com\/it\/servizi\/comprare-casa-a-new-york\/\">compra casa a New York<\/a> &#8211; <a style=\"text-decoration: none;\" title=\"Chi siamo\" href=\"http:\/\/newyork.ravarealty.com\/it\/chi-siamo\/\">agente immobiliare a New York<\/a> &#8211;<a style=\"text-decoration: none;\" title=\"Chi siamo\" href=\"http:\/\/newyork.ravarealty.com\/it\/chi-siamo\/\"> agenzia immobiliare a New York<\/a> &#8211; <a style=\"text-decoration: none;\" title=\"In vetrina\" href=\"http:\/\/newyork.ravarealty.com\/it\/cerca-le-propieta\/in-vetrina\/\">annunci immobiliari New York <\/a>&#8211; <a style=\"text-decoration: none;\" title=\"Investimenti immobiliari a New York\" href=\"http:\/\/newyork.ravarealty.com\/it\/servizi\/investimenti-immobiliari-a-new-york\/\">investimento immobiliare a New York<\/a> &#8211; <a style=\"text-decoration: none;\" title=\"Affittare appartamento a New York\" href=\"http:\/\/newyork.ravarealty.com\/it\/servizi\/affittare-appartamento-a-new-york\/\">affitto case a New York<\/a> &#8212; <a style=\"text-decoration: none;\" href=\"http:\/\/miami.ravarealty.com\/\">affitto appartamenti arredati a Miami<\/a> &#8211;<a style=\"text-decoration: none;\" href=\"http:\/\/miami.ravarealty.com\/\"> alloggio a Miami<\/a> &#8211; <a style=\"text-decoration: none;\" href=\"http:\/\/miami.ravarealty.com\/\">locazione appartamenti di lusso a Miami<\/a> &#8211; <a style=\"text-decoration: none;\" href=\"http:\/\/miami.ravarealty.com\/\">affitto appartamenti a Miami<\/a> &#8211;<a style=\"text-decoration: none;\" href=\"http:\/\/miami.ravarealty.com\/\"> vendita appartamenti a Miami<\/a> &#8211; <a style=\"text-decoration: none;\" href=\"http:\/\/miami.ravarealty.com\/\">comprare case a Miami<\/a> &#8211; <a style=\"text-decoration: none;\" href=\"http:\/\/miami.ravarealty.com\/\">comprare appartamento a Miami <\/a>&#8211;<a style=\"text-decoration: none;\" href=\"http:\/\/miami.ravarealty.com\/\"> agenzie immobiliari Miami<\/a> &#8211;<a style=\"text-decoration: none;\" href=\"http:\/\/miami.ravarealty.com\/\">annunci immobiliari Miami <\/a>&#8211;<a style=\"text-decoration: none;\" href=\"http:\/\/miami.ravarealty.com\/\"> comprare palazzina a Miami<\/a> &#8211; <a style=\"text-decoration: none;\" href=\"http:\/\/miami.ravarealty.com\/\">appartamento a Miami<\/a> &#8211;<a style=\"text-decoration: none;\" href=\"http:\/\/miami.ravarealty.com\/\"> immobiliare a Miami<\/a> &#8211; <a style=\"text-decoration: none;\" href=\"http:\/\/miami.ravarealty.com\/\">immobili Miami<\/a> &#8211; <a style=\"text-decoration: none;\" href=\"http:\/\/miami.ravarealty.com\/\">case a Miami &#8211;<\/a><a style=\"text-decoration: none;\" href=\"http:\/\/miami.ravarealty.com\/\"> compra casa a Miami<\/a> &#8211; <a style=\"text-decoration: none;\" href=\"http:\/\/miami.ravarealty.com\/\">agente immobiliare a Miami<\/a> &#8211; <a style=\"text-decoration: none;\" href=\"http:\/\/miami.ravarealty.com\/\">agenzia immobiliare a Miami<\/a> &#8211;<a style=\"text-decoration: none;\" href=\"http:\/\/miami.ravarealty.com\/\"> annunci immobiliari Miami<\/a> &#8211;<a style=\"text-decoration: none;\" href=\"http:\/\/miami.ravarealty.com\/\"> investimento immobiliare a Miami<\/a> &#8211; <a style=\"text-decoration: none;\" href=\"http:\/\/miami.ravarealty.com\/\">affitto case a Miami<\/a><\/p>\n[\/vc_column_text][\/vc_column][\/vc_row]\n<\/div>","protected":false},"excerpt":{"rendered":"<p>[vc_row][vc_column][vc_column_text]<br \/>\nVendere casa a New York<br \/>\nVendere casa a New York pu\u00f2 essere una esperienza stressante considerando tutti i fattori che vi entrano in gioco. Ma non lo deve necessariamente essere. Se il processo \u00e8 intrapreso nella maniera corretta, lo stesso pu\u00f2 diventare un progetto che da grandi soddisfazioni. Venendo al sodo: come si pu\u00f2 ottenere il prezzo pi\u00f9 alto per il proprio immobile? Visibilit\u00e0, visibilit\u00e0, visibilit\u00e0! Massima visibilit\u00e0 = prezzo massimo.<br \/>\n[\/vc_column_text][\/vc_column][\/vc_row][vc_row][vc_column width=&#8221;2\/3&#8243;][vc_column_text]<br \/>\nIn altre parole, quante pi\u00f9 persone &#8230;<\/p>\n","protected":false},"author":1,"featured_media":0,"parent":1725,"menu_order":0,"comment_status":"closed","ping_status":"closed","template":"template-full-width.php","meta":{"_monsterinsights_skip_tracking":false,"_monsterinsights_sitenote_active":false,"_monsterinsights_sitenote_note":"","_monsterinsights_sitenote_category":0,"footnotes":""},"class_list":["post-1733","page","type-page","status-publish","hentry"],"yoast_head":"<!-- This site is optimized with the Yoast SEO plugin v27.2 - https:\/\/yoast.com\/product\/yoast-seo-wordpress\/ -->\n<title>Rava Realty - Sellers<\/title>\n<meta name=\"description\" content=\"Sellers How do you net the highest dollar value? Exposure, Exposure, Exposure! Selling your property can be a rewarding experience.\" \/>\n<meta name=\"robots\" content=\"index, follow, max-snippet:-1, max-image-preview:large, max-video-preview:-1\" \/>\n<link rel=\"canonical\" href=\"https:\/\/newyork.ravarealty.com\/it\/servizi\/vendere-casa-a-new-york\/\" \/>\n<meta property=\"og:locale\" content=\"it_IT\" \/>\n<meta property=\"og:type\" content=\"article\" \/>\n<meta property=\"og:title\" content=\"Rava Realty - Sellers\" \/>\n<meta property=\"og:description\" content=\"Sellers How do you net the highest dollar value? Exposure, Exposure, Exposure! Selling your property can be a rewarding experience.\" \/>\n<meta property=\"og:url\" content=\"https:\/\/newyork.ravarealty.com\/it\/servizi\/vendere-casa-a-new-york\/\" \/>\n<meta property=\"og:site_name\" content=\"Rava Realty\" \/>\n<meta property=\"article:modified_time\" content=\"2025-01-29T12:35:33+00:00\" \/>\n<meta name=\"twitter:label1\" content=\"Tempo di lettura stimato\" \/>\n\t<meta name=\"twitter:data1\" content=\"4 minuti\" \/>\n<script type=\"application\/ld+json\" class=\"yoast-schema-graph\">{\"@context\":\"https:\/\/schema.org\",\"@graph\":[{\"@type\":\"WebPage\",\"@id\":\"https:\/\/newyork.ravarealty.com\/it\/servizi\/vendere-casa-a-new-york\/\",\"url\":\"https:\/\/newyork.ravarealty.com\/it\/servizi\/vendere-casa-a-new-york\/\",\"name\":\"Rava Realty - Sellers\",\"isPartOf\":{\"@id\":\"https:\/\/newyork.ravarealty.com\/#website\"},\"datePublished\":\"2013-10-25T20:21:58+00:00\",\"dateModified\":\"2025-01-29T12:35:33+00:00\",\"description\":\"Sellers How do you net the highest dollar value? Exposure, Exposure, Exposure! Selling your property can be a rewarding experience.\",\"breadcrumb\":{\"@id\":\"https:\/\/newyork.ravarealty.com\/it\/servizi\/vendere-casa-a-new-york\/#breadcrumb\"},\"inLanguage\":\"it-IT\",\"potentialAction\":[{\"@type\":\"ReadAction\",\"target\":[\"https:\/\/newyork.ravarealty.com\/it\/servizi\/vendere-casa-a-new-york\/\"]}]},{\"@type\":\"BreadcrumbList\",\"@id\":\"https:\/\/newyork.ravarealty.com\/it\/servizi\/vendere-casa-a-new-york\/#breadcrumb\",\"itemListElement\":[{\"@type\":\"ListItem\",\"position\":1,\"name\":\"Servizi\",\"item\":\"https:\/\/newyork.ravarealty.com\/it\/servizi\/\"},{\"@type\":\"ListItem\",\"position\":2,\"name\":\"Vendere casa a New York\"}]},{\"@type\":\"WebSite\",\"@id\":\"https:\/\/newyork.ravarealty.com\/#website\",\"url\":\"https:\/\/newyork.ravarealty.com\/\",\"name\":\"Rava Realty\",\"description\":\"NYC Real Estate\",\"potentialAction\":[{\"@type\":\"SearchAction\",\"target\":{\"@type\":\"EntryPoint\",\"urlTemplate\":\"https:\/\/newyork.ravarealty.com\/?s={search_term_string}\"},\"query-input\":{\"@type\":\"PropertyValueSpecification\",\"valueRequired\":true,\"valueName\":\"search_term_string\"}}],\"inLanguage\":\"it-IT\"}]}<\/script>\n<!-- \/ Yoast SEO plugin. -->","yoast_head_json":{"title":"Rava Realty - Sellers","description":"Sellers How do you net the highest dollar value? Exposure, Exposure, Exposure! Selling your property can be a rewarding experience.","robots":{"index":"index","follow":"follow","max-snippet":"max-snippet:-1","max-image-preview":"max-image-preview:large","max-video-preview":"max-video-preview:-1"},"canonical":"https:\/\/newyork.ravarealty.com\/it\/servizi\/vendere-casa-a-new-york\/","og_locale":"it_IT","og_type":"article","og_title":"Rava Realty - Sellers","og_description":"Sellers How do you net the highest dollar value? Exposure, Exposure, Exposure! Selling your property can be a rewarding experience.","og_url":"https:\/\/newyork.ravarealty.com\/it\/servizi\/vendere-casa-a-new-york\/","og_site_name":"Rava Realty","article_modified_time":"2025-01-29T12:35:33+00:00","twitter_misc":{"Tempo di lettura stimato":"4 minuti"},"schema":{"@context":"https:\/\/schema.org","@graph":[{"@type":"WebPage","@id":"https:\/\/newyork.ravarealty.com\/it\/servizi\/vendere-casa-a-new-york\/","url":"https:\/\/newyork.ravarealty.com\/it\/servizi\/vendere-casa-a-new-york\/","name":"Rava Realty - Sellers","isPartOf":{"@id":"https:\/\/newyork.ravarealty.com\/#website"},"datePublished":"2013-10-25T20:21:58+00:00","dateModified":"2025-01-29T12:35:33+00:00","description":"Sellers How do you net the highest dollar value? Exposure, Exposure, Exposure! Selling your property can be a rewarding experience.","breadcrumb":{"@id":"https:\/\/newyork.ravarealty.com\/it\/servizi\/vendere-casa-a-new-york\/#breadcrumb"},"inLanguage":"it-IT","potentialAction":[{"@type":"ReadAction","target":["https:\/\/newyork.ravarealty.com\/it\/servizi\/vendere-casa-a-new-york\/"]}]},{"@type":"BreadcrumbList","@id":"https:\/\/newyork.ravarealty.com\/it\/servizi\/vendere-casa-a-new-york\/#breadcrumb","itemListElement":[{"@type":"ListItem","position":1,"name":"Servizi","item":"https:\/\/newyork.ravarealty.com\/it\/servizi\/"},{"@type":"ListItem","position":2,"name":"Vendere casa a New York"}]},{"@type":"WebSite","@id":"https:\/\/newyork.ravarealty.com\/#website","url":"https:\/\/newyork.ravarealty.com\/","name":"Rava Realty","description":"NYC Real Estate","potentialAction":[{"@type":"SearchAction","target":{"@type":"EntryPoint","urlTemplate":"https:\/\/newyork.ravarealty.com\/?s={search_term_string}"},"query-input":{"@type":"PropertyValueSpecification","valueRequired":true,"valueName":"search_term_string"}}],"inLanguage":"it-IT"}]}},"_links":{"self":[{"href":"https:\/\/newyork.ravarealty.com\/it\/wp-json\/wp\/v2\/pages\/1733","targetHints":{"allow":["GET"]}}],"collection":[{"href":"https:\/\/newyork.ravarealty.com\/it\/wp-json\/wp\/v2\/pages"}],"about":[{"href":"https:\/\/newyork.ravarealty.com\/it\/wp-json\/wp\/v2\/types\/page"}],"author":[{"embeddable":true,"href":"https:\/\/newyork.ravarealty.com\/it\/wp-json\/wp\/v2\/users\/1"}],"replies":[{"embeddable":true,"href":"https:\/\/newyork.ravarealty.com\/it\/wp-json\/wp\/v2\/comments?post=1733"}],"version-history":[{"count":3,"href":"https:\/\/newyork.ravarealty.com\/it\/wp-json\/wp\/v2\/pages\/1733\/revisions"}],"predecessor-version":[{"id":11744,"href":"https:\/\/newyork.ravarealty.com\/it\/wp-json\/wp\/v2\/pages\/1733\/revisions\/11744"}],"up":[{"embeddable":true,"href":"https:\/\/newyork.ravarealty.com\/it\/wp-json\/wp\/v2\/pages\/1725"}],"wp:attachment":[{"href":"https:\/\/newyork.ravarealty.com\/it\/wp-json\/wp\/v2\/media?parent=1733"}],"curies":[{"name":"wp","href":"https:\/\/api.w.org\/{rel}","templated":true}]}}