{"id":1834,"date":"2013-11-04T00:12:30","date_gmt":"2013-11-04T00:12:30","guid":{"rendered":"http:\/\/newyork.ravarealty.com\/?page_id=1834"},"modified":"2018-09-25T07:36:24","modified_gmt":"2018-09-25T12:36:24","slug":"chelsea","status":"publish","type":"page","link":"https:\/\/newyork.ravarealty.com\/it\/quartieri\/chelsea\/","title":{"rendered":"Chelsea"},"content":{"rendered":"<div class=\"wpb-content-wrapper\">[vc_row][vc_column][vc_column_text]\n<h3><b>Chelsea<\/b><\/h3>\n[\/vc_column_text][\/vc_column][\/vc_row][vc_row][vc_column width=&#8221;1\/2&#8243;][vc_column_text]\n<p style=\"text-align: justify;\">Situato nella parte ovest di Downtown, delimitato a sud dalla 14esima strada, a nord dalla 34esima strada, a est dalla Sesta Avenue e a ovest dal fiume Hudson, il quartiere di Chelsea \u00e8 diventato il centro artistico di New York. La zona verso il fiume ospita gallerie d\u2019arte d\u2019avanguardia, famose a livello internazionale, all\u2019interno di magazzini industriali ristrutturati e nuovi edifici e la high line, un popolare parco sopraelevato creato attraverso la riconversione di una linea ferroviaria in disuso che correva lungo il lato ovest di Manhattan.<\/p>\n[\/vc_column_text][\/vc_column][vc_column width=&#8221;1\/2&#8243;]<div class=\"shadow_img_frame shadow_two_col_small tt_animate_none true-img-none\"><div class=\"img-preload\"><img src='https:\/\/newyork.ravarealty.com\/wp-content\/uploads\/2013\/11\/\/CHpage-324x180.jpg' alt='' class=\"attachment-fadeIn\" \/><\/div><\/div>[\/vc_column][\/vc_row][vc_row][vc_column][vc_column_text]\n<p style=\"text-align: justify;\">Il pi\u00f9 estremo lato ovest di Chelsea, a ovest della Decima Avenue fra la 22esima e la 29esima strada, \u00e8 una delle zone a pi\u00f9 rapido sviluppo di New York, dove stanno sorgendo numerosi complessi abitativi. Verso est infatti il quartiere diventa soprattutto residenziale, con tanti negozi al dettaglio che rispecchiano la diversit\u00e0 sociale ed etnica della sua popolazione. Pi\u00f9 di recente, Chelsea ha acquisito fama anche come meta alternativa per lo shopping, grazie alla presenza di un Barneys Co-op, boutique di stilisti come Comme des Garcons e Balenciaga e alla sua vicinanza ai negozi di Alexander McQueen, Stella McCartney, Christian Louboutin. Per i buongustai, \u00e8 irrinunciabile un giro al Chelsea Market, il mercato interno pi\u00f9 \u201ccool\u201d di New York, al piano terra della ex fabbrica della Nabisco.<\/p>\n<p style=\"text-align: center;\"><iframe loading=\"lazy\" style=\"border: 0;\" src=\"https:\/\/www.google.com\/maps\/embed?pb=!1m18!1m12!1m3!1d12090.696007397473!2d-73.99832724999999!3d40.74719830000002!2m3!1f0!2f0!3f0!3m2!1i1024!2i768!4f13.1!3m3!1m2!1s0x89c259b082b8c8a7%3A0x2e54eb9ab02636f0!2sChelsea!5e0!3m2!1sen!2sus!4v1394807678373\" width=\"400\" height=\"300\" frameborder=\"0\"><\/iframe><\/p>\n[\/vc_column_text][\/vc_column][\/vc_row]\n<\/div>","protected":false},"excerpt":{"rendered":"<p>[vc_row][vc_column][vc_column_text]<br \/>\nChelsea<br \/>\n[\/vc_column_text][\/vc_column][\/vc_row][vc_row][vc_column width=&#8221;1\/2&#8243;][vc_column_text]<br \/>\nSituato nella parte ovest di Downtown, delimitato a sud dalla 14esima strada, a nord dalla 34esima strada, a est dalla Sesta Avenue e a ovest dal fiume Hudson, il quartiere di Chelsea \u00e8 diventato il centro artistico di New York. La zona verso il fiume ospita gallerie d\u2019arte d\u2019avanguardia, famose a livello internazionale, all\u2019interno di magazzini industriali ristrutturati e nuovi edifici e la high line, un popolare parco sopraelevato creato attraverso la riconversione di una linea &#8230;<\/p>\n","protected":false},"author":1,"featured_media":0,"parent":3670,"menu_order":0,"comment_status":"closed","ping_status":"closed","template":"template_rightnav.php","meta":{"_monsterinsights_skip_tracking":false,"_monsterinsights_sitenote_active":false,"_monsterinsights_sitenote_note":"","_monsterinsights_sitenote_category":0,"footnotes":""},"class_list":["post-1834","page","type-page","status-publish","hentry"],"yoast_head":"<!-- This site is optimized with the Yoast SEO plugin v27.2 - https:\/\/yoast.com\/product\/yoast-seo-wordpress\/ -->\n<title>Rava Realty - Chelsea<\/title>\n<meta name=\"description\" content=\"Chelsea Downtown on the West Side, from 14th Street to 34th Street, and from Sixth Avenue to the Hudson River\" \/>\n<meta name=\"robots\" content=\"index, follow, max-snippet:-1, max-image-preview:large, max-video-preview:-1\" \/>\n<link rel=\"canonical\" href=\"https:\/\/newyork.ravarealty.com\/it\/quartieri\/chelsea\/\" \/>\n<meta property=\"og:locale\" content=\"it_IT\" \/>\n<meta property=\"og:type\" content=\"article\" \/>\n<meta property=\"og:title\" content=\"Rava Realty - Chelsea\" \/>\n<meta property=\"og:description\" content=\"Chelsea Downtown on the West Side, from 14th Street to 34th Street, and from Sixth Avenue to the Hudson River\" \/>\n<meta property=\"og:url\" content=\"https:\/\/newyork.ravarealty.com\/it\/quartieri\/chelsea\/\" \/>\n<meta property=\"og:site_name\" content=\"Rava Realty\" \/>\n<meta property=\"article:modified_time\" content=\"2018-09-25T12:36:24+00:00\" \/>\n<meta name=\"twitter:label1\" content=\"Tempo di lettura stimato\" \/>\n\t<meta name=\"twitter:data1\" content=\"1 minuto\" \/>\n<script type=\"application\/ld+json\" class=\"yoast-schema-graph\">{\"@context\":\"https:\/\/schema.org\",\"@graph\":[{\"@type\":\"WebPage\",\"@id\":\"https:\/\/newyork.ravarealty.com\/it\/quartieri\/chelsea\/\",\"url\":\"https:\/\/newyork.ravarealty.com\/it\/quartieri\/chelsea\/\",\"name\":\"Rava Realty - Chelsea\",\"isPartOf\":{\"@id\":\"https:\/\/newyork.ravarealty.com\/#website\"},\"datePublished\":\"2013-11-04T00:12:30+00:00\",\"dateModified\":\"2018-09-25T12:36:24+00:00\",\"description\":\"Chelsea Downtown on the West Side, from 14th Street to 34th Street, and from Sixth Avenue to the Hudson River\",\"breadcrumb\":{\"@id\":\"https:\/\/newyork.ravarealty.com\/it\/quartieri\/chelsea\/#breadcrumb\"},\"inLanguage\":\"it-IT\",\"potentialAction\":[{\"@type\":\"ReadAction\",\"target\":[\"https:\/\/newyork.ravarealty.com\/it\/quartieri\/chelsea\/\"]}]},{\"@type\":\"BreadcrumbList\",\"@id\":\"https:\/\/newyork.ravarealty.com\/it\/quartieri\/chelsea\/#breadcrumb\",\"itemListElement\":[{\"@type\":\"ListItem\",\"position\":1,\"name\":\"Quartieri\",\"item\":\"https:\/\/newyork.ravarealty.com\/it\/quartieri\/\"},{\"@type\":\"ListItem\",\"position\":2,\"name\":\"Chelsea\"}]},{\"@type\":\"WebSite\",\"@id\":\"https:\/\/newyork.ravarealty.com\/#website\",\"url\":\"https:\/\/newyork.ravarealty.com\/\",\"name\":\"Rava Realty\",\"description\":\"NYC Real Estate\",\"potentialAction\":[{\"@type\":\"SearchAction\",\"target\":{\"@type\":\"EntryPoint\",\"urlTemplate\":\"https:\/\/newyork.ravarealty.com\/?s={search_term_string}\"},\"query-input\":{\"@type\":\"PropertyValueSpecification\",\"valueRequired\":true,\"valueName\":\"search_term_string\"}}],\"inLanguage\":\"it-IT\"}]}<\/script>\n<!-- \/ Yoast SEO plugin. -->","yoast_head_json":{"title":"Rava Realty - Chelsea","description":"Chelsea Downtown on the West Side, from 14th Street to 34th Street, and from Sixth Avenue to the Hudson River","robots":{"index":"index","follow":"follow","max-snippet":"max-snippet:-1","max-image-preview":"max-image-preview:large","max-video-preview":"max-video-preview:-1"},"canonical":"https:\/\/newyork.ravarealty.com\/it\/quartieri\/chelsea\/","og_locale":"it_IT","og_type":"article","og_title":"Rava Realty - Chelsea","og_description":"Chelsea Downtown on the West Side, from 14th Street to 34th Street, and from Sixth Avenue to the Hudson River","og_url":"https:\/\/newyork.ravarealty.com\/it\/quartieri\/chelsea\/","og_site_name":"Rava Realty","article_modified_time":"2018-09-25T12:36:24+00:00","twitter_misc":{"Tempo di lettura stimato":"1 minuto"},"schema":{"@context":"https:\/\/schema.org","@graph":[{"@type":"WebPage","@id":"https:\/\/newyork.ravarealty.com\/it\/quartieri\/chelsea\/","url":"https:\/\/newyork.ravarealty.com\/it\/quartieri\/chelsea\/","name":"Rava Realty - Chelsea","isPartOf":{"@id":"https:\/\/newyork.ravarealty.com\/#website"},"datePublished":"2013-11-04T00:12:30+00:00","dateModified":"2018-09-25T12:36:24+00:00","description":"Chelsea Downtown on the West Side, from 14th Street to 34th Street, and from Sixth Avenue to the Hudson River","breadcrumb":{"@id":"https:\/\/newyork.ravarealty.com\/it\/quartieri\/chelsea\/#breadcrumb"},"inLanguage":"it-IT","potentialAction":[{"@type":"ReadAction","target":["https:\/\/newyork.ravarealty.com\/it\/quartieri\/chelsea\/"]}]},{"@type":"BreadcrumbList","@id":"https:\/\/newyork.ravarealty.com\/it\/quartieri\/chelsea\/#breadcrumb","itemListElement":[{"@type":"ListItem","position":1,"name":"Quartieri","item":"https:\/\/newyork.ravarealty.com\/it\/quartieri\/"},{"@type":"ListItem","position":2,"name":"Chelsea"}]},{"@type":"WebSite","@id":"https:\/\/newyork.ravarealty.com\/#website","url":"https:\/\/newyork.ravarealty.com\/","name":"Rava Realty","description":"NYC Real Estate","potentialAction":[{"@type":"SearchAction","target":{"@type":"EntryPoint","urlTemplate":"https:\/\/newyork.ravarealty.com\/?s={search_term_string}"},"query-input":{"@type":"PropertyValueSpecification","valueRequired":true,"valueName":"search_term_string"}}],"inLanguage":"it-IT"}]}},"_links":{"self":[{"href":"https:\/\/newyork.ravarealty.com\/it\/wp-json\/wp\/v2\/pages\/1834","targetHints":{"allow":["GET"]}}],"collection":[{"href":"https:\/\/newyork.ravarealty.com\/it\/wp-json\/wp\/v2\/pages"}],"about":[{"href":"https:\/\/newyork.ravarealty.com\/it\/wp-json\/wp\/v2\/types\/page"}],"author":[{"embeddable":true,"href":"https:\/\/newyork.ravarealty.com\/it\/wp-json\/wp\/v2\/users\/1"}],"replies":[{"embeddable":true,"href":"https:\/\/newyork.ravarealty.com\/it\/wp-json\/wp\/v2\/comments?post=1834"}],"version-history":[{"count":0,"href":"https:\/\/newyork.ravarealty.com\/it\/wp-json\/wp\/v2\/pages\/1834\/revisions"}],"up":[{"embeddable":true,"href":"https:\/\/newyork.ravarealty.com\/it\/wp-json\/wp\/v2\/pages\/3670"}],"wp:attachment":[{"href":"https:\/\/newyork.ravarealty.com\/it\/wp-json\/wp\/v2\/media?parent=1834"}],"curies":[{"name":"wp","href":"https:\/\/api.w.org\/{rel}","templated":true}]}}