{"id":1844,"date":"2013-11-01T19:25:36","date_gmt":"2013-11-01T19:25:36","guid":{"rendered":"http:\/\/newyork.ravarealty.com\/?page_id=1844"},"modified":"2018-09-22T07:34:43","modified_gmt":"2018-09-22T12:34:43","slug":"financial-district-fidi","status":"publish","type":"page","link":"https:\/\/newyork.ravarealty.com\/it\/quartieri\/financial-district-fidi\/","title":{"rendered":"Financial District (FiDi)"},"content":{"rendered":"<div class=\"wpb-content-wrapper\">[vc_row][vc_column][vc_column_text]\n<h3><strong>Financial District (FiDi)<\/strong><\/h3>\n[\/vc_column_text][\/vc_column][\/vc_row][vc_row][vc_column width=&#8221;1\/2&#8243;][vc_column_text]\n<p style=\"text-align: justify;\">Il FiDi si estende dalla West Side Highway all\u2019East River, dalla punta sud di Manhattan al Brooklyn Bridge e Park Place. Anche chiamata in senso lato Downtown (o Lower) Manhattan \u00e8 storicamente il fulcro del business. Infatti il termine downtown ormai usato in tutta America \u00e8 di solito legato proprio alla storia di New York, esso cominci\u00f2 ad essere usato dopo l\u2019espansione a nord della citt\u00e0: downtown stava a significare l\u2019insediamento originale sulla punta dell\u2019isola mentre uptown la zona sviluppatasi dopo, verso nord (l\u2019unica lato disponibile allo sviluppo data la conformazione geografica dell\u2019isola).<\/p>\n[\/vc_column_text][\/vc_column][vc_column width=&#8221;1\/2&#8243;]<div class=\"shadow_img_frame shadow_two_col_small tt_animate_none true-img-none\"><div class=\"img-preload\"><img src='https:\/\/newyork.ravarealty.com\/wp-content\/uploads\/2013\/11\/\/FDIpage-324x180.jpg' alt='' class=\"attachment-fadeIn\" \/><\/div><\/div>[\/vc_column][\/vc_row][vc_row][vc_column][vc_column_text]\n<p style=\"text-align: justify;\">Il terrore generato dagli attacchi dell\u201911 settembre 2001 fu sorprendentemente superata, alla newyorchese, in breve tempo dato anche l\u2019aiuto dell\u2019amministrazione che si mosse subito per risollevare le sorti di FiDi. Venne subito proposto un nuovo piano per la ricostruzione di Groud Zero ed edifici dedicati ad uffici cominciarono ad essere trasformati in condomini di lusso. Questi presentano dei servizi di lusso come palestre, concierge, un computer che allerta con una email quando la biancheria \u00e8 tornata pulita dal lavasecco ecc. Altri presentano spazi comuni per l\u2019intrattenimento, sala cinema, lounge, terrazze con incredibili viste sulla baia, Manhattan, Brooklyn, New Jersey. Il distretto storico di South Street Seaport, vicino al Brooklyn Bridge, offre una fantastica variet\u00e0 di negozi, bar, ristoranti, concerti, gite in barcone, e altri attivit\u00e0 che attirano ogni giorno nuovi residenti in questa area una volta esclusivamente commerciale. Alcuni ristoranti pi\u00f9 interessanti della zona sono: Delmonico\u2019s, Cipriani e Bobby Van\u2019s Steakhouse.<\/p>\n<p style=\"text-align: center;\"><iframe loading=\"lazy\" style=\"border: 0;\" src=\"https:\/\/www.google.com\/maps\/embed?pb=!1m18!1m12!1m3!1d6049.092247453285!2d-74.00885699999995!3d40.7059927!2m3!1f0!2f0!3f0!3m2!1i1024!2i768!4f13.1!3m3!1m2!1s0x89c25a165bedccab%3A0x2cb2ddf003b5ae01!2sWall+St!5e0!3m2!1sen!2sus!4v1394805893618\" width=\"400\" height=\"300\" frameborder=\"0\"><\/iframe><\/p>\n[\/vc_column_text][\/vc_column][\/vc_row]\n<\/div>","protected":false},"excerpt":{"rendered":"<p>[vc_row][vc_column][vc_column_text]<br \/>\nFinancial District (FiDi)<br \/>\n[\/vc_column_text][\/vc_column][\/vc_row][vc_row][vc_column width=&#8221;1\/2&#8243;][vc_column_text]<br \/>\nIl FiDi si estende dalla West Side Highway all\u2019East River, dalla punta sud di Manhattan al Brooklyn Bridge e Park Place. Anche chiamata in senso lato Downtown (o Lower) Manhattan \u00e8 storicamente il fulcro del business. Infatti il termine downtown ormai usato in tutta America \u00e8 di solito legato proprio alla storia di New York, esso cominci\u00f2 ad essere usato dopo l\u2019espansione a nord della citt\u00e0: downtown stava a significare l\u2019insediamento originale sulla punta &#8230;<\/p>\n","protected":false},"author":1,"featured_media":0,"parent":3670,"menu_order":0,"comment_status":"closed","ping_status":"closed","template":"template_rightnav.php","meta":{"_monsterinsights_skip_tracking":false,"_monsterinsights_sitenote_active":false,"_monsterinsights_sitenote_note":"","_monsterinsights_sitenote_category":0,"footnotes":""},"class_list":["post-1844","page","type-page","status-publish","hentry"],"yoast_head":"<!-- This site is optimized with the Yoast SEO plugin v27.2 - https:\/\/yoast.com\/product\/yoast-seo-wordpress\/ -->\n<title>Rava Realty - Financial District (FiDi)<\/title>\n<meta name=\"description\" content=\"Financial District (FiDi) stretches from the West Side Highway to the East River, from the tip of Manhattan to the Brooklyn Bridge and Park Place.\" \/>\n<meta name=\"robots\" content=\"index, follow, max-snippet:-1, max-image-preview:large, max-video-preview:-1\" \/>\n<link rel=\"canonical\" href=\"https:\/\/newyork.ravarealty.com\/it\/quartieri\/financial-district-fidi\/\" \/>\n<meta property=\"og:locale\" content=\"it_IT\" \/>\n<meta property=\"og:type\" content=\"article\" \/>\n<meta property=\"og:title\" content=\"Rava Realty - Financial District (FiDi)\" \/>\n<meta property=\"og:description\" content=\"Financial District (FiDi) stretches from the West Side Highway to the East River, from the tip of Manhattan to the Brooklyn Bridge and Park Place.\" \/>\n<meta property=\"og:url\" content=\"https:\/\/newyork.ravarealty.com\/it\/quartieri\/financial-district-fidi\/\" \/>\n<meta property=\"og:site_name\" content=\"Rava Realty\" \/>\n<meta property=\"article:modified_time\" content=\"2018-09-22T12:34:43+00:00\" \/>\n<meta name=\"twitter:label1\" content=\"Tempo di lettura stimato\" \/>\n\t<meta name=\"twitter:data1\" content=\"2 minuti\" \/>\n<script type=\"application\/ld+json\" class=\"yoast-schema-graph\">{\"@context\":\"https:\/\/schema.org\",\"@graph\":[{\"@type\":\"WebPage\",\"@id\":\"https:\/\/newyork.ravarealty.com\/it\/quartieri\/financial-district-fidi\/\",\"url\":\"https:\/\/newyork.ravarealty.com\/it\/quartieri\/financial-district-fidi\/\",\"name\":\"Rava Realty - Financial District (FiDi)\",\"isPartOf\":{\"@id\":\"https:\/\/newyork.ravarealty.com\/#website\"},\"datePublished\":\"2013-11-01T19:25:36+00:00\",\"dateModified\":\"2018-09-22T12:34:43+00:00\",\"description\":\"Financial District (FiDi) stretches from the West Side Highway to the East River, from the tip of Manhattan to the Brooklyn Bridge and Park Place.\",\"breadcrumb\":{\"@id\":\"https:\/\/newyork.ravarealty.com\/it\/quartieri\/financial-district-fidi\/#breadcrumb\"},\"inLanguage\":\"it-IT\",\"potentialAction\":[{\"@type\":\"ReadAction\",\"target\":[\"https:\/\/newyork.ravarealty.com\/it\/quartieri\/financial-district-fidi\/\"]}]},{\"@type\":\"BreadcrumbList\",\"@id\":\"https:\/\/newyork.ravarealty.com\/it\/quartieri\/financial-district-fidi\/#breadcrumb\",\"itemListElement\":[{\"@type\":\"ListItem\",\"position\":1,\"name\":\"Quartieri\",\"item\":\"https:\/\/newyork.ravarealty.com\/it\/quartieri\/\"},{\"@type\":\"ListItem\",\"position\":2,\"name\":\"Financial District (FiDi)\"}]},{\"@type\":\"WebSite\",\"@id\":\"https:\/\/newyork.ravarealty.com\/#website\",\"url\":\"https:\/\/newyork.ravarealty.com\/\",\"name\":\"Rava Realty\",\"description\":\"NYC Real Estate\",\"potentialAction\":[{\"@type\":\"SearchAction\",\"target\":{\"@type\":\"EntryPoint\",\"urlTemplate\":\"https:\/\/newyork.ravarealty.com\/?s={search_term_string}\"},\"query-input\":{\"@type\":\"PropertyValueSpecification\",\"valueRequired\":true,\"valueName\":\"search_term_string\"}}],\"inLanguage\":\"it-IT\"}]}<\/script>\n<!-- \/ Yoast SEO plugin. -->","yoast_head_json":{"title":"Rava Realty - Financial District (FiDi)","description":"Financial District (FiDi) stretches from the West Side Highway to the East River, from the tip of Manhattan to the Brooklyn Bridge and Park Place.","robots":{"index":"index","follow":"follow","max-snippet":"max-snippet:-1","max-image-preview":"max-image-preview:large","max-video-preview":"max-video-preview:-1"},"canonical":"https:\/\/newyork.ravarealty.com\/it\/quartieri\/financial-district-fidi\/","og_locale":"it_IT","og_type":"article","og_title":"Rava Realty - Financial District (FiDi)","og_description":"Financial District (FiDi) stretches from the West Side Highway to the East River, from the tip of Manhattan to the Brooklyn Bridge and Park Place.","og_url":"https:\/\/newyork.ravarealty.com\/it\/quartieri\/financial-district-fidi\/","og_site_name":"Rava Realty","article_modified_time":"2018-09-22T12:34:43+00:00","twitter_misc":{"Tempo di lettura stimato":"2 minuti"},"schema":{"@context":"https:\/\/schema.org","@graph":[{"@type":"WebPage","@id":"https:\/\/newyork.ravarealty.com\/it\/quartieri\/financial-district-fidi\/","url":"https:\/\/newyork.ravarealty.com\/it\/quartieri\/financial-district-fidi\/","name":"Rava Realty - Financial District (FiDi)","isPartOf":{"@id":"https:\/\/newyork.ravarealty.com\/#website"},"datePublished":"2013-11-01T19:25:36+00:00","dateModified":"2018-09-22T12:34:43+00:00","description":"Financial District (FiDi) stretches from the West Side Highway to the East River, from the tip of Manhattan to the Brooklyn Bridge and Park Place.","breadcrumb":{"@id":"https:\/\/newyork.ravarealty.com\/it\/quartieri\/financial-district-fidi\/#breadcrumb"},"inLanguage":"it-IT","potentialAction":[{"@type":"ReadAction","target":["https:\/\/newyork.ravarealty.com\/it\/quartieri\/financial-district-fidi\/"]}]},{"@type":"BreadcrumbList","@id":"https:\/\/newyork.ravarealty.com\/it\/quartieri\/financial-district-fidi\/#breadcrumb","itemListElement":[{"@type":"ListItem","position":1,"name":"Quartieri","item":"https:\/\/newyork.ravarealty.com\/it\/quartieri\/"},{"@type":"ListItem","position":2,"name":"Financial District (FiDi)"}]},{"@type":"WebSite","@id":"https:\/\/newyork.ravarealty.com\/#website","url":"https:\/\/newyork.ravarealty.com\/","name":"Rava Realty","description":"NYC Real Estate","potentialAction":[{"@type":"SearchAction","target":{"@type":"EntryPoint","urlTemplate":"https:\/\/newyork.ravarealty.com\/?s={search_term_string}"},"query-input":{"@type":"PropertyValueSpecification","valueRequired":true,"valueName":"search_term_string"}}],"inLanguage":"it-IT"}]}},"_links":{"self":[{"href":"https:\/\/newyork.ravarealty.com\/it\/wp-json\/wp\/v2\/pages\/1844","targetHints":{"allow":["GET"]}}],"collection":[{"href":"https:\/\/newyork.ravarealty.com\/it\/wp-json\/wp\/v2\/pages"}],"about":[{"href":"https:\/\/newyork.ravarealty.com\/it\/wp-json\/wp\/v2\/types\/page"}],"author":[{"embeddable":true,"href":"https:\/\/newyork.ravarealty.com\/it\/wp-json\/wp\/v2\/users\/1"}],"replies":[{"embeddable":true,"href":"https:\/\/newyork.ravarealty.com\/it\/wp-json\/wp\/v2\/comments?post=1844"}],"version-history":[{"count":0,"href":"https:\/\/newyork.ravarealty.com\/it\/wp-json\/wp\/v2\/pages\/1844\/revisions"}],"up":[{"embeddable":true,"href":"https:\/\/newyork.ravarealty.com\/it\/wp-json\/wp\/v2\/pages\/3670"}],"wp:attachment":[{"href":"https:\/\/newyork.ravarealty.com\/it\/wp-json\/wp\/v2\/media?parent=1844"}],"curies":[{"name":"wp","href":"https:\/\/api.w.org\/{rel}","templated":true}]}}