{"id":1848,"date":"2013-11-04T00:23:40","date_gmt":"2013-11-04T00:23:40","guid":{"rendered":"http:\/\/newyork.ravarealty.com\/?page_id=1848"},"modified":"2018-09-25T07:56:34","modified_gmt":"2018-09-25T12:56:34","slug":"gramercy-and-flatiron","status":"publish","type":"page","link":"https:\/\/newyork.ravarealty.com\/it\/quartieri\/gramercy-and-flatiron\/","title":{"rendered":"Gramercy and Flatiron"},"content":{"rendered":"<div class=\"wpb-content-wrapper\">[vc_row][vc_column][vc_column_text]\n<h3><b>Gramercy and Flatiron<\/b><\/h3>\n[\/vc_column_text][\/vc_column][\/vc_row][vc_row][vc_column width=&#8221;1\/2&#8243;][vc_column_text]\n<p style=\"text-align: justify;\"><strong>Gramercy<\/strong> \u00e8 delimitato a sud dalla 14esima strada, a nord dalla 23esima strada, a ovest da Park Avenue South e a est dall\u2019East River ed e\u2019 noto soprattutto per il Gramercy Park, l\u2019unico parco privato di Manhattan, creato dal 1966 dalla New York City Landmarks Preservation Commission, a cui pu\u00f2 accedere solo chi vive nelle case immediatamente circostanti. Il quartiere attorno al parco \u00e8 molto ricercato in quanto di solito considerato come una zona tranquilla e residenziale.<\/p>\n[\/vc_column_text][\/vc_column][vc_column width=&#8221;1\/2&#8243;]<div class=\"shadow_img_frame shadow_two_col_small tt_animate_none true-img-none\"><div class=\"img-preload\"><img src='https:\/\/newyork.ravarealty.com\/wp-content\/themes\/karma\/framework\/extended\/timthumb\/timthumb.php?src=https:\/\/newyork.ravarealty.com\/wp-content\/uploads\/2018\/09\/GPpage-2.jpg&amp;h=180&amp;w=324' alt='' class=\"attachment-fadeIn\" \/><\/div><\/div>[\/vc_column][\/vc_row][vc_row][vc_column width=&#8221;1\/2&#8243;]<div class=\"shadow_img_frame shadow_two_col_small tt_animate_none true-img-none\"><div class=\"img-preload\"><img src='https:\/\/newyork.ravarealty.com\/wp-content\/uploads\/2013\/11\/\/flatiron-page-324x180.jpg' alt='' class=\"attachment-fadeIn\" \/><\/div><\/div>[\/vc_column][vc_column width=&#8221;1\/2&#8243;][vc_column_text]\n<p style=\"text-align: justify;\"><strong>Flatiron District<\/strong> situato un poco pi\u00f9 a ovest, fra la 14esima e la 24esima strada e tra Park Avenue South e la Sesta Avenue, \u00e8 famoso soprattutto per il grattacielo Flatiron, cosi chiamato per la sua forma a ferro da stiro, uno dei simboli pi\u00f9 iconici di New York e fra le mete preferite dei turisti. La zona \u00e8 inoltre arricchita dal parco di Madison Square che offre ai residenti numerose opportunit\u00e0 di svago, tra cui l\u2019area riservata agli amici a quattro zampe che si chiama Jemmy\u2019s Dog Run e concerti-evento.<\/p>\n[\/vc_column_text][\/vc_column][\/vc_row][vc_row][vc_column][vc_column_text]\n<p style=\"text-align: justify;\">Il vicino Shake Shack serve popolari hamburger e frapp\u00e8 dentro il parco, e Eataly offre un\u2019altre divertente alternativa dove mangiare: chi non ama la cucina il caff\u00e8 e il gelato italiani? Molto popolare fra i newyorchesi anche il Farmers Market di Union Square che si tiene tre volte alla settimana.<\/p>\n<p style=\"text-align: center;\"><iframe loading=\"lazy\" style=\"border: 0;\" src=\"https:\/\/www.google.com\/maps\/embed?pb=!1m18!1m12!1m3!1d6045.858785142406!2d-73.98876784999999!3d40.74157914999999!2m3!1f0!2f0!3f0!3m2!1i1024!2i768!4f13.1!3m3!1m2!1s0x89c259a2554a6a5b%3A0xe6b006f94fb1dcd4!2sFlatiron+District!5e0!3m2!1sen!2sus!4v1394807803080\" width=\"400\" height=\"300\" frameborder=\"0\"><\/iframe><\/p>\n[\/vc_column_text][\/vc_column][\/vc_row]\n<\/div>","protected":false},"excerpt":{"rendered":"<p>[vc_row][vc_column][vc_column_text]<br \/>\nGramercy and Flatiron<br \/>\n[\/vc_column_text][\/vc_column][\/vc_row][vc_row][vc_column width=&#8221;1\/2&#8243;][vc_column_text]<br \/>\nGramercy \u00e8 delimitato a sud dalla 14esima strada, a nord dalla 23esima strada, a ovest da Park Avenue South e a est dall\u2019East River ed e\u2019 noto soprattutto per il Gramercy Park, l\u2019unico parco privato di Manhattan, creato dal 1966 dalla New York City Landmarks Preservation Commission, a cui pu\u00f2 accedere solo chi vive nelle case immediatamente circostanti. Il quartiere attorno al parco \u00e8 molto ricercato in quanto di solito considerato come una zona &#8230;<\/p>\n","protected":false},"author":1,"featured_media":0,"parent":3670,"menu_order":0,"comment_status":"closed","ping_status":"closed","template":"template_rightnav.php","meta":{"_monsterinsights_skip_tracking":false,"_monsterinsights_sitenote_active":false,"_monsterinsights_sitenote_note":"","_monsterinsights_sitenote_category":0,"footnotes":""},"class_list":["post-1848","page","type-page","status-publish","hentry"],"yoast_head":"<!-- This site is optimized with the Yoast SEO plugin v27.2 - https:\/\/yoast.com\/product\/yoast-seo-wordpress\/ -->\n<title>Rava Realty - Gramercy and Flatiron<\/title>\n<meta name=\"description\" content=\"Gramercy is bordered between 14th St to 23rd St, most known for Gramercy Park. Flatiron District is on the West Side, from 14th St to 24th St is most known for the Flatiron building\" \/>\n<meta name=\"robots\" content=\"index, follow, max-snippet:-1, max-image-preview:large, max-video-preview:-1\" \/>\n<link rel=\"canonical\" href=\"https:\/\/newyork.ravarealty.com\/neighborhoods\/gramercy-and-flatiron\/\" \/>\n<meta property=\"og:locale\" content=\"it_IT\" \/>\n<meta property=\"og:type\" content=\"article\" \/>\n<meta property=\"og:title\" content=\"Rava Realty - Gramercy and Flatiron\" \/>\n<meta property=\"og:description\" content=\"Gramercy is bordered between 14th St to 23rd St, most known for Gramercy Park. Flatiron District is on the West Side, from 14th St to 24th St is most known for the Flatiron building\" \/>\n<meta property=\"og:url\" content=\"https:\/\/newyork.ravarealty.com\/neighborhoods\/gramercy-and-flatiron\/\" \/>\n<meta property=\"og:site_name\" content=\"Rava Realty\" \/>\n<meta property=\"article:modified_time\" content=\"2018-09-25T12:56:34+00:00\" \/>\n<meta name=\"twitter:label1\" content=\"Tempo di lettura stimato\" \/>\n\t<meta name=\"twitter:data1\" content=\"2 minuti\" \/>\n<script type=\"application\/ld+json\" class=\"yoast-schema-graph\">{\"@context\":\"https:\/\/schema.org\",\"@graph\":[{\"@type\":\"WebPage\",\"@id\":\"https:\/\/newyork.ravarealty.com\/neighborhoods\/gramercy-and-flatiron\/\",\"url\":\"https:\/\/newyork.ravarealty.com\/neighborhoods\/gramercy-and-flatiron\/\",\"name\":\"Rava Realty - Gramercy and Flatiron\",\"isPartOf\":{\"@id\":\"https:\/\/newyork.ravarealty.com\/#website\"},\"datePublished\":\"2013-11-04T00:23:40+00:00\",\"dateModified\":\"2018-09-25T12:56:34+00:00\",\"description\":\"Gramercy is bordered between 14th St to 23rd St, most known for Gramercy Park. Flatiron District is on the West Side, from 14th St to 24th St is most known for the Flatiron building\",\"breadcrumb\":{\"@id\":\"https:\/\/newyork.ravarealty.com\/neighborhoods\/gramercy-and-flatiron\/#breadcrumb\"},\"inLanguage\":\"it-IT\",\"potentialAction\":[{\"@type\":\"ReadAction\",\"target\":[\"https:\/\/newyork.ravarealty.com\/neighborhoods\/gramercy-and-flatiron\/\"]}]},{\"@type\":\"BreadcrumbList\",\"@id\":\"https:\/\/newyork.ravarealty.com\/neighborhoods\/gramercy-and-flatiron\/#breadcrumb\",\"itemListElement\":[{\"@type\":\"ListItem\",\"position\":1,\"name\":\"Quartieri\",\"item\":\"https:\/\/newyork.ravarealty.com\/it\/quartieri\/\"},{\"@type\":\"ListItem\",\"position\":2,\"name\":\"Gramercy and Flatiron\"}]},{\"@type\":\"WebSite\",\"@id\":\"https:\/\/newyork.ravarealty.com\/#website\",\"url\":\"https:\/\/newyork.ravarealty.com\/\",\"name\":\"Rava Realty\",\"description\":\"NYC Real Estate\",\"potentialAction\":[{\"@type\":\"SearchAction\",\"target\":{\"@type\":\"EntryPoint\",\"urlTemplate\":\"https:\/\/newyork.ravarealty.com\/?s={search_term_string}\"},\"query-input\":{\"@type\":\"PropertyValueSpecification\",\"valueRequired\":true,\"valueName\":\"search_term_string\"}}],\"inLanguage\":\"it-IT\"}]}<\/script>\n<!-- \/ Yoast SEO plugin. -->","yoast_head_json":{"title":"Rava Realty - Gramercy and Flatiron","description":"Gramercy is bordered between 14th St to 23rd St, most known for Gramercy Park. Flatiron District is on the West Side, from 14th St to 24th St is most known for the Flatiron building","robots":{"index":"index","follow":"follow","max-snippet":"max-snippet:-1","max-image-preview":"max-image-preview:large","max-video-preview":"max-video-preview:-1"},"canonical":"https:\/\/newyork.ravarealty.com\/neighborhoods\/gramercy-and-flatiron\/","og_locale":"it_IT","og_type":"article","og_title":"Rava Realty - Gramercy and Flatiron","og_description":"Gramercy is bordered between 14th St to 23rd St, most known for Gramercy Park. Flatiron District is on the West Side, from 14th St to 24th St is most known for the Flatiron building","og_url":"https:\/\/newyork.ravarealty.com\/neighborhoods\/gramercy-and-flatiron\/","og_site_name":"Rava Realty","article_modified_time":"2018-09-25T12:56:34+00:00","twitter_misc":{"Tempo di lettura stimato":"2 minuti"},"schema":{"@context":"https:\/\/schema.org","@graph":[{"@type":"WebPage","@id":"https:\/\/newyork.ravarealty.com\/neighborhoods\/gramercy-and-flatiron\/","url":"https:\/\/newyork.ravarealty.com\/neighborhoods\/gramercy-and-flatiron\/","name":"Rava Realty - Gramercy and Flatiron","isPartOf":{"@id":"https:\/\/newyork.ravarealty.com\/#website"},"datePublished":"2013-11-04T00:23:40+00:00","dateModified":"2018-09-25T12:56:34+00:00","description":"Gramercy is bordered between 14th St to 23rd St, most known for Gramercy Park. Flatiron District is on the West Side, from 14th St to 24th St is most known for the Flatiron building","breadcrumb":{"@id":"https:\/\/newyork.ravarealty.com\/neighborhoods\/gramercy-and-flatiron\/#breadcrumb"},"inLanguage":"it-IT","potentialAction":[{"@type":"ReadAction","target":["https:\/\/newyork.ravarealty.com\/neighborhoods\/gramercy-and-flatiron\/"]}]},{"@type":"BreadcrumbList","@id":"https:\/\/newyork.ravarealty.com\/neighborhoods\/gramercy-and-flatiron\/#breadcrumb","itemListElement":[{"@type":"ListItem","position":1,"name":"Quartieri","item":"https:\/\/newyork.ravarealty.com\/it\/quartieri\/"},{"@type":"ListItem","position":2,"name":"Gramercy and Flatiron"}]},{"@type":"WebSite","@id":"https:\/\/newyork.ravarealty.com\/#website","url":"https:\/\/newyork.ravarealty.com\/","name":"Rava Realty","description":"NYC Real Estate","potentialAction":[{"@type":"SearchAction","target":{"@type":"EntryPoint","urlTemplate":"https:\/\/newyork.ravarealty.com\/?s={search_term_string}"},"query-input":{"@type":"PropertyValueSpecification","valueRequired":true,"valueName":"search_term_string"}}],"inLanguage":"it-IT"}]}},"_links":{"self":[{"href":"https:\/\/newyork.ravarealty.com\/it\/wp-json\/wp\/v2\/pages\/1848","targetHints":{"allow":["GET"]}}],"collection":[{"href":"https:\/\/newyork.ravarealty.com\/it\/wp-json\/wp\/v2\/pages"}],"about":[{"href":"https:\/\/newyork.ravarealty.com\/it\/wp-json\/wp\/v2\/types\/page"}],"author":[{"embeddable":true,"href":"https:\/\/newyork.ravarealty.com\/it\/wp-json\/wp\/v2\/users\/1"}],"replies":[{"embeddable":true,"href":"https:\/\/newyork.ravarealty.com\/it\/wp-json\/wp\/v2\/comments?post=1848"}],"version-history":[{"count":0,"href":"https:\/\/newyork.ravarealty.com\/it\/wp-json\/wp\/v2\/pages\/1848\/revisions"}],"up":[{"embeddable":true,"href":"https:\/\/newyork.ravarealty.com\/it\/wp-json\/wp\/v2\/pages\/3670"}],"wp:attachment":[{"href":"https:\/\/newyork.ravarealty.com\/it\/wp-json\/wp\/v2\/media?parent=1848"}],"curies":[{"name":"wp","href":"https:\/\/api.w.org\/{rel}","templated":true}]}}