{"id":1850,"date":"2013-11-04T02:25:32","date_gmt":"2013-11-04T02:25:32","guid":{"rendered":"http:\/\/newyork.ravarealty.com\/?page_id=1850"},"modified":"2018-09-25T06:33:17","modified_gmt":"2018-09-25T11:33:17","slug":"west-village-greenwich-village-and-meatpacking-district","status":"publish","type":"page","link":"https:\/\/newyork.ravarealty.com\/it\/quartieri\/west-village-greenwich-village-and-meatpacking-district\/","title":{"rendered":"Greenwich Village"},"content":{"rendered":"<div class=\"wpb-content-wrapper\">[vc_row][vc_column][vc_column_text]\n<h3><b>Greenwich Village<\/b><\/h3>\n[\/vc_column_text][\/vc_column][\/vc_row][vc_row][vc_column width=&#8221;1\/2&#8243;][vc_column_text]\n<p style=\"text-align: justify;\"><strong>Il West Village<\/strong> \u00e8 la parte pi\u00f9 occidentale e antica del Greenwich Village, che si estende verso sud dalla 14esima a Houston Street, delimitata a ovest dal fiume Hudson e a Est dalla Sesta Avenue. Noto a partire dal 1916 come \u201cLittle Bohemia\u201d, il West Village \u00e8 per certi versi il cuore dello stile di vita Bohemien del West Side, con i suoi classici loft di artisti, come la Westbeth Artist Community e il Palazzo Chupi di Julian Schnabel, ma anche il luogo in cui sorgono le nuove eleganti torri residenziali al 173\/176 di Perry Street, affacciate al fiume Hudson, progettate dall\u2019architetto americano Richard Meier.La parte storica del quartiere \u00e8 collegata alle galleria d\u2019arte di Chelsea dalla High Line, una vecchia ferrovia sopraelevata che corre verso nord parallela alla 10th Avenue, utilizzata in passato dalle attivit\u00e0 commerciali presenti in zona ma da tempo in disuso, trasformata in un frequentato parco pubblico lineare.<\/p>\n[\/vc_column_text][\/vc_column][vc_column width=&#8221;1\/2&#8243;]<div class=\"shadow_img_frame shadow_portrait_thumb tt_animate_none true-img-none\"><div class=\"img-preload\"><img src='https:\/\/newyork.ravarealty.com\/wp-content\/uploads\/2013\/11\/\/west-village-page-275x355.jpg' alt='' class=\"attachment-fadeIn\" \/><\/div><\/div>[\/vc_column][\/vc_row][vc_row][vc_column][vc_column_text]\n<p style=\"text-align: justify;\">Il West Village si distingue per le sue strade \u201cfuori griglia\u201d, ossia oblique rispetto alle altre strade del reticolato di Manhattan che a volte confondo turisti e newyorchesi in egual misura. Questa maglia stradale, pi\u00f9 o meno parallela al fiume Hudson fu studiata nel \u2018700, molto prima del piano urbanistico del 1811 che introdusse la famosa griglia ortogonale per le successive parti della citt\u00e0.<\/p>\n[\/vc_column_text][\/vc_column][\/vc_row][vc_row][vc_column width=&#8221;1\/2&#8243;]<div class=\"shadow_img_frame shadow_two_col_small tt_animate_none true-img-none\"><div class=\"img-preload\"><img src='https:\/\/newyork.ravarealty.com\/wp-content\/uploads\/2013\/11\/\/meatpacking-page-324x180.jpg' alt='' class=\"attachment-fadeIn\" \/><\/div><\/div>[\/vc_column][vc_column width=&#8221;1\/2&#8243;][vc_column_text]\n<p style=\"text-align: justify;\">L\u2019estremit\u00e0 settentrionale del West Village \u00e8 nota come <strong>Meatpacking District<\/strong> (o Gansevoort Historic District), ed \u00e8 piena di boutique alla moda, night clubs, ristoranti e hotel, tra cui spiccano l\u2019Hotel Standard, la Brasserie Beumarchais e Spice Market.<\/p>\n[\/vc_column_text][\/vc_column][\/vc_row][vc_row][vc_column width=&#8221;1\/2&#8243;][vc_column_text]\n<p style=\"text-align: justify;\"><strong>Il Greenwich Village<\/strong> chiamato confidenzialmente dai newyorchesi \u201cthe village\u201d \u00e8 un quartire in larga parte residenziale situato nella zona ovest di Lower Manhattan. Il quartiere, \u00e8 oggi abitato in gran maggioranza da famiglie di classe medio-alta ma tra fine \u2018800 e met\u00e0 \u2018900 era noto come il paradiso degli artisti, la capitale Bohemien, la culla sulla costa orientale del movimento Beat. Tuttavia proprio ci\u00f2 che rappresent\u00f2 il motivo di attrazione iniziale di questa zona della citt\u00e0 fin\u00ec per contribuire al suo imborghesimento e alla sua commercializzazione. Il nome \u201cgreenwich\u201d fu all\u2019epoca ricavato dalla anglicizzazione del nome olandese \u201cGroenwijck\u201d, che significa \u201cdistretto dei pini\u201d, una zona di Londra.Il quartiere si estende da Broadway all\u2019Hudson River (est-ovest) e da Houston Street e la 14esima Strada (sud-nord). Il suo centro \u00e8 pi\u00f9 o meno Washington Square. Il village ospit\u00f2 il primo locale dove diverse razze (a parte la bianca) erano benvenute: Caf\u00e8 Society.<\/p>\n[\/vc_column_text][\/vc_column][vc_column width=&#8221;1\/2&#8243;]<div class=\"shadow_img_frame shadow_portrait_thumb tt_animate_none true-img-none\"><div class=\"img-preload\"><img src='https:\/\/newyork.ravarealty.com\/wp-content\/uploads\/2013\/11\/\/greenwich-village-page-275x355.jpg' alt='' class=\"attachment-fadeIn\" \/><\/div><\/div>[\/vc_column][\/vc_row][vc_row][vc_column][vc_column_text]\n<p style=\"text-align: justify;\">Altri importanti centri musicali del passato e del presente sono: The Village Gate, il Village Vanguard e il Blue Note. Altri piccoli parchi, a parte il pi\u00f9 grande Washington Square Park, includono: Father Fagan, Minetta Triangle, Petrosino Square, Little Red Square e Time Landcape. I prezzi degli appartamenti rimangono qui stabili (alti) e in salita nonostante le fluttuazioni economiche. Il futuro \u00e8 sempre pi\u00f9 roseo con lo sviluppo della High Line e l\u2019estremit\u00e0 ovest sull\u2019Hudson River.<\/p>\n<p style=\"text-align: center;\"><iframe loading=\"lazy\" style=\"border: 0;\" src=\"https:\/\/www.google.com\/maps\/embed?pb=!1m18!1m12!1m3!1d12093.141417599945!2d-74.00080560000004!3d40.73374614999996!2m3!1f0!2f0!3f0!3m2!1i1024!2i768!4f13.1!3m3!1m2!1s0x89c259940c3213a7%3A0x8882c42182df455f!2sGreenwich+Village!5e0!3m2!1sen!2sus!4v1394807563720\" width=\"400\" height=\"300\" frameborder=\"0\"><\/iframe><\/p>\n[\/vc_column_text][\/vc_column][\/vc_row]\n<\/div>","protected":false},"excerpt":{"rendered":"<p>[vc_row][vc_column][vc_column_text]<br \/>\nGreenwich Village<br \/>\n[\/vc_column_text][\/vc_column][\/vc_row][vc_row][vc_column width=&#8221;1\/2&#8243;][vc_column_text]<br \/>\nIl West Village \u00e8 la parte pi\u00f9 occidentale e antica del Greenwich Village, che si estende verso sud dalla 14esima a Houston Street, delimitata a ovest dal fiume Hudson e a Est dalla Sesta Avenue. Noto a partire dal 1916 come \u201cLittle Bohemia\u201d, il West Village \u00e8 per certi versi il cuore dello stile di vita Bohemien del West Side, con i suoi classici loft di artisti, come la Westbeth Artist Community e il Palazzo &#8230;<\/p>\n","protected":false},"author":1,"featured_media":0,"parent":3670,"menu_order":0,"comment_status":"closed","ping_status":"closed","template":"template_rightnav.php","meta":{"_monsterinsights_skip_tracking":false,"_monsterinsights_sitenote_active":false,"_monsterinsights_sitenote_note":"","_monsterinsights_sitenote_category":0,"footnotes":""},"class_list":["post-1850","page","type-page","status-publish","hentry"],"yoast_head":"<!-- This site is optimized with the Yoast SEO plugin v27.2 - https:\/\/yoast.com\/product\/yoast-seo-wordpress\/ -->\n<title>Rava Realty - Greenwich Village<\/title>\n<meta name=\"description\" content=\"Greenwich Village or simply &quot;the Village&quot;, is a largely residential neighborhood on the west side of Lower Manhattan. The Meatpacking District and The West Village\" \/>\n<meta name=\"robots\" content=\"index, follow, max-snippet:-1, max-image-preview:large, max-video-preview:-1\" \/>\n<link rel=\"canonical\" href=\"https:\/\/newyork.ravarealty.com\/it\/quartieri\/west-village-greenwich-village-and-meatpacking-district\/\" \/>\n<meta property=\"og:locale\" content=\"it_IT\" \/>\n<meta property=\"og:type\" content=\"article\" \/>\n<meta property=\"og:title\" content=\"Rava Realty - Greenwich Village\" \/>\n<meta property=\"og:description\" content=\"Greenwich Village or simply &quot;the Village&quot;, is a largely residential neighborhood on the west side of Lower Manhattan. The Meatpacking District and The West Village\" \/>\n<meta property=\"og:url\" content=\"https:\/\/newyork.ravarealty.com\/it\/quartieri\/west-village-greenwich-village-and-meatpacking-district\/\" \/>\n<meta property=\"og:site_name\" content=\"Rava Realty\" \/>\n<meta property=\"article:modified_time\" content=\"2018-09-25T11:33:17+00:00\" \/>\n<meta name=\"twitter:label1\" content=\"Tempo di lettura stimato\" \/>\n\t<meta name=\"twitter:data1\" content=\"3 minuti\" \/>\n<script type=\"application\/ld+json\" class=\"yoast-schema-graph\">{\"@context\":\"https:\/\/schema.org\",\"@graph\":[{\"@type\":\"WebPage\",\"@id\":\"https:\/\/newyork.ravarealty.com\/it\/quartieri\/west-village-greenwich-village-and-meatpacking-district\/\",\"url\":\"https:\/\/newyork.ravarealty.com\/it\/quartieri\/west-village-greenwich-village-and-meatpacking-district\/\",\"name\":\"Rava Realty - Greenwich Village\",\"isPartOf\":{\"@id\":\"https:\/\/newyork.ravarealty.com\/#website\"},\"datePublished\":\"2013-11-04T02:25:32+00:00\",\"dateModified\":\"2018-09-25T11:33:17+00:00\",\"description\":\"Greenwich Village or simply \\\"the Village\\\", is a largely residential neighborhood on the west side of Lower Manhattan. The Meatpacking District and The West Village\",\"breadcrumb\":{\"@id\":\"https:\/\/newyork.ravarealty.com\/it\/quartieri\/west-village-greenwich-village-and-meatpacking-district\/#breadcrumb\"},\"inLanguage\":\"it-IT\",\"potentialAction\":[{\"@type\":\"ReadAction\",\"target\":[\"https:\/\/newyork.ravarealty.com\/it\/quartieri\/west-village-greenwich-village-and-meatpacking-district\/\"]}]},{\"@type\":\"BreadcrumbList\",\"@id\":\"https:\/\/newyork.ravarealty.com\/it\/quartieri\/west-village-greenwich-village-and-meatpacking-district\/#breadcrumb\",\"itemListElement\":[{\"@type\":\"ListItem\",\"position\":1,\"name\":\"Quartieri\",\"item\":\"https:\/\/newyork.ravarealty.com\/it\/quartieri\/\"},{\"@type\":\"ListItem\",\"position\":2,\"name\":\"Greenwich Village\"}]},{\"@type\":\"WebSite\",\"@id\":\"https:\/\/newyork.ravarealty.com\/#website\",\"url\":\"https:\/\/newyork.ravarealty.com\/\",\"name\":\"Rava Realty\",\"description\":\"NYC Real Estate\",\"potentialAction\":[{\"@type\":\"SearchAction\",\"target\":{\"@type\":\"EntryPoint\",\"urlTemplate\":\"https:\/\/newyork.ravarealty.com\/?s={search_term_string}\"},\"query-input\":{\"@type\":\"PropertyValueSpecification\",\"valueRequired\":true,\"valueName\":\"search_term_string\"}}],\"inLanguage\":\"it-IT\"}]}<\/script>\n<!-- \/ Yoast SEO plugin. -->","yoast_head_json":{"title":"Rava Realty - Greenwich Village","description":"Greenwich Village or simply \"the Village\", is a largely residential neighborhood on the west side of Lower Manhattan. The Meatpacking District and The West Village","robots":{"index":"index","follow":"follow","max-snippet":"max-snippet:-1","max-image-preview":"max-image-preview:large","max-video-preview":"max-video-preview:-1"},"canonical":"https:\/\/newyork.ravarealty.com\/it\/quartieri\/west-village-greenwich-village-and-meatpacking-district\/","og_locale":"it_IT","og_type":"article","og_title":"Rava Realty - Greenwich Village","og_description":"Greenwich Village or simply \"the Village\", is a largely residential neighborhood on the west side of Lower Manhattan. The Meatpacking District and The West Village","og_url":"https:\/\/newyork.ravarealty.com\/it\/quartieri\/west-village-greenwich-village-and-meatpacking-district\/","og_site_name":"Rava Realty","article_modified_time":"2018-09-25T11:33:17+00:00","twitter_misc":{"Tempo di lettura stimato":"3 minuti"},"schema":{"@context":"https:\/\/schema.org","@graph":[{"@type":"WebPage","@id":"https:\/\/newyork.ravarealty.com\/it\/quartieri\/west-village-greenwich-village-and-meatpacking-district\/","url":"https:\/\/newyork.ravarealty.com\/it\/quartieri\/west-village-greenwich-village-and-meatpacking-district\/","name":"Rava Realty - Greenwich Village","isPartOf":{"@id":"https:\/\/newyork.ravarealty.com\/#website"},"datePublished":"2013-11-04T02:25:32+00:00","dateModified":"2018-09-25T11:33:17+00:00","description":"Greenwich Village or simply \"the Village\", is a largely residential neighborhood on the west side of Lower Manhattan. The Meatpacking District and The West Village","breadcrumb":{"@id":"https:\/\/newyork.ravarealty.com\/it\/quartieri\/west-village-greenwich-village-and-meatpacking-district\/#breadcrumb"},"inLanguage":"it-IT","potentialAction":[{"@type":"ReadAction","target":["https:\/\/newyork.ravarealty.com\/it\/quartieri\/west-village-greenwich-village-and-meatpacking-district\/"]}]},{"@type":"BreadcrumbList","@id":"https:\/\/newyork.ravarealty.com\/it\/quartieri\/west-village-greenwich-village-and-meatpacking-district\/#breadcrumb","itemListElement":[{"@type":"ListItem","position":1,"name":"Quartieri","item":"https:\/\/newyork.ravarealty.com\/it\/quartieri\/"},{"@type":"ListItem","position":2,"name":"Greenwich Village"}]},{"@type":"WebSite","@id":"https:\/\/newyork.ravarealty.com\/#website","url":"https:\/\/newyork.ravarealty.com\/","name":"Rava Realty","description":"NYC Real Estate","potentialAction":[{"@type":"SearchAction","target":{"@type":"EntryPoint","urlTemplate":"https:\/\/newyork.ravarealty.com\/?s={search_term_string}"},"query-input":{"@type":"PropertyValueSpecification","valueRequired":true,"valueName":"search_term_string"}}],"inLanguage":"it-IT"}]}},"_links":{"self":[{"href":"https:\/\/newyork.ravarealty.com\/it\/wp-json\/wp\/v2\/pages\/1850","targetHints":{"allow":["GET"]}}],"collection":[{"href":"https:\/\/newyork.ravarealty.com\/it\/wp-json\/wp\/v2\/pages"}],"about":[{"href":"https:\/\/newyork.ravarealty.com\/it\/wp-json\/wp\/v2\/types\/page"}],"author":[{"embeddable":true,"href":"https:\/\/newyork.ravarealty.com\/it\/wp-json\/wp\/v2\/users\/1"}],"replies":[{"embeddable":true,"href":"https:\/\/newyork.ravarealty.com\/it\/wp-json\/wp\/v2\/comments?post=1850"}],"version-history":[{"count":0,"href":"https:\/\/newyork.ravarealty.com\/it\/wp-json\/wp\/v2\/pages\/1850\/revisions"}],"up":[{"embeddable":true,"href":"https:\/\/newyork.ravarealty.com\/it\/wp-json\/wp\/v2\/pages\/3670"}],"wp:attachment":[{"href":"https:\/\/newyork.ravarealty.com\/it\/wp-json\/wp\/v2\/media?parent=1850"}],"curies":[{"name":"wp","href":"https:\/\/api.w.org\/{rel}","templated":true}]}}