{"id":1855,"date":"2013-11-04T01:09:52","date_gmt":"2013-11-04T01:09:52","guid":{"rendered":"http:\/\/newyork.ravarealty.com\/?page_id=1855"},"modified":"2018-09-25T09:17:25","modified_gmt":"2018-09-25T14:17:25","slug":"harlem","status":"publish","type":"page","link":"https:\/\/newyork.ravarealty.com\/it\/quartieri\/harlem\/","title":{"rendered":"Harlem"},"content":{"rendered":"<div class=\"wpb-content-wrapper\">[vc_row][vc_column][vc_column_text]\n<h3><b>Harlem<\/b><\/h3>\n[\/vc_column_text][\/vc_column][\/vc_row][vc_row][vc_column width=&#8221;1\/2&#8243;][vc_column_text]\n<p style=\"text-align: justify;\">Situato nella zona alta di Manhattan compresa fra la 110ecima e la 155esima strada, delimitato a est dall\u2019Est River e a ovest da Manhattan Avenue e St. Nicholas Avenue, Harlem \u2013 che gode di una bella architettura e una ricca storia culturale \u2013 sta vivendo un nuovo rinascimento grazi a una ondata di sviluppo e vitali\u00e0. Ne \u00e8 un esempio tipico Frederick Douglass Boulevard, nota anche come \u201cRestaurant Row\u201d per l\u2019ampia scelta gastronomica. Molti locali, tra cui Jado Sushi, Harlem Tavern, Cedric, lo stellato da Michelin Zoma, cocktail bars come L Lounge e 67 Orange, e caff\u00e8 come Patisserie Des Ambassades, si sono infatti trasferiti in questa zona della citt\u00e0, attirando tutti i giorni folle di visitatori e stimolando altri imprenditori a considerare Harlem come la pi\u00f9 recente espansione dell\u2019Upper West Side.Non lontano si trova un altro locale molto conosciuto: Red Rooster, ristorante di cucina tradizionale americana frequentato anche dal Presidente Obama in svariate visite ufficiali.<\/p>\n[\/vc_column_text][\/vc_column][vc_column width=&#8221;1\/2&#8243;]<div class=\"shadow_img_frame shadow_portrait_thumb tt_animate_none true-img-none\"><div class=\"img-preload\"><img src='https:\/\/newyork.ravarealty.com\/wp-content\/uploads\/2013\/11\/\/Hlpage-275x355.jpg' alt='' class=\"attachment-fadeIn\" \/><\/div><\/div>[\/vc_column][\/vc_row][vc_row][vc_column][vc_column_text]\n<p style=\"text-align: justify;\">Oltre a ottimi ristoranti, i residenti di Harlem dispongono anche di un nuovo assortimento di luoghi per lo shopping sulla 125eisma strada, dove si trovano negozi come H&amp;M e Old Navy, e l\u2019hotel di lusso da 124 stanze A-loft e di un veloce collegamento con Midtown grazie alla metropolitana espressa.<\/p>\n<p style=\"text-align: center;\"><iframe loading=\"lazy\" style=\"border: 0;\" src=\"https:\/\/www.google.com\/maps\/embed?pb=!1m18!1m12!1m3!1d24156.478793931456!2d-73.94808854999995!3d40.81566504999994!2m3!1f0!2f0!3f0!3m2!1i1024!2i768!4f13.1!3m3!1m2!1s0x89c2f66e2188a29f%3A0xb408afef09e2702e!2sHarlem!5e0!3m2!1sen!2sus!4v1394806360682\" width=\"400\" height=\"300\" frameborder=\"0\"><\/iframe><\/p>\n[\/vc_column_text][\/vc_column][\/vc_row]\n<\/div>","protected":false},"excerpt":{"rendered":"<p>[vc_row][vc_column][vc_column_text]<br \/>\nHarlem<br \/>\n[\/vc_column_text][\/vc_column][\/vc_row][vc_row][vc_column width=&#8221;1\/2&#8243;][vc_column_text]<br \/>\nSituato nella zona alta di Manhattan compresa fra la 110ecima e la 155esima strada, delimitato a est dall\u2019Est River e a ovest da Manhattan Avenue e St. Nicholas Avenue, Harlem \u2013 che gode di una bella architettura e una ricca storia culturale \u2013 sta vivendo un nuovo rinascimento grazi a una ondata di sviluppo e vitali\u00e0. Ne \u00e8 un esempio tipico Frederick Douglass Boulevard, nota anche come \u201cRestaurant Row\u201d per l\u2019ampia scelta gastronomica. Molti locali, tra &#8230;<\/p>\n","protected":false},"author":1,"featured_media":0,"parent":3670,"menu_order":0,"comment_status":"closed","ping_status":"closed","template":"template_rightnav.php","meta":{"_monsterinsights_skip_tracking":false,"_monsterinsights_sitenote_active":false,"_monsterinsights_sitenote_note":"","_monsterinsights_sitenote_category":0,"footnotes":""},"class_list":["post-1855","page","type-page","status-publish","hentry"],"yoast_head":"<!-- This site is optimized with the Yoast SEO plugin v27.2 - https:\/\/yoast.com\/product\/yoast-seo-wordpress\/ -->\n<title>Rava Realty - Harlem<\/title>\n<meta name=\"description\" content=\"Harlem situated uptown, from 110th to 155th Street, from the East River to Manhattan and St. Nicholas Avenues\" \/>\n<meta name=\"robots\" content=\"index, follow, max-snippet:-1, max-image-preview:large, max-video-preview:-1\" \/>\n<link rel=\"canonical\" href=\"https:\/\/newyork.ravarealty.com\/it\/quartieri\/harlem\/\" \/>\n<meta property=\"og:locale\" content=\"it_IT\" \/>\n<meta property=\"og:type\" content=\"article\" \/>\n<meta property=\"og:title\" content=\"Rava Realty - Harlem\" \/>\n<meta property=\"og:description\" content=\"Harlem situated uptown, from 110th to 155th Street, from the East River to Manhattan and St. Nicholas Avenues\" \/>\n<meta property=\"og:url\" content=\"https:\/\/newyork.ravarealty.com\/it\/quartieri\/harlem\/\" \/>\n<meta property=\"og:site_name\" content=\"Rava Realty\" \/>\n<meta property=\"article:modified_time\" content=\"2018-09-25T14:17:25+00:00\" \/>\n<meta name=\"twitter:label1\" content=\"Tempo di lettura stimato\" \/>\n\t<meta name=\"twitter:data1\" content=\"1 minuto\" \/>\n<script type=\"application\/ld+json\" class=\"yoast-schema-graph\">{\"@context\":\"https:\/\/schema.org\",\"@graph\":[{\"@type\":\"WebPage\",\"@id\":\"https:\/\/newyork.ravarealty.com\/it\/quartieri\/harlem\/\",\"url\":\"https:\/\/newyork.ravarealty.com\/it\/quartieri\/harlem\/\",\"name\":\"Rava Realty - Harlem\",\"isPartOf\":{\"@id\":\"https:\/\/newyork.ravarealty.com\/#website\"},\"datePublished\":\"2013-11-04T01:09:52+00:00\",\"dateModified\":\"2018-09-25T14:17:25+00:00\",\"description\":\"Harlem situated uptown, from 110th to 155th Street, from the East River to Manhattan and St. Nicholas Avenues\",\"breadcrumb\":{\"@id\":\"https:\/\/newyork.ravarealty.com\/it\/quartieri\/harlem\/#breadcrumb\"},\"inLanguage\":\"it-IT\",\"potentialAction\":[{\"@type\":\"ReadAction\",\"target\":[\"https:\/\/newyork.ravarealty.com\/it\/quartieri\/harlem\/\"]}]},{\"@type\":\"BreadcrumbList\",\"@id\":\"https:\/\/newyork.ravarealty.com\/it\/quartieri\/harlem\/#breadcrumb\",\"itemListElement\":[{\"@type\":\"ListItem\",\"position\":1,\"name\":\"Quartieri\",\"item\":\"https:\/\/newyork.ravarealty.com\/it\/quartieri\/\"},{\"@type\":\"ListItem\",\"position\":2,\"name\":\"Harlem\"}]},{\"@type\":\"WebSite\",\"@id\":\"https:\/\/newyork.ravarealty.com\/#website\",\"url\":\"https:\/\/newyork.ravarealty.com\/\",\"name\":\"Rava Realty\",\"description\":\"NYC Real Estate\",\"potentialAction\":[{\"@type\":\"SearchAction\",\"target\":{\"@type\":\"EntryPoint\",\"urlTemplate\":\"https:\/\/newyork.ravarealty.com\/?s={search_term_string}\"},\"query-input\":{\"@type\":\"PropertyValueSpecification\",\"valueRequired\":true,\"valueName\":\"search_term_string\"}}],\"inLanguage\":\"it-IT\"}]}<\/script>\n<!-- \/ Yoast SEO plugin. -->","yoast_head_json":{"title":"Rava Realty - Harlem","description":"Harlem situated uptown, from 110th to 155th Street, from the East River to Manhattan and St. Nicholas Avenues","robots":{"index":"index","follow":"follow","max-snippet":"max-snippet:-1","max-image-preview":"max-image-preview:large","max-video-preview":"max-video-preview:-1"},"canonical":"https:\/\/newyork.ravarealty.com\/it\/quartieri\/harlem\/","og_locale":"it_IT","og_type":"article","og_title":"Rava Realty - Harlem","og_description":"Harlem situated uptown, from 110th to 155th Street, from the East River to Manhattan and St. Nicholas Avenues","og_url":"https:\/\/newyork.ravarealty.com\/it\/quartieri\/harlem\/","og_site_name":"Rava Realty","article_modified_time":"2018-09-25T14:17:25+00:00","twitter_misc":{"Tempo di lettura stimato":"1 minuto"},"schema":{"@context":"https:\/\/schema.org","@graph":[{"@type":"WebPage","@id":"https:\/\/newyork.ravarealty.com\/it\/quartieri\/harlem\/","url":"https:\/\/newyork.ravarealty.com\/it\/quartieri\/harlem\/","name":"Rava Realty - Harlem","isPartOf":{"@id":"https:\/\/newyork.ravarealty.com\/#website"},"datePublished":"2013-11-04T01:09:52+00:00","dateModified":"2018-09-25T14:17:25+00:00","description":"Harlem situated uptown, from 110th to 155th Street, from the East River to Manhattan and St. Nicholas Avenues","breadcrumb":{"@id":"https:\/\/newyork.ravarealty.com\/it\/quartieri\/harlem\/#breadcrumb"},"inLanguage":"it-IT","potentialAction":[{"@type":"ReadAction","target":["https:\/\/newyork.ravarealty.com\/it\/quartieri\/harlem\/"]}]},{"@type":"BreadcrumbList","@id":"https:\/\/newyork.ravarealty.com\/it\/quartieri\/harlem\/#breadcrumb","itemListElement":[{"@type":"ListItem","position":1,"name":"Quartieri","item":"https:\/\/newyork.ravarealty.com\/it\/quartieri\/"},{"@type":"ListItem","position":2,"name":"Harlem"}]},{"@type":"WebSite","@id":"https:\/\/newyork.ravarealty.com\/#website","url":"https:\/\/newyork.ravarealty.com\/","name":"Rava Realty","description":"NYC Real Estate","potentialAction":[{"@type":"SearchAction","target":{"@type":"EntryPoint","urlTemplate":"https:\/\/newyork.ravarealty.com\/?s={search_term_string}"},"query-input":{"@type":"PropertyValueSpecification","valueRequired":true,"valueName":"search_term_string"}}],"inLanguage":"it-IT"}]}},"_links":{"self":[{"href":"https:\/\/newyork.ravarealty.com\/it\/wp-json\/wp\/v2\/pages\/1855","targetHints":{"allow":["GET"]}}],"collection":[{"href":"https:\/\/newyork.ravarealty.com\/it\/wp-json\/wp\/v2\/pages"}],"about":[{"href":"https:\/\/newyork.ravarealty.com\/it\/wp-json\/wp\/v2\/types\/page"}],"author":[{"embeddable":true,"href":"https:\/\/newyork.ravarealty.com\/it\/wp-json\/wp\/v2\/users\/1"}],"replies":[{"embeddable":true,"href":"https:\/\/newyork.ravarealty.com\/it\/wp-json\/wp\/v2\/comments?post=1855"}],"version-history":[{"count":0,"href":"https:\/\/newyork.ravarealty.com\/it\/wp-json\/wp\/v2\/pages\/1855\/revisions"}],"up":[{"embeddable":true,"href":"https:\/\/newyork.ravarealty.com\/it\/wp-json\/wp\/v2\/pages\/3670"}],"wp:attachment":[{"href":"https:\/\/newyork.ravarealty.com\/it\/wp-json\/wp\/v2\/media?parent=1855"}],"curies":[{"name":"wp","href":"https:\/\/api.w.org\/{rel}","templated":true}]}}