{"id":1864,"date":"2013-11-04T00:43:13","date_gmt":"2013-11-04T00:43:13","guid":{"rendered":"http:\/\/newyork.ravarealty.com\/?page_id=1864"},"modified":"2018-09-25T08:58:12","modified_gmt":"2018-09-25T13:58:12","slug":"midtown-west","status":"publish","type":"page","link":"https:\/\/newyork.ravarealty.com\/it\/quartieri\/midtown-west\/","title":{"rendered":"Midtown West"},"content":{"rendered":"<div class=\"wpb-content-wrapper\">[vc_row][vc_column][vc_column_text]\n<h3><b>Midtown West<\/b><\/h3>\n[\/vc_column_text][\/vc_column][\/vc_row][vc_row][vc_column width=&#8221;1\/2&#8243;][vc_column_text]\n<p style=\"text-align: justify;\">Il quartiere di Midtown West o Clinton (o anche chiamato affezionatamente Hell\u2019s Kitchen), situato fra la 34esima strada e la 59esima strada, dalla 8th Avenue al fiume Hudson, \u00e8 uno dei pi\u00f9 vivaci della citt\u00e0, pieno di locali e localini, ristoranti di ogni tipo; le destinazioni pi\u00f9 conosciute sono Times Square e Theatre Row. In questa zona risiede un mix di: giovani professionisti, residenti di lungo corso, aspiranti attori, artisti e ogni sorta di persone impiegate nel settore dello spettacolo che danno molta importanza alla vicinanza ai teatri di Broadway.<\/p>\n[\/vc_column_text][\/vc_column][vc_column width=&#8221;1\/2&#8243;]<div class=\"shadow_img_frame shadow_two_col_small tt_animate_none true-img-none\"><div class=\"img-preload\"><img src='https:\/\/newyork.ravarealty.com\/wp-content\/uploads\/2013\/12\/\/MWpage-324x180.jpg' alt='' class=\"attachment-fadeIn\" \/><\/div><\/div>[\/vc_column][\/vc_row][vc_row][vc_column][vc_column_text]\n<p style=\"text-align: justify;\">Molti attori famosi fecero e fanno di Hell\u2019s Kitchen la loro casa: James Dean, Madonna, Jerry Seinfeld, Larry David, Alicia Keys and Sylvester Stallone. L\u2019importante Actor Studio, sulla 44esima, fu fondato da Lee Strasberg ed \u00e8 famoso per il suo metodo di recitazione. Times Square non \u00e8 solo una attrazione per tutti turisti, ma anche un importante snodo per il trasporto urbano; da li si pu\u00f2 accedere a quasi tutte le linee metropolitane della citt\u00e0. Verso la Nona Avenue troverete un assortimento di ristoranti Thai, Indiani, Messicani, Italiani, Greci, Turchi etc. negozi e gallerie d\u2019arte. Sulla 46esima strada fra 8th e 9th Avenue c\u2019e\u2019 proprio un isolato chiamato \u201cRestaurant Row\u201d, zeppo di ristoranti. Procedendo verso ovest potete rilassarvi con una passeggiata lungo il fiume Hudson e la vista della portaerei (diventata museo) U.S.S. Intrepid. La pista ciclabile e zona pedonale lungo il fiume costeggiano, quasi ininterrotte tutta la lunghezza di Manhattan (!) il paradiso di ciclisti, maratoneti e pattinatori.<br \/>\nIl quartiere comprende anche la mega stazione degli autobus (Porth Authority) e quella dei treni (Pennsylvania Station) che con Grand Central rappresentano gli altri due snodi per il trasporto pi\u00f9 importanti della citt\u00e0.<\/p>\n<p style=\"text-align: center;\"><iframe loading=\"lazy\" style=\"border: 0;\" src=\"https:\/\/www.google.com\/maps\/embed?pb=!1m18!1m12!1m3!1d24175.663448981355!2d-73.99359429999998!3d40.76294999999997!2m3!1f0!2f0!3f0!3m2!1i1024!2i768!4f13.1!3m3!1m2!1s0x89c25850a4606051%3A0x1976b26060ef9a02!2sHell's+Kitchen!5e0!3m2!1sen!2sus!4v1394809595897\" width=\"400\" height=\"300\" frameborder=\"0\"><\/iframe><\/p>\n[\/vc_column_text][\/vc_column][\/vc_row]\n<\/div>","protected":false},"excerpt":{"rendered":"<p>[vc_row][vc_column][vc_column_text]<br \/>\nMidtown West<br \/>\n[\/vc_column_text][\/vc_column][\/vc_row][vc_row][vc_column width=&#8221;1\/2&#8243;][vc_column_text]<br \/>\nIl quartiere di Midtown West o Clinton (o anche chiamato affezionatamente Hell\u2019s Kitchen), situato fra la 34esima strada e la 59esima strada, dalla 8th Avenue al fiume Hudson, \u00e8 uno dei pi\u00f9 vivaci della citt\u00e0, pieno di locali e localini, ristoranti di ogni tipo; le destinazioni pi\u00f9 conosciute sono Times Square e Theatre Row. In questa zona risiede un mix di: giovani professionisti, residenti di lungo corso, aspiranti attori, artisti e ogni sorta di persone &#8230;<\/p>\n","protected":false},"author":1,"featured_media":0,"parent":3670,"menu_order":0,"comment_status":"closed","ping_status":"closed","template":"template_rightnav.php","meta":{"_monsterinsights_skip_tracking":false,"_monsterinsights_sitenote_active":false,"_monsterinsights_sitenote_note":"","_monsterinsights_sitenote_category":0,"footnotes":""},"class_list":["post-1864","page","type-page","status-publish","hentry"],"yoast_head":"<!-- This site is optimized with the Yoast SEO plugin v27.2 - https:\/\/yoast.com\/product\/yoast-seo-wordpress\/ -->\n<title>Rava Realty - Midtown West<\/title>\n<meta name=\"description\" content=\"Midtown West or Clinton (also affectionately called Hell\u2019s Kitchen), situated between 34th Street and 59th Street, from Eighth Avenue to the Hudson River, is one of Manhattan\u2019s bustling neighborhood filled with popular eateries and destinations like Times Square and Theatre Row.\" \/>\n<meta name=\"robots\" content=\"index, follow, max-snippet:-1, max-image-preview:large, max-video-preview:-1\" \/>\n<link rel=\"canonical\" href=\"https:\/\/newyork.ravarealty.com\/it\/quartieri\/midtown-west\/\" \/>\n<meta property=\"og:locale\" content=\"it_IT\" \/>\n<meta property=\"og:type\" content=\"article\" \/>\n<meta property=\"og:title\" content=\"Rava Realty - Midtown West\" \/>\n<meta property=\"og:description\" content=\"Midtown West or Clinton (also affectionately called Hell\u2019s Kitchen), situated between 34th Street and 59th Street, from Eighth Avenue to the Hudson River, is one of Manhattan\u2019s bustling neighborhood filled with popular eateries and destinations like Times Square and Theatre Row.\" \/>\n<meta property=\"og:url\" content=\"https:\/\/newyork.ravarealty.com\/it\/quartieri\/midtown-west\/\" \/>\n<meta property=\"og:site_name\" content=\"Rava Realty\" \/>\n<meta property=\"article:modified_time\" content=\"2018-09-25T13:58:12+00:00\" \/>\n<meta name=\"twitter:label1\" content=\"Tempo di lettura stimato\" \/>\n\t<meta name=\"twitter:data1\" content=\"2 minuti\" \/>\n<script type=\"application\/ld+json\" class=\"yoast-schema-graph\">{\"@context\":\"https:\/\/schema.org\",\"@graph\":[{\"@type\":\"WebPage\",\"@id\":\"https:\/\/newyork.ravarealty.com\/it\/quartieri\/midtown-west\/\",\"url\":\"https:\/\/newyork.ravarealty.com\/it\/quartieri\/midtown-west\/\",\"name\":\"Rava Realty - Midtown West\",\"isPartOf\":{\"@id\":\"https:\/\/newyork.ravarealty.com\/#website\"},\"datePublished\":\"2013-11-04T00:43:13+00:00\",\"dateModified\":\"2018-09-25T13:58:12+00:00\",\"description\":\"Midtown West or Clinton (also affectionately called Hell\u2019s Kitchen), situated between 34th Street and 59th Street, from Eighth Avenue to the Hudson River, is one of Manhattan\u2019s bustling neighborhood filled with popular eateries and destinations like Times Square and Theatre Row.\",\"breadcrumb\":{\"@id\":\"https:\/\/newyork.ravarealty.com\/it\/quartieri\/midtown-west\/#breadcrumb\"},\"inLanguage\":\"it-IT\",\"potentialAction\":[{\"@type\":\"ReadAction\",\"target\":[\"https:\/\/newyork.ravarealty.com\/it\/quartieri\/midtown-west\/\"]}]},{\"@type\":\"BreadcrumbList\",\"@id\":\"https:\/\/newyork.ravarealty.com\/it\/quartieri\/midtown-west\/#breadcrumb\",\"itemListElement\":[{\"@type\":\"ListItem\",\"position\":1,\"name\":\"Quartieri\",\"item\":\"https:\/\/newyork.ravarealty.com\/it\/quartieri\/\"},{\"@type\":\"ListItem\",\"position\":2,\"name\":\"Midtown West\"}]},{\"@type\":\"WebSite\",\"@id\":\"https:\/\/newyork.ravarealty.com\/#website\",\"url\":\"https:\/\/newyork.ravarealty.com\/\",\"name\":\"Rava Realty\",\"description\":\"NYC Real Estate\",\"potentialAction\":[{\"@type\":\"SearchAction\",\"target\":{\"@type\":\"EntryPoint\",\"urlTemplate\":\"https:\/\/newyork.ravarealty.com\/?s={search_term_string}\"},\"query-input\":{\"@type\":\"PropertyValueSpecification\",\"valueRequired\":true,\"valueName\":\"search_term_string\"}}],\"inLanguage\":\"it-IT\"}]}<\/script>\n<!-- \/ Yoast SEO plugin. -->","yoast_head_json":{"title":"Rava Realty - Midtown West","description":"Midtown West or Clinton (also affectionately called Hell\u2019s Kitchen), situated between 34th Street and 59th Street, from Eighth Avenue to the Hudson River, is one of Manhattan\u2019s bustling neighborhood filled with popular eateries and destinations like Times Square and Theatre Row.","robots":{"index":"index","follow":"follow","max-snippet":"max-snippet:-1","max-image-preview":"max-image-preview:large","max-video-preview":"max-video-preview:-1"},"canonical":"https:\/\/newyork.ravarealty.com\/it\/quartieri\/midtown-west\/","og_locale":"it_IT","og_type":"article","og_title":"Rava Realty - Midtown West","og_description":"Midtown West or Clinton (also affectionately called Hell\u2019s Kitchen), situated between 34th Street and 59th Street, from Eighth Avenue to the Hudson River, is one of Manhattan\u2019s bustling neighborhood filled with popular eateries and destinations like Times Square and Theatre Row.","og_url":"https:\/\/newyork.ravarealty.com\/it\/quartieri\/midtown-west\/","og_site_name":"Rava Realty","article_modified_time":"2018-09-25T13:58:12+00:00","twitter_misc":{"Tempo di lettura stimato":"2 minuti"},"schema":{"@context":"https:\/\/schema.org","@graph":[{"@type":"WebPage","@id":"https:\/\/newyork.ravarealty.com\/it\/quartieri\/midtown-west\/","url":"https:\/\/newyork.ravarealty.com\/it\/quartieri\/midtown-west\/","name":"Rava Realty - Midtown West","isPartOf":{"@id":"https:\/\/newyork.ravarealty.com\/#website"},"datePublished":"2013-11-04T00:43:13+00:00","dateModified":"2018-09-25T13:58:12+00:00","description":"Midtown West or Clinton (also affectionately called Hell\u2019s Kitchen), situated between 34th Street and 59th Street, from Eighth Avenue to the Hudson River, is one of Manhattan\u2019s bustling neighborhood filled with popular eateries and destinations like Times Square and Theatre Row.","breadcrumb":{"@id":"https:\/\/newyork.ravarealty.com\/it\/quartieri\/midtown-west\/#breadcrumb"},"inLanguage":"it-IT","potentialAction":[{"@type":"ReadAction","target":["https:\/\/newyork.ravarealty.com\/it\/quartieri\/midtown-west\/"]}]},{"@type":"BreadcrumbList","@id":"https:\/\/newyork.ravarealty.com\/it\/quartieri\/midtown-west\/#breadcrumb","itemListElement":[{"@type":"ListItem","position":1,"name":"Quartieri","item":"https:\/\/newyork.ravarealty.com\/it\/quartieri\/"},{"@type":"ListItem","position":2,"name":"Midtown West"}]},{"@type":"WebSite","@id":"https:\/\/newyork.ravarealty.com\/#website","url":"https:\/\/newyork.ravarealty.com\/","name":"Rava Realty","description":"NYC Real Estate","potentialAction":[{"@type":"SearchAction","target":{"@type":"EntryPoint","urlTemplate":"https:\/\/newyork.ravarealty.com\/?s={search_term_string}"},"query-input":{"@type":"PropertyValueSpecification","valueRequired":true,"valueName":"search_term_string"}}],"inLanguage":"it-IT"}]}},"_links":{"self":[{"href":"https:\/\/newyork.ravarealty.com\/it\/wp-json\/wp\/v2\/pages\/1864","targetHints":{"allow":["GET"]}}],"collection":[{"href":"https:\/\/newyork.ravarealty.com\/it\/wp-json\/wp\/v2\/pages"}],"about":[{"href":"https:\/\/newyork.ravarealty.com\/it\/wp-json\/wp\/v2\/types\/page"}],"author":[{"embeddable":true,"href":"https:\/\/newyork.ravarealty.com\/it\/wp-json\/wp\/v2\/users\/1"}],"replies":[{"embeddable":true,"href":"https:\/\/newyork.ravarealty.com\/it\/wp-json\/wp\/v2\/comments?post=1864"}],"version-history":[{"count":0,"href":"https:\/\/newyork.ravarealty.com\/it\/wp-json\/wp\/v2\/pages\/1864\/revisions"}],"up":[{"embeddable":true,"href":"https:\/\/newyork.ravarealty.com\/it\/wp-json\/wp\/v2\/pages\/3670"}],"wp:attachment":[{"href":"https:\/\/newyork.ravarealty.com\/it\/wp-json\/wp\/v2\/media?parent=1864"}],"curies":[{"name":"wp","href":"https:\/\/api.w.org\/{rel}","templated":true}]}}