{"id":1866,"date":"2013-12-21T16:53:43","date_gmt":"2013-12-21T21:53:43","guid":{"rendered":"http:\/\/newyork.ravarealty.com\/?page_id=1866"},"modified":"2018-09-25T08:42:29","modified_gmt":"2018-09-25T13:42:29","slug":"murray-hill","status":"publish","type":"page","link":"https:\/\/newyork.ravarealty.com\/it\/quartieri\/murray-hill\/","title":{"rendered":"Murray Hill"},"content":{"rendered":"<div class=\"wpb-content-wrapper\">[vc_row][vc_column][vc_column_text]\n<h3><b>Murray Hill<\/b><\/h3>\n[\/vc_column_text][\/vc_column][\/vc_row][vc_row][vc_column width=&#8221;1\/2&#8243;][vc_column_text]\n<p style=\"text-align: justify;\">Noto soprattutto per la sua vicinanza all\u2019Empire State Building (34esima Strada), Murray Hill \u00e8 un quartiere residenziale di Midtown East, limitato grossomodo dalla 40esima e 34esima strada e da Madison Avenue e 3rd Avenue. Deve il proprio nome ai Murray, una famiglia di mercanti quaccheri del 18esimo secolo, specializzati in spedizioni marittime e commercio estero. Il quartiere offre diverse soluzioni residenziali dal condo ai lussuosi grattacieli, dal co-op agli affascinanti townhouse, nonch\u00e9 una variet\u00e0 di comfort che rendono facile e comoda la vita ai residenti: boutique per lo shopping, ristoranti etnici (Dhaba e Vatan fra gli altri), oltre a pub bar e caff\u00e8 tipici. Anche la popolazione del quartiere \u00e8 un mix equilibrato di residenti di lungo corso, amanti delle molte comodit\u00e0 presenti in zona, e giovani neolaureati che hanno deciso di vivere a Murray Hill perch\u00e9 ben collegata con qualsiasi altro punto della citt\u00e0.<\/p>\n[\/vc_column_text][\/vc_column][vc_column width=&#8221;1\/2&#8243;]<div class=\"shadow_img_frame shadow_two_col_small tt_animate_none true-img-none\"><div class=\"img-preload\"><img src='https:\/\/newyork.ravarealty.com\/wp-content\/themes\/karma\/framework\/extended\/timthumb\/timthumb.php?src=https:\/\/newyork.ravarealty.com\/wp-content\/uploads\/2013\/11\/MHpage.jpg&amp;h=180&amp;w=324' alt='' class=\"attachment-fadeIn\" \/><\/div><\/div>[\/vc_column][\/vc_row][vc_row][vc_column][vc_column_text]\n<p style=\"text-align: justify;\">Fra i luoghi pi\u00f9 caratteristici e interessanti dal punto di vista storico, ci sono: il Morgan Library and Museum, un vero punto di riferimento (sulla 36esima strada incrocio Madison Ave), fondato nel 1906 per ospitare la biblioteca privata di JP Morgan, e il grande magazzino Lord and Taylor, luogo di culto per gli appassionati di shopping. Data la sua vicinanza alla sede delle Nazioni Unite e la presenza di antiche ville, molti Paesi, tra cui Messico e Sud Africa, hanno la propria ambasciata e il proprio consolato a Murray Hill, aggiungendo una nota cosmopolita al quartiere.<\/p>\n<p style=\"text-align: center;\"><iframe loading=\"lazy\" style=\"border: 0;\" src=\"https:\/\/www.google.com\/maps\/embed?pb=!1m18!1m12!1m3!1d6045.2481112978885!2d-73.97641905!3d40.74829715000002!2m3!1f0!2f0!3f0!3m2!1i1024!2i768!4f13.1!3m3!1m2!1s0x89c259041366262b%3A0xfdac298467953648!2sMurray+Hill!5e0!3m2!1sen!2sus!4v1394808482136\" width=\"400\" height=\"300\" frameborder=\"0\"><\/iframe><\/p>\n[\/vc_column_text][\/vc_column][\/vc_row]\n<\/div>","protected":false},"excerpt":{"rendered":"<p>[vc_row][vc_column][vc_column_text]<br \/>\nMurray Hill<br \/>\n[\/vc_column_text][\/vc_column][\/vc_row][vc_row][vc_column width=&#8221;1\/2&#8243;][vc_column_text]<br \/>\nNoto soprattutto per la sua vicinanza all\u2019Empire State Building (34esima Strada), Murray Hill \u00e8 un quartiere residenziale di Midtown East, limitato grossomodo dalla 40esima e 34esima strada e da Madison Avenue e 3rd Avenue. Deve il proprio nome ai Murray, una famiglia di mercanti quaccheri del 18esimo secolo, specializzati in spedizioni marittime e commercio estero. Il quartiere offre diverse soluzioni residenziali dal condo ai lussuosi grattacieli, dal co-op agli affascinanti townhouse, nonch\u00e9 una variet\u00e0 di &#8230;<\/p>\n","protected":false},"author":1,"featured_media":0,"parent":3670,"menu_order":0,"comment_status":"closed","ping_status":"closed","template":"template_rightnav.php","meta":{"_monsterinsights_skip_tracking":false,"_monsterinsights_sitenote_active":false,"_monsterinsights_sitenote_note":"","_monsterinsights_sitenote_category":0,"footnotes":""},"class_list":["post-1866","page","type-page","status-publish","hentry"],"yoast_head":"<!-- This site is optimized with the Yoast SEO plugin v27.2 - https:\/\/yoast.com\/product\/yoast-seo-wordpress\/ -->\n<title>Rava Realty - Murray Hill<\/title>\n<meta name=\"description\" content=\"Noto soprattutto per la sua vicinanza all\u2019Empire State Building (34esima Strada), Murray Hill \u00e8 un quartiere residenziale di Midtown East, limitato grossomodo dalla 40esima e 34esima strada e da Madison Avenue e 3rd Avenue.\" \/>\n<meta name=\"robots\" content=\"index, follow, max-snippet:-1, max-image-preview:large, max-video-preview:-1\" \/>\n<link rel=\"canonical\" href=\"https:\/\/newyork.ravarealty.com\/it\/quartieri\/murray-hill\/\" \/>\n<meta property=\"og:locale\" content=\"it_IT\" \/>\n<meta property=\"og:type\" content=\"article\" \/>\n<meta property=\"og:title\" content=\"Rava Realty - Murray Hill\" \/>\n<meta property=\"og:description\" content=\"Noto soprattutto per la sua vicinanza all\u2019Empire State Building (34esima Strada), Murray Hill \u00e8 un quartiere residenziale di Midtown East, limitato grossomodo dalla 40esima e 34esima strada e da Madison Avenue e 3rd Avenue.\" \/>\n<meta property=\"og:url\" content=\"https:\/\/newyork.ravarealty.com\/it\/quartieri\/murray-hill\/\" \/>\n<meta property=\"og:site_name\" content=\"Rava Realty\" \/>\n<meta property=\"article:modified_time\" content=\"2018-09-25T13:42:29+00:00\" \/>\n<meta name=\"twitter:label1\" content=\"Tempo di lettura stimato\" \/>\n\t<meta name=\"twitter:data1\" content=\"2 minuti\" \/>\n<script type=\"application\/ld+json\" class=\"yoast-schema-graph\">{\"@context\":\"https:\/\/schema.org\",\"@graph\":[{\"@type\":\"WebPage\",\"@id\":\"https:\/\/newyork.ravarealty.com\/it\/quartieri\/murray-hill\/\",\"url\":\"https:\/\/newyork.ravarealty.com\/it\/quartieri\/murray-hill\/\",\"name\":\"Rava Realty - Murray Hill\",\"isPartOf\":{\"@id\":\"https:\/\/newyork.ravarealty.com\/#website\"},\"datePublished\":\"2013-12-21T21:53:43+00:00\",\"dateModified\":\"2018-09-25T13:42:29+00:00\",\"description\":\"Noto soprattutto per la sua vicinanza all\u2019Empire State Building (34esima Strada), Murray Hill \u00e8 un quartiere residenziale di Midtown East, limitato grossomodo dalla 40esima e 34esima strada e da Madison Avenue e 3rd Avenue.\",\"breadcrumb\":{\"@id\":\"https:\/\/newyork.ravarealty.com\/it\/quartieri\/murray-hill\/#breadcrumb\"},\"inLanguage\":\"it-IT\",\"potentialAction\":[{\"@type\":\"ReadAction\",\"target\":[\"https:\/\/newyork.ravarealty.com\/it\/quartieri\/murray-hill\/\"]}]},{\"@type\":\"BreadcrumbList\",\"@id\":\"https:\/\/newyork.ravarealty.com\/it\/quartieri\/murray-hill\/#breadcrumb\",\"itemListElement\":[{\"@type\":\"ListItem\",\"position\":1,\"name\":\"Quartieri\",\"item\":\"https:\/\/newyork.ravarealty.com\/it\/quartieri\/\"},{\"@type\":\"ListItem\",\"position\":2,\"name\":\"Murray Hill\"}]},{\"@type\":\"WebSite\",\"@id\":\"https:\/\/newyork.ravarealty.com\/#website\",\"url\":\"https:\/\/newyork.ravarealty.com\/\",\"name\":\"Rava Realty\",\"description\":\"NYC Real Estate\",\"potentialAction\":[{\"@type\":\"SearchAction\",\"target\":{\"@type\":\"EntryPoint\",\"urlTemplate\":\"https:\/\/newyork.ravarealty.com\/?s={search_term_string}\"},\"query-input\":{\"@type\":\"PropertyValueSpecification\",\"valueRequired\":true,\"valueName\":\"search_term_string\"}}],\"inLanguage\":\"it-IT\"}]}<\/script>\n<!-- \/ Yoast SEO plugin. -->","yoast_head_json":{"title":"Rava Realty - Murray Hill","description":"Noto soprattutto per la sua vicinanza all\u2019Empire State Building (34esima Strada), Murray Hill \u00e8 un quartiere residenziale di Midtown East, limitato grossomodo dalla 40esima e 34esima strada e da Madison Avenue e 3rd Avenue.","robots":{"index":"index","follow":"follow","max-snippet":"max-snippet:-1","max-image-preview":"max-image-preview:large","max-video-preview":"max-video-preview:-1"},"canonical":"https:\/\/newyork.ravarealty.com\/it\/quartieri\/murray-hill\/","og_locale":"it_IT","og_type":"article","og_title":"Rava Realty - Murray Hill","og_description":"Noto soprattutto per la sua vicinanza all\u2019Empire State Building (34esima Strada), Murray Hill \u00e8 un quartiere residenziale di Midtown East, limitato grossomodo dalla 40esima e 34esima strada e da Madison Avenue e 3rd Avenue.","og_url":"https:\/\/newyork.ravarealty.com\/it\/quartieri\/murray-hill\/","og_site_name":"Rava Realty","article_modified_time":"2018-09-25T13:42:29+00:00","twitter_misc":{"Tempo di lettura stimato":"2 minuti"},"schema":{"@context":"https:\/\/schema.org","@graph":[{"@type":"WebPage","@id":"https:\/\/newyork.ravarealty.com\/it\/quartieri\/murray-hill\/","url":"https:\/\/newyork.ravarealty.com\/it\/quartieri\/murray-hill\/","name":"Rava Realty - Murray Hill","isPartOf":{"@id":"https:\/\/newyork.ravarealty.com\/#website"},"datePublished":"2013-12-21T21:53:43+00:00","dateModified":"2018-09-25T13:42:29+00:00","description":"Noto soprattutto per la sua vicinanza all\u2019Empire State Building (34esima Strada), Murray Hill \u00e8 un quartiere residenziale di Midtown East, limitato grossomodo dalla 40esima e 34esima strada e da Madison Avenue e 3rd Avenue.","breadcrumb":{"@id":"https:\/\/newyork.ravarealty.com\/it\/quartieri\/murray-hill\/#breadcrumb"},"inLanguage":"it-IT","potentialAction":[{"@type":"ReadAction","target":["https:\/\/newyork.ravarealty.com\/it\/quartieri\/murray-hill\/"]}]},{"@type":"BreadcrumbList","@id":"https:\/\/newyork.ravarealty.com\/it\/quartieri\/murray-hill\/#breadcrumb","itemListElement":[{"@type":"ListItem","position":1,"name":"Quartieri","item":"https:\/\/newyork.ravarealty.com\/it\/quartieri\/"},{"@type":"ListItem","position":2,"name":"Murray Hill"}]},{"@type":"WebSite","@id":"https:\/\/newyork.ravarealty.com\/#website","url":"https:\/\/newyork.ravarealty.com\/","name":"Rava Realty","description":"NYC Real Estate","potentialAction":[{"@type":"SearchAction","target":{"@type":"EntryPoint","urlTemplate":"https:\/\/newyork.ravarealty.com\/?s={search_term_string}"},"query-input":{"@type":"PropertyValueSpecification","valueRequired":true,"valueName":"search_term_string"}}],"inLanguage":"it-IT"}]}},"_links":{"self":[{"href":"https:\/\/newyork.ravarealty.com\/it\/wp-json\/wp\/v2\/pages\/1866","targetHints":{"allow":["GET"]}}],"collection":[{"href":"https:\/\/newyork.ravarealty.com\/it\/wp-json\/wp\/v2\/pages"}],"about":[{"href":"https:\/\/newyork.ravarealty.com\/it\/wp-json\/wp\/v2\/types\/page"}],"author":[{"embeddable":true,"href":"https:\/\/newyork.ravarealty.com\/it\/wp-json\/wp\/v2\/users\/1"}],"replies":[{"embeddable":true,"href":"https:\/\/newyork.ravarealty.com\/it\/wp-json\/wp\/v2\/comments?post=1866"}],"version-history":[{"count":0,"href":"https:\/\/newyork.ravarealty.com\/it\/wp-json\/wp\/v2\/pages\/1866\/revisions"}],"up":[{"embeddable":true,"href":"https:\/\/newyork.ravarealty.com\/it\/wp-json\/wp\/v2\/pages\/3670"}],"wp:attachment":[{"href":"https:\/\/newyork.ravarealty.com\/it\/wp-json\/wp\/v2\/media?parent=1866"}],"curies":[{"name":"wp","href":"https:\/\/api.w.org\/{rel}","templated":true}]}}