{"id":1868,"date":"2013-11-03T23:45:34","date_gmt":"2013-11-03T23:45:34","guid":{"rendered":"http:\/\/newyork.ravarealty.com\/?page_id=1868"},"modified":"2018-09-25T06:12:54","modified_gmt":"2018-09-25T11:12:54","slug":"soho-and-nolita","status":"publish","type":"page","link":"https:\/\/newyork.ravarealty.com\/it\/quartieri\/soho-and-nolita\/","title":{"rendered":"SoHo and Nolita"},"content":{"rendered":"<div class=\"wpb-content-wrapper\">[vc_row][vc_column][vc_column_text]\n<h2><b> SoHo and Nolita <\/b><\/h2>\n[\/vc_column_text][\/vc_column][\/vc_row][vc_row][vc_column width=&#8221;1\/2&#8243;][vc_column_text]\n<p style=\"text-align: justify;\">Situato a sud di Greenwich Village e a ovest di Little Italy, SoHo (che significa south of Houston street) occupa un\u2019area relativamente piccola delimitata grossomodo da Broadway, il fiume Hudson, Houston Street e Canal Street. Forma una unica circoscrizione amministrativa con Nolita (north of Little Italy), il quartire con cui confina a est di Broadway.<\/p>\n[\/vc_column_text][\/vc_column][vc_column width=&#8221;1\/2&#8243;]<div class=\"shadow_img_frame shadow_two_col_small tt_animate_none true-img-none\"><div class=\"img-preload\"><img src='https:\/\/newyork.ravarealty.com\/wp-content\/uploads\/2013\/11\/\/SNpage1-324x180.jpg' alt='' class=\"attachment-fadeIn\" \/><\/div><\/div>[\/vc_column][\/vc_row][vc_row][vc_column][vc_column_text]\n<p style=\"text-align: justify;\">I suoi famosi edifici residenziali si trovano nella zona d\u2019interesse storico, il cosiddetto SoHo Cast Iron Historic District, una ex area industriale lungo West Broadway dove gli artisti cominciarono a trasferirsi negli anni \u201960 in cerca di ampi spazi a poco prezzo per vivere e installare i loro atelier. All\u2019inizio del decennio successivo, la forte presenza della comunit\u00e0 artistica aveva gi\u00e0 provocato una sorta di rinascimento del quartiere, caratterizzato da eccellenti interventi di ristrutturazione dei grandi loft, un aumento del valore degli immobili e la contaminazione delle aree vicine, ancora \u201cda scoprire\u201d per il bisogno di spazio dove espandersi. La citt\u00e0 fu sorpresa dall\u2019incredibile popolarit\u00e0 della zona e presto, alle eleganti boutique e gallerie per la cerchia degli artisti, si aggiunsero stilisti internazionali come Chanel e Prada, negozi di mobili e casalinghi di lusso, oltre a punti vendita di marchi famosi tra cui Barneys Coop, Top Shop, Apple e Diesel. Il quartiere, ormai famoso a livello mondiale come esclusivo luogo di shopping, \u00e8 molto animato nel weekend, ma conserva ancora zone dall\u2019atmosfera rilassata dove strade acciottolate, ristoranti tipici e caff\u00e8 in stile europeo deliziano i residenti locali. La vocazione artistica di questa zona della citt\u00e0 \u00e8 mantenuta viva dalla presenza di gallerie d\u2019avanguardia, come la Dietch Projects, e dall\u2019annuale Art Parade che d\u00e0 visibilit\u00e0 sia ai pi\u00f9 creativi fra gli artisti pionieri di SoHo, sia a giovani emergenti.<\/p>\n<p style=\"text-align: center;\"><iframe loading=\"lazy\" style=\"border: 0;\" src=\"https:\/\/www.google.com\/maps\/embed?pb=!1m18!1m12!1m3!1d6047.511382584883!2d-74.00042740000004!3d40.72339439999993!2m3!1f0!2f0!3f0!3m2!1i1024!2i768!4f13.1!3m3!1m2!1s0x89c2598c5e51e2f3%3A0xce2f3449f490f818!2sSoHo!5e0!3m2!1sen!2sus!4v1394806133652\" width=\"400\" height=\"300\" frameborder=\"0\"><\/iframe><\/p>\n[\/vc_column_text][\/vc_column][\/vc_row]\n<\/div>","protected":false},"excerpt":{"rendered":"<p>[vc_row][vc_column][vc_column_text]<br \/>\n SoHo and Nolita <br \/>\n[\/vc_column_text][\/vc_column][\/vc_row][vc_row][vc_column width=&#8221;1\/2&#8243;][vc_column_text]<br \/>\nSituato a sud di Greenwich Village e a ovest di Little Italy, SoHo (che significa south of Houston street) occupa un\u2019area relativamente piccola delimitata grossomodo da Broadway, il fiume Hudson, Houston Street e Canal Street. Forma una unica circoscrizione amministrativa con Nolita (north of Little Italy), il quartire con cui confina a est di Broadway.<br \/>\n[\/vc_column_text][\/vc_column][vc_column width=&#8221;1\/2&#8243;][\/vc_column][\/vc_row][vc_row][vc_column][vc_column_text]<br \/>\nI suoi famosi edifici residenziali si trovano nella zona d\u2019interesse storico, il cosiddetto SoHo Cast &#8230;<\/p>\n","protected":false},"author":1,"featured_media":0,"parent":3670,"menu_order":0,"comment_status":"closed","ping_status":"closed","template":"template_rightnav.php","meta":{"_monsterinsights_skip_tracking":false,"_monsterinsights_sitenote_active":false,"_monsterinsights_sitenote_note":"","_monsterinsights_sitenote_category":0,"footnotes":""},"class_list":["post-1868","page","type-page","status-publish","hentry"],"yoast_head":"<!-- This site is optimized with the Yoast SEO plugin v27.2 - https:\/\/yoast.com\/product\/yoast-seo-wordpress\/ -->\n<title>Rava Realty - SoHo and NoLita<\/title>\n<meta name=\"description\" content=\"South of Greenwich Village and west of Little Italy, SoHo is a relatively small area bounded roughly by Broadway. Together with NoLita (North Of Little Italy) its neighbor directly adjacent to the East of Broadway, they form a single community.\" \/>\n<meta name=\"robots\" content=\"index, follow, max-snippet:-1, max-image-preview:large, max-video-preview:-1\" \/>\n<link rel=\"canonical\" href=\"https:\/\/newyork.ravarealty.com\/it\/quartieri\/soho-and-nolita\/\" \/>\n<meta property=\"og:locale\" content=\"it_IT\" \/>\n<meta property=\"og:type\" content=\"article\" \/>\n<meta property=\"og:title\" content=\"Rava Realty - SoHo and NoLita\" \/>\n<meta property=\"og:description\" content=\"South of Greenwich Village and west of Little Italy, SoHo is a relatively small area bounded roughly by Broadway. Together with NoLita (North Of Little Italy) its neighbor directly adjacent to the East of Broadway, they form a single community.\" \/>\n<meta property=\"og:url\" content=\"https:\/\/newyork.ravarealty.com\/it\/quartieri\/soho-and-nolita\/\" \/>\n<meta property=\"og:site_name\" content=\"Rava Realty\" \/>\n<meta property=\"article:modified_time\" content=\"2018-09-25T11:12:54+00:00\" \/>\n<meta name=\"twitter:label1\" content=\"Tempo di lettura stimato\" \/>\n\t<meta name=\"twitter:data1\" content=\"2 minuti\" \/>\n<script type=\"application\/ld+json\" class=\"yoast-schema-graph\">{\"@context\":\"https:\/\/schema.org\",\"@graph\":[{\"@type\":\"WebPage\",\"@id\":\"https:\/\/newyork.ravarealty.com\/it\/quartieri\/soho-and-nolita\/\",\"url\":\"https:\/\/newyork.ravarealty.com\/it\/quartieri\/soho-and-nolita\/\",\"name\":\"Rava Realty - SoHo and NoLita\",\"isPartOf\":{\"@id\":\"https:\/\/newyork.ravarealty.com\/#website\"},\"datePublished\":\"2013-11-03T23:45:34+00:00\",\"dateModified\":\"2018-09-25T11:12:54+00:00\",\"description\":\"South of Greenwich Village and west of Little Italy, SoHo is a relatively small area bounded roughly by Broadway. Together with NoLita (North Of Little Italy) its neighbor directly adjacent to the East of Broadway, they form a single community.\",\"breadcrumb\":{\"@id\":\"https:\/\/newyork.ravarealty.com\/it\/quartieri\/soho-and-nolita\/#breadcrumb\"},\"inLanguage\":\"it-IT\",\"potentialAction\":[{\"@type\":\"ReadAction\",\"target\":[\"https:\/\/newyork.ravarealty.com\/it\/quartieri\/soho-and-nolita\/\"]}]},{\"@type\":\"BreadcrumbList\",\"@id\":\"https:\/\/newyork.ravarealty.com\/it\/quartieri\/soho-and-nolita\/#breadcrumb\",\"itemListElement\":[{\"@type\":\"ListItem\",\"position\":1,\"name\":\"Quartieri\",\"item\":\"https:\/\/newyork.ravarealty.com\/it\/quartieri\/\"},{\"@type\":\"ListItem\",\"position\":2,\"name\":\"SoHo and Nolita\"}]},{\"@type\":\"WebSite\",\"@id\":\"https:\/\/newyork.ravarealty.com\/#website\",\"url\":\"https:\/\/newyork.ravarealty.com\/\",\"name\":\"Rava Realty\",\"description\":\"NYC Real Estate\",\"potentialAction\":[{\"@type\":\"SearchAction\",\"target\":{\"@type\":\"EntryPoint\",\"urlTemplate\":\"https:\/\/newyork.ravarealty.com\/?s={search_term_string}\"},\"query-input\":{\"@type\":\"PropertyValueSpecification\",\"valueRequired\":true,\"valueName\":\"search_term_string\"}}],\"inLanguage\":\"it-IT\"}]}<\/script>\n<!-- \/ Yoast SEO plugin. -->","yoast_head_json":{"title":"Rava Realty - SoHo and NoLita","description":"South of Greenwich Village and west of Little Italy, SoHo is a relatively small area bounded roughly by Broadway. Together with NoLita (North Of Little Italy) its neighbor directly adjacent to the East of Broadway, they form a single community.","robots":{"index":"index","follow":"follow","max-snippet":"max-snippet:-1","max-image-preview":"max-image-preview:large","max-video-preview":"max-video-preview:-1"},"canonical":"https:\/\/newyork.ravarealty.com\/it\/quartieri\/soho-and-nolita\/","og_locale":"it_IT","og_type":"article","og_title":"Rava Realty - SoHo and NoLita","og_description":"South of Greenwich Village and west of Little Italy, SoHo is a relatively small area bounded roughly by Broadway. Together with NoLita (North Of Little Italy) its neighbor directly adjacent to the East of Broadway, they form a single community.","og_url":"https:\/\/newyork.ravarealty.com\/it\/quartieri\/soho-and-nolita\/","og_site_name":"Rava Realty","article_modified_time":"2018-09-25T11:12:54+00:00","twitter_misc":{"Tempo di lettura stimato":"2 minuti"},"schema":{"@context":"https:\/\/schema.org","@graph":[{"@type":"WebPage","@id":"https:\/\/newyork.ravarealty.com\/it\/quartieri\/soho-and-nolita\/","url":"https:\/\/newyork.ravarealty.com\/it\/quartieri\/soho-and-nolita\/","name":"Rava Realty - SoHo and NoLita","isPartOf":{"@id":"https:\/\/newyork.ravarealty.com\/#website"},"datePublished":"2013-11-03T23:45:34+00:00","dateModified":"2018-09-25T11:12:54+00:00","description":"South of Greenwich Village and west of Little Italy, SoHo is a relatively small area bounded roughly by Broadway. Together with NoLita (North Of Little Italy) its neighbor directly adjacent to the East of Broadway, they form a single community.","breadcrumb":{"@id":"https:\/\/newyork.ravarealty.com\/it\/quartieri\/soho-and-nolita\/#breadcrumb"},"inLanguage":"it-IT","potentialAction":[{"@type":"ReadAction","target":["https:\/\/newyork.ravarealty.com\/it\/quartieri\/soho-and-nolita\/"]}]},{"@type":"BreadcrumbList","@id":"https:\/\/newyork.ravarealty.com\/it\/quartieri\/soho-and-nolita\/#breadcrumb","itemListElement":[{"@type":"ListItem","position":1,"name":"Quartieri","item":"https:\/\/newyork.ravarealty.com\/it\/quartieri\/"},{"@type":"ListItem","position":2,"name":"SoHo and Nolita"}]},{"@type":"WebSite","@id":"https:\/\/newyork.ravarealty.com\/#website","url":"https:\/\/newyork.ravarealty.com\/","name":"Rava Realty","description":"NYC Real Estate","potentialAction":[{"@type":"SearchAction","target":{"@type":"EntryPoint","urlTemplate":"https:\/\/newyork.ravarealty.com\/?s={search_term_string}"},"query-input":{"@type":"PropertyValueSpecification","valueRequired":true,"valueName":"search_term_string"}}],"inLanguage":"it-IT"}]}},"_links":{"self":[{"href":"https:\/\/newyork.ravarealty.com\/it\/wp-json\/wp\/v2\/pages\/1868","targetHints":{"allow":["GET"]}}],"collection":[{"href":"https:\/\/newyork.ravarealty.com\/it\/wp-json\/wp\/v2\/pages"}],"about":[{"href":"https:\/\/newyork.ravarealty.com\/it\/wp-json\/wp\/v2\/types\/page"}],"author":[{"embeddable":true,"href":"https:\/\/newyork.ravarealty.com\/it\/wp-json\/wp\/v2\/users\/1"}],"replies":[{"embeddable":true,"href":"https:\/\/newyork.ravarealty.com\/it\/wp-json\/wp\/v2\/comments?post=1868"}],"version-history":[{"count":0,"href":"https:\/\/newyork.ravarealty.com\/it\/wp-json\/wp\/v2\/pages\/1868\/revisions"}],"up":[{"embeddable":true,"href":"https:\/\/newyork.ravarealty.com\/it\/wp-json\/wp\/v2\/pages\/3670"}],"wp:attachment":[{"href":"https:\/\/newyork.ravarealty.com\/it\/wp-json\/wp\/v2\/media?parent=1868"}],"curies":[{"name":"wp","href":"https:\/\/api.w.org\/{rel}","templated":true}]}}