{"id":1870,"date":"2013-11-04T01:24:48","date_gmt":"2013-11-04T01:24:48","guid":{"rendered":"http:\/\/newyork.ravarealty.com\/?page_id=1870"},"modified":"2018-09-25T09:24:29","modified_gmt":"2018-09-25T14:24:29","slug":"the-heights","status":"publish","type":"page","link":"https:\/\/newyork.ravarealty.com\/it\/quartieri\/the-heights\/","title":{"rendered":"The Heights"},"content":{"rendered":"<div class=\"wpb-content-wrapper\">[vc_row][vc_column][vc_column_text]\n<h3><b>The Heights<\/b><\/h3>\n[\/vc_column_text][\/vc_column][\/vc_row][vc_row][vc_column width=&#8221;1\/2&#8243;][vc_column_text]\n<p style=\"text-align: justify;\"><strong>Morningside Heights<\/strong> si estende dalla 110ecima alla 125esima strada, delimitato a ovest da Riverside Drive e a est da Morningside Park. Il quartiere \u00e8 un incrocio tra l\u2019Upper West Side e Harlem, caratterizzato dalla presenza di alcuni degli esempi architettonici e punti di riferimento pi\u00f9 imponenti della citt\u00e0: bei palazzi costruiti a inizio ventesimo secolo (molti con grandi atri in marmo), la cattedrale episcopale di St. John the Divine e la chiesa di Riverside. Claremont Avenue, che si estende verso nord per diversi isolati dalla 116esima strada, \u00e8 una delle vie residenziali di maggior richiamo della citt\u00e0. La zona \u00e8 dominata dalla presenza della Columbia University, proprietaria di quasi tutta l\u2019area, e di Broadway la sua strada principale brulicante di attivit\u00e0 commerciali e ristoranti.<\/p>\n[\/vc_column_text][\/vc_column][vc_column width=&#8221;1\/2&#8243;]<div class=\"shadow_img_frame shadow_portrait_thumb tt_animate_none true-img-none\"><div class=\"img-preload\"><img src='https:\/\/newyork.ravarealty.com\/wp-content\/uploads\/2013\/11\/\/morningside-heights-page-275x355.jpg' alt='' class=\"attachment-fadeIn\" \/><\/div><\/div>[\/vc_column][\/vc_row][vc_row][vc_column width=&#8221;1\/2&#8243;]<div class=\"shadow_img_frame shadow_portrait_thumb tt_animate_none true-img-none\"><div class=\"img-preload\"><img src='https:\/\/newyork.ravarealty.com\/wp-content\/uploads\/2013\/11\/\/hamilton-heights-page-275x355.jpg' alt='' class=\"attachment-fadeIn\" \/><\/div><\/div>[\/vc_column][vc_column width=&#8221;1\/2&#8243;][vc_column_text]\n<p style=\"text-align: justify;\"><strong>Hamilton Heights<\/strong> delimitato a sud dalla 125esima strada, a nord dalla 155esima strada, a ovest da riverside drive e a est da Edgecombe Avenue, deve il proprio nome al padre fondatore Alexander Hamilton, che trascorse gli ultimi due anni di vita in quest\u2019area quando era ancora in gran parte un terreno di campagna. Pi\u00f9 precisamente, abit\u00f2 in quello che oggi \u00e8 noto come l\u2019Hamilton Grange National Monument. Hamilton Heights \u00e8 conosciuto soprattutto per \u201cStrivers Row\u201d, un isolato di ambitissime case mono o bi-familiari con giardino in comune. Alcuni parti di Strivers Row sono state progettate dal rinomato studio di architettura McKim, Mead and White. Altri dettagli di questo elegante complesso residenziale sono: incantevoli scale, caminetti, porte a scomparsa e profili per le pareti. Anche nell\u2019area circostante, la combinazione di belle case a schiera e un ottimo accesso alla metropolitana rende Hamilton Heights un luogo molto piacevole dove vivere.<\/p>\n[\/vc_column_text][\/vc_column][\/vc_row][vc_row][vc_column width=&#8221;1\/2&#8243;][vc_column_text]\n<p style=\"text-align: justify;\"><strong>Washington Heights<\/strong> si estende dalla 155esima strada alla Dyckman strada, nella zona compresa tra l\u2019Est River e il fiume Hudson. Qui, troverete palazzi di appartamenti a 5 e 6 piani risalenti all\u2019ante guerra, case a schiera e co-op in stile art deco dove non \u00e8 insolito trovare appartamenti con 3 camere e 3 bagni. L\u2019attrazione pi\u00f9 nota di Washington Heights, meta del turismo culturale \u00e8 il monastero Cloisters sito a Fort Tyron Park nell\u2019estremit\u00e0 settentrionale del quartiere, da cui si godono meravigliose viste sull\u2019Hudson che arrivano fino alle scogliere di Palisades nel New Jersey. Si tratta di una sede distaccata del Metropolitan Museum interamente dedicata alla cultura e all\u2019arte medioevale, situata in un edificio in stile medioevale ricostruito usando vere porzioni di castelli medioevali che (dopo essere stati acquistati dal MET) sono stati \u201csmontati\u201d in Europa e \u201crimontati\u201d a New York. La tranquillit\u00e0 del luogo \u00e8 cosi sorprendente che per un attimo ci si dimentica quasi di essere nella Grande Mela.<\/p>\n[\/vc_column_text][\/vc_column][vc_column width=&#8221;1\/2&#8243;]<div class=\"shadow_img_frame shadow_portrait_thumb tt_animate_none true-img-none\"><div class=\"img-preload\"><img src='https:\/\/newyork.ravarealty.com\/wp-content\/uploads\/2013\/11\/\/whpage-275x355.jpg' alt='' class=\"attachment-fadeIn\" \/><\/div><\/div>[\/vc_column][\/vc_row][vc_row][vc_column][vc_column_text]\n<p style=\"text-align: center;\"><iframe loading=\"lazy\" style=\"border: 0;\" src=\"https:\/\/www.google.com\/maps\/embed?pb=!1m18!1m12!1m3!1d12076.391918152818!2d-73.95004919999997!3d40.82581149999994!2m3!1f0!2f0!3f0!3m2!1i1024!2i768!4f13.1!3m3!1m2!1s0x89c2f6644f56f8d5%3A0x56175bcac993369c!2sHamilton+Heights!5e0!3m2!1sen!2sus!4v1394810786863\" width=\"400\" height=\"300\" frameborder=\"0\"><\/iframe><\/p>\n[\/vc_column_text][\/vc_column][\/vc_row]\n<\/div>","protected":false},"excerpt":{"rendered":"<p>[vc_row][vc_column][vc_column_text]<br \/>\nThe Heights<br \/>\n[\/vc_column_text][\/vc_column][\/vc_row][vc_row][vc_column width=&#8221;1\/2&#8243;][vc_column_text]<br \/>\nMorningside Heights si estende dalla 110ecima alla 125esima strada, delimitato a ovest da Riverside Drive e a est da Morningside Park. Il quartiere \u00e8 un incrocio tra l\u2019Upper West Side e Harlem, caratterizzato dalla presenza di alcuni degli esempi architettonici e punti di riferimento pi\u00f9 imponenti della citt\u00e0: bei palazzi costruiti a inizio ventesimo secolo (molti con grandi atri in marmo), la cattedrale episcopale di St. John the Divine e la chiesa di Riverside. Claremont &#8230;<\/p>\n","protected":false},"author":1,"featured_media":0,"parent":3670,"menu_order":0,"comment_status":"closed","ping_status":"closed","template":"template_rightnav.php","meta":{"_monsterinsights_skip_tracking":false,"_monsterinsights_sitenote_active":false,"_monsterinsights_sitenote_note":"","_monsterinsights_sitenote_category":0,"footnotes":""},"class_list":["post-1870","page","type-page","status-publish","hentry"],"yoast_head":"<!-- This site is optimized with the Yoast SEO plugin v27.2 - https:\/\/yoast.com\/product\/yoast-seo-wordpress\/ -->\n<title>Rava Realty - The Heights<\/title>\n<meta name=\"description\" content=\"Morningside Heights from Riverside Drive to Morningside Park, Hamilton Heights runs from from West 125th Street to West 155th Street, Washington Heights runs between 155th Street to Dyckman Street, from the East River to the Hudson River.\" \/>\n<meta name=\"robots\" content=\"index, follow, max-snippet:-1, max-image-preview:large, max-video-preview:-1\" \/>\n<link rel=\"canonical\" href=\"https:\/\/newyork.ravarealty.com\/it\/quartieri\/the-heights\/\" \/>\n<meta property=\"og:locale\" content=\"it_IT\" \/>\n<meta property=\"og:type\" content=\"article\" \/>\n<meta property=\"og:title\" content=\"Rava Realty - The Heights\" \/>\n<meta property=\"og:description\" content=\"Morningside Heights from Riverside Drive to Morningside Park, Hamilton Heights runs from from West 125th Street to West 155th Street, Washington Heights runs between 155th Street to Dyckman Street, from the East River to the Hudson River.\" \/>\n<meta property=\"og:url\" content=\"https:\/\/newyork.ravarealty.com\/it\/quartieri\/the-heights\/\" \/>\n<meta property=\"og:site_name\" content=\"Rava Realty\" \/>\n<meta property=\"article:modified_time\" content=\"2018-09-25T14:24:29+00:00\" \/>\n<meta name=\"twitter:label1\" content=\"Tempo di lettura stimato\" \/>\n\t<meta name=\"twitter:data1\" content=\"3 minuti\" \/>\n<script type=\"application\/ld+json\" class=\"yoast-schema-graph\">{\"@context\":\"https:\/\/schema.org\",\"@graph\":[{\"@type\":\"WebPage\",\"@id\":\"https:\/\/newyork.ravarealty.com\/it\/quartieri\/the-heights\/\",\"url\":\"https:\/\/newyork.ravarealty.com\/it\/quartieri\/the-heights\/\",\"name\":\"Rava Realty - The Heights\",\"isPartOf\":{\"@id\":\"https:\/\/newyork.ravarealty.com\/#website\"},\"datePublished\":\"2013-11-04T01:24:48+00:00\",\"dateModified\":\"2018-09-25T14:24:29+00:00\",\"description\":\"Morningside Heights from Riverside Drive to Morningside Park, Hamilton Heights runs from from West 125th Street to West 155th Street, Washington Heights runs between 155th Street to Dyckman Street, from the East River to the Hudson River.\",\"breadcrumb\":{\"@id\":\"https:\/\/newyork.ravarealty.com\/it\/quartieri\/the-heights\/#breadcrumb\"},\"inLanguage\":\"it-IT\",\"potentialAction\":[{\"@type\":\"ReadAction\",\"target\":[\"https:\/\/newyork.ravarealty.com\/it\/quartieri\/the-heights\/\"]}]},{\"@type\":\"BreadcrumbList\",\"@id\":\"https:\/\/newyork.ravarealty.com\/it\/quartieri\/the-heights\/#breadcrumb\",\"itemListElement\":[{\"@type\":\"ListItem\",\"position\":1,\"name\":\"Quartieri\",\"item\":\"https:\/\/newyork.ravarealty.com\/it\/quartieri\/\"},{\"@type\":\"ListItem\",\"position\":2,\"name\":\"The Heights\"}]},{\"@type\":\"WebSite\",\"@id\":\"https:\/\/newyork.ravarealty.com\/#website\",\"url\":\"https:\/\/newyork.ravarealty.com\/\",\"name\":\"Rava Realty\",\"description\":\"NYC Real Estate\",\"potentialAction\":[{\"@type\":\"SearchAction\",\"target\":{\"@type\":\"EntryPoint\",\"urlTemplate\":\"https:\/\/newyork.ravarealty.com\/?s={search_term_string}\"},\"query-input\":{\"@type\":\"PropertyValueSpecification\",\"valueRequired\":true,\"valueName\":\"search_term_string\"}}],\"inLanguage\":\"it-IT\"}]}<\/script>\n<!-- \/ Yoast SEO plugin. -->","yoast_head_json":{"title":"Rava Realty - The Heights","description":"Morningside Heights from Riverside Drive to Morningside Park, Hamilton Heights runs from from West 125th Street to West 155th Street, Washington Heights runs between 155th Street to Dyckman Street, from the East River to the Hudson River.","robots":{"index":"index","follow":"follow","max-snippet":"max-snippet:-1","max-image-preview":"max-image-preview:large","max-video-preview":"max-video-preview:-1"},"canonical":"https:\/\/newyork.ravarealty.com\/it\/quartieri\/the-heights\/","og_locale":"it_IT","og_type":"article","og_title":"Rava Realty - The Heights","og_description":"Morningside Heights from Riverside Drive to Morningside Park, Hamilton Heights runs from from West 125th Street to West 155th Street, Washington Heights runs between 155th Street to Dyckman Street, from the East River to the Hudson River.","og_url":"https:\/\/newyork.ravarealty.com\/it\/quartieri\/the-heights\/","og_site_name":"Rava Realty","article_modified_time":"2018-09-25T14:24:29+00:00","twitter_misc":{"Tempo di lettura stimato":"3 minuti"},"schema":{"@context":"https:\/\/schema.org","@graph":[{"@type":"WebPage","@id":"https:\/\/newyork.ravarealty.com\/it\/quartieri\/the-heights\/","url":"https:\/\/newyork.ravarealty.com\/it\/quartieri\/the-heights\/","name":"Rava Realty - The Heights","isPartOf":{"@id":"https:\/\/newyork.ravarealty.com\/#website"},"datePublished":"2013-11-04T01:24:48+00:00","dateModified":"2018-09-25T14:24:29+00:00","description":"Morningside Heights from Riverside Drive to Morningside Park, Hamilton Heights runs from from West 125th Street to West 155th Street, Washington Heights runs between 155th Street to Dyckman Street, from the East River to the Hudson River.","breadcrumb":{"@id":"https:\/\/newyork.ravarealty.com\/it\/quartieri\/the-heights\/#breadcrumb"},"inLanguage":"it-IT","potentialAction":[{"@type":"ReadAction","target":["https:\/\/newyork.ravarealty.com\/it\/quartieri\/the-heights\/"]}]},{"@type":"BreadcrumbList","@id":"https:\/\/newyork.ravarealty.com\/it\/quartieri\/the-heights\/#breadcrumb","itemListElement":[{"@type":"ListItem","position":1,"name":"Quartieri","item":"https:\/\/newyork.ravarealty.com\/it\/quartieri\/"},{"@type":"ListItem","position":2,"name":"The Heights"}]},{"@type":"WebSite","@id":"https:\/\/newyork.ravarealty.com\/#website","url":"https:\/\/newyork.ravarealty.com\/","name":"Rava Realty","description":"NYC Real Estate","potentialAction":[{"@type":"SearchAction","target":{"@type":"EntryPoint","urlTemplate":"https:\/\/newyork.ravarealty.com\/?s={search_term_string}"},"query-input":{"@type":"PropertyValueSpecification","valueRequired":true,"valueName":"search_term_string"}}],"inLanguage":"it-IT"}]}},"_links":{"self":[{"href":"https:\/\/newyork.ravarealty.com\/it\/wp-json\/wp\/v2\/pages\/1870","targetHints":{"allow":["GET"]}}],"collection":[{"href":"https:\/\/newyork.ravarealty.com\/it\/wp-json\/wp\/v2\/pages"}],"about":[{"href":"https:\/\/newyork.ravarealty.com\/it\/wp-json\/wp\/v2\/types\/page"}],"author":[{"embeddable":true,"href":"https:\/\/newyork.ravarealty.com\/it\/wp-json\/wp\/v2\/users\/1"}],"replies":[{"embeddable":true,"href":"https:\/\/newyork.ravarealty.com\/it\/wp-json\/wp\/v2\/comments?post=1870"}],"version-history":[{"count":0,"href":"https:\/\/newyork.ravarealty.com\/it\/wp-json\/wp\/v2\/pages\/1870\/revisions"}],"up":[{"embeddable":true,"href":"https:\/\/newyork.ravarealty.com\/it\/wp-json\/wp\/v2\/pages\/3670"}],"wp:attachment":[{"href":"https:\/\/newyork.ravarealty.com\/it\/wp-json\/wp\/v2\/media?parent=1870"}],"curies":[{"name":"wp","href":"https:\/\/api.w.org\/{rel}","templated":true}]}}