{"id":1874,"date":"2013-11-04T00:51:11","date_gmt":"2013-11-04T00:51:11","guid":{"rendered":"http:\/\/newyork.ravarealty.com\/?page_id=1874"},"modified":"2018-09-25T09:03:04","modified_gmt":"2018-09-25T14:03:04","slug":"upper-east-side","status":"publish","type":"page","link":"https:\/\/newyork.ravarealty.com\/it\/quartieri\/upper-east-side\/","title":{"rendered":"Upper East Side\u00a0"},"content":{"rendered":"<div class=\"wpb-content-wrapper\">[vc_row][vc_column][vc_column_text]\n<h3><b>Upper East Side<\/b><\/h3>\n[\/vc_column_text][\/vc_column][\/vc_row][vc_row][vc_column width=&#8221;1\/2&#8243;][vc_column_text]\n<p style=\"text-align: justify;\">Situato nel settore della citt\u00e0 che si estende a est di Central Park fino all\u2019East River, tra la 59esima e la 96esima strada, l\u2019 Upper East Side \u00e8 uno dei quartieri pi\u00f9 lussuosi di New York, noto per la sua eleganza e raffinatezza. La maggior parte degli edifici residenziali vicino alla Quinta Avenue sono stati costruiti fra l\u2019inizio e gli anni 30 del \u2018900.L\u2019Upper East Side ospita la pi\u00f9 alta concentrazione di musei della citt\u00e0. Tra cui spiccano, il Metropolitan Museum of Art, Whitney, il Guggenheim, la Frick Collection e molte altre eccellenti istituzioni pi\u00f9 piccole.<\/p>\n[\/vc_column_text][\/vc_column][vc_column width=&#8221;1\/2&#8243;]<div class=\"shadow_img_frame shadow_two_col_small tt_animate_none true-img-none\"><div class=\"img-preload\"><img src='https:\/\/newyork.ravarealty.com\/wp-content\/uploads\/2013\/11\/\/UESpage-324x180.jpg' alt='' class=\"attachment-fadeIn\" \/><\/div><\/div>[\/vc_column][\/vc_row][vc_row][vc_column][vc_column_text]\n<p style=\"text-align: justify;\">Non c\u2019\u00e8 da sorprendersi quindi se il tratto di 5th Avenue dalla 60esima alla 110ecima \u00e8 denominato \u201cMuseum Mile\u201d. Insieme a Madison Avenue la Quinta Avenue vanta in oltre alcuni dei negozi e marchi pi\u00f9 desiderati al mondo come Bloomingdale\u2019s, Barney\u2019s, Chanel e Prada. Qui si trovano anche molti grandi hotel internazionali come il Carlyle, il Mark, il Lowell e il Pierre e decine di raffinati ristoranti tra cui il Daniel, il Sandro\u2019s, il David Burke Townhouse e molti altri. L\u2019Upper East Side infine dista pochi passi, o al massimo qualche isolato, da Central Park, un area di svago famosa in tutto il mondo con zoo, campi da tennis, giardini all\u2019italiana, sentieri per cavalli e laghetti artificiali. I residenti di Yorkville, la zona del quartieri che si affaccia sull\u2019East River, bench\u00e9 pi\u00f9 lontana da Central Park, godono per\u00f2 di meravigliose viste sul fiume e del valore aggiunto del Carl Schurz Park.<\/p>\n<p style=\"text-align: center;\"><iframe loading=\"lazy\" style=\"border: 0;\" src=\"https:\/\/www.google.com\/maps\/embed?pb=!1m18!1m12!1m3!1d24171.960404466547!2d-73.95773400000002!3d40.77312949999993!2m3!1f0!2f0!3f0!3m2!1i1024!2i768!4f13.1!3m3!1m2!1s0x89c258bf08488f6b%3A0x618706a9142daa0d!2sUpper+East+Side!5e0!3m2!1sen!2sus!4v1394809903530\" width=\"400\" height=\"300\" frameborder=\"0\"><\/iframe><\/p>\n[\/vc_column_text][\/vc_column][\/vc_row]\n<\/div>","protected":false},"excerpt":{"rendered":"<p>[vc_row][vc_column][vc_column_text]<br \/>\nUpper East Side<br \/>\n[\/vc_column_text][\/vc_column][\/vc_row][vc_row][vc_column width=&#8221;1\/2&#8243;][vc_column_text]<br \/>\nSituato nel settore della citt\u00e0 che si estende a est di Central Park fino all\u2019East River, tra la 59esima e la 96esima strada, l\u2019 Upper East Side \u00e8 uno dei quartieri pi\u00f9 lussuosi di New York, noto per la sua eleganza e raffinatezza. La maggior parte degli edifici residenziali vicino alla Quinta Avenue sono stati costruiti fra l\u2019inizio e gli anni 30 del \u2018900.L\u2019Upper East Side ospita la pi\u00f9 alta concentrazione di musei della &#8230;<\/p>\n","protected":false},"author":1,"featured_media":0,"parent":3670,"menu_order":0,"comment_status":"closed","ping_status":"closed","template":"template_rightnav.php","meta":{"_monsterinsights_skip_tracking":false,"_monsterinsights_sitenote_active":false,"_monsterinsights_sitenote_note":"","_monsterinsights_sitenote_category":0,"footnotes":""},"class_list":["post-1874","page","type-page","status-publish","hentry"],"yoast_head":"<!-- This site is optimized with the Yoast SEO plugin v27.2 - https:\/\/yoast.com\/product\/yoast-seo-wordpress\/ -->\n<title>Rava Realty - Upper East Side<\/title>\n<meta name=\"description\" content=\"Upper East Side is situated between Central Park and the East River and 59th Street to 96th Street, the Upper East Side is known for being an elegant\" \/>\n<meta name=\"robots\" content=\"index, follow, max-snippet:-1, max-image-preview:large, max-video-preview:-1\" \/>\n<link rel=\"canonical\" href=\"https:\/\/newyork.ravarealty.com\/it\/quartieri\/upper-east-side\/\" \/>\n<meta property=\"og:locale\" content=\"it_IT\" \/>\n<meta property=\"og:type\" content=\"article\" \/>\n<meta property=\"og:title\" content=\"Rava Realty - Upper East Side\" \/>\n<meta property=\"og:description\" content=\"Upper East Side is situated between Central Park and the East River and 59th Street to 96th Street, the Upper East Side is known for being an elegant\" \/>\n<meta property=\"og:url\" content=\"https:\/\/newyork.ravarealty.com\/it\/quartieri\/upper-east-side\/\" \/>\n<meta property=\"og:site_name\" content=\"Rava Realty\" \/>\n<meta property=\"article:modified_time\" content=\"2018-09-25T14:03:04+00:00\" \/>\n<meta name=\"twitter:label1\" content=\"Tempo di lettura stimato\" \/>\n\t<meta name=\"twitter:data1\" content=\"2 minuti\" \/>\n<script type=\"application\/ld+json\" class=\"yoast-schema-graph\">{\"@context\":\"https:\/\/schema.org\",\"@graph\":[{\"@type\":\"WebPage\",\"@id\":\"https:\/\/newyork.ravarealty.com\/it\/quartieri\/upper-east-side\/\",\"url\":\"https:\/\/newyork.ravarealty.com\/it\/quartieri\/upper-east-side\/\",\"name\":\"Rava Realty - Upper East Side\",\"isPartOf\":{\"@id\":\"https:\/\/newyork.ravarealty.com\/#website\"},\"datePublished\":\"2013-11-04T00:51:11+00:00\",\"dateModified\":\"2018-09-25T14:03:04+00:00\",\"description\":\"Upper East Side is situated between Central Park and the East River and 59th Street to 96th Street, the Upper East Side is known for being an elegant\",\"breadcrumb\":{\"@id\":\"https:\/\/newyork.ravarealty.com\/it\/quartieri\/upper-east-side\/#breadcrumb\"},\"inLanguage\":\"it-IT\",\"potentialAction\":[{\"@type\":\"ReadAction\",\"target\":[\"https:\/\/newyork.ravarealty.com\/it\/quartieri\/upper-east-side\/\"]}]},{\"@type\":\"BreadcrumbList\",\"@id\":\"https:\/\/newyork.ravarealty.com\/it\/quartieri\/upper-east-side\/#breadcrumb\",\"itemListElement\":[{\"@type\":\"ListItem\",\"position\":1,\"name\":\"Quartieri\",\"item\":\"https:\/\/newyork.ravarealty.com\/it\/quartieri\/\"},{\"@type\":\"ListItem\",\"position\":2,\"name\":\"Upper East Side\u00a0\"}]},{\"@type\":\"WebSite\",\"@id\":\"https:\/\/newyork.ravarealty.com\/#website\",\"url\":\"https:\/\/newyork.ravarealty.com\/\",\"name\":\"Rava Realty\",\"description\":\"NYC Real Estate\",\"potentialAction\":[{\"@type\":\"SearchAction\",\"target\":{\"@type\":\"EntryPoint\",\"urlTemplate\":\"https:\/\/newyork.ravarealty.com\/?s={search_term_string}\"},\"query-input\":{\"@type\":\"PropertyValueSpecification\",\"valueRequired\":true,\"valueName\":\"search_term_string\"}}],\"inLanguage\":\"it-IT\"}]}<\/script>\n<!-- \/ Yoast SEO plugin. -->","yoast_head_json":{"title":"Rava Realty - Upper East Side","description":"Upper East Side is situated between Central Park and the East River and 59th Street to 96th Street, the Upper East Side is known for being an elegant","robots":{"index":"index","follow":"follow","max-snippet":"max-snippet:-1","max-image-preview":"max-image-preview:large","max-video-preview":"max-video-preview:-1"},"canonical":"https:\/\/newyork.ravarealty.com\/it\/quartieri\/upper-east-side\/","og_locale":"it_IT","og_type":"article","og_title":"Rava Realty - Upper East Side","og_description":"Upper East Side is situated between Central Park and the East River and 59th Street to 96th Street, the Upper East Side is known for being an elegant","og_url":"https:\/\/newyork.ravarealty.com\/it\/quartieri\/upper-east-side\/","og_site_name":"Rava Realty","article_modified_time":"2018-09-25T14:03:04+00:00","twitter_misc":{"Tempo di lettura stimato":"2 minuti"},"schema":{"@context":"https:\/\/schema.org","@graph":[{"@type":"WebPage","@id":"https:\/\/newyork.ravarealty.com\/it\/quartieri\/upper-east-side\/","url":"https:\/\/newyork.ravarealty.com\/it\/quartieri\/upper-east-side\/","name":"Rava Realty - Upper East Side","isPartOf":{"@id":"https:\/\/newyork.ravarealty.com\/#website"},"datePublished":"2013-11-04T00:51:11+00:00","dateModified":"2018-09-25T14:03:04+00:00","description":"Upper East Side is situated between Central Park and the East River and 59th Street to 96th Street, the Upper East Side is known for being an elegant","breadcrumb":{"@id":"https:\/\/newyork.ravarealty.com\/it\/quartieri\/upper-east-side\/#breadcrumb"},"inLanguage":"it-IT","potentialAction":[{"@type":"ReadAction","target":["https:\/\/newyork.ravarealty.com\/it\/quartieri\/upper-east-side\/"]}]},{"@type":"BreadcrumbList","@id":"https:\/\/newyork.ravarealty.com\/it\/quartieri\/upper-east-side\/#breadcrumb","itemListElement":[{"@type":"ListItem","position":1,"name":"Quartieri","item":"https:\/\/newyork.ravarealty.com\/it\/quartieri\/"},{"@type":"ListItem","position":2,"name":"Upper East Side\u00a0"}]},{"@type":"WebSite","@id":"https:\/\/newyork.ravarealty.com\/#website","url":"https:\/\/newyork.ravarealty.com\/","name":"Rava Realty","description":"NYC Real Estate","potentialAction":[{"@type":"SearchAction","target":{"@type":"EntryPoint","urlTemplate":"https:\/\/newyork.ravarealty.com\/?s={search_term_string}"},"query-input":{"@type":"PropertyValueSpecification","valueRequired":true,"valueName":"search_term_string"}}],"inLanguage":"it-IT"}]}},"_links":{"self":[{"href":"https:\/\/newyork.ravarealty.com\/it\/wp-json\/wp\/v2\/pages\/1874","targetHints":{"allow":["GET"]}}],"collection":[{"href":"https:\/\/newyork.ravarealty.com\/it\/wp-json\/wp\/v2\/pages"}],"about":[{"href":"https:\/\/newyork.ravarealty.com\/it\/wp-json\/wp\/v2\/types\/page"}],"author":[{"embeddable":true,"href":"https:\/\/newyork.ravarealty.com\/it\/wp-json\/wp\/v2\/users\/1"}],"replies":[{"embeddable":true,"href":"https:\/\/newyork.ravarealty.com\/it\/wp-json\/wp\/v2\/comments?post=1874"}],"version-history":[{"count":0,"href":"https:\/\/newyork.ravarealty.com\/it\/wp-json\/wp\/v2\/pages\/1874\/revisions"}],"up":[{"embeddable":true,"href":"https:\/\/newyork.ravarealty.com\/it\/wp-json\/wp\/v2\/pages\/3670"}],"wp:attachment":[{"href":"https:\/\/newyork.ravarealty.com\/it\/wp-json\/wp\/v2\/media?parent=1874"}],"curies":[{"name":"wp","href":"https:\/\/api.w.org\/{rel}","templated":true}]}}