{"id":1877,"date":"2013-11-04T00:54:58","date_gmt":"2013-11-04T00:54:58","guid":{"rendered":"http:\/\/newyork.ravarealty.com\/?page_id=1877"},"modified":"2018-09-25T09:06:55","modified_gmt":"2018-09-25T14:06:55","slug":"upper-west-side","status":"publish","type":"page","link":"https:\/\/newyork.ravarealty.com\/it\/quartieri\/upper-west-side\/","title":{"rendered":"Upper West Side"},"content":{"rendered":"<div class=\"wpb-content-wrapper\">[vc_row][vc_column][vc_column_text]\n<h3><b>Upper West Side<\/b><\/h3>\n[\/vc_column_text][\/vc_column][\/vc_row][vc_row][vc_column width=&#8221;1\/2&#8243;][vc_column_text]\n<p style=\"text-align: justify;\">L\u2019 Upper West Side di Manhattan, delimitato a sud dalla 59esima strada (escluso Columbus Circle), a nord dalla 110ecima strada, a est da Central Park e a ovest dal fiume Hudson, \u00e8 uno dei quartieri pi\u00f9 vivibili della citt\u00e0, tra i pi\u00f9 ambiti da chi \u00e8 alla ricerca di un elegante ritiro urbano e di un luogo dove godersi una quiete esclusiva. Caratterizzato da larghi viali, tipici palazzi con appartamenti risalenti all\u2019ante guerra (seconda), townhouses in isolati viali alberati e nuovi condomini molto costosi, l\u2019 Upper West Side \u00e8 contraddistinto da una ricca variet\u00e0 architettonica.<\/p>\n[\/vc_column_text][\/vc_column][vc_column width=&#8221;1\/2&#8243;]<div class=\"shadow_img_frame shadow_two_col_small tt_animate_none true-img-none\"><div class=\"img-preload\"><img src='https:\/\/newyork.ravarealty.com\/wp-content\/uploads\/2013\/11\/\/UWSpage-324x180.jpg' alt='' class=\"attachment-fadeIn\" \/><\/div><\/div>[\/vc_column][\/vc_row][vc_row][vc_column][vc_column_text]\n<p style=\"text-align: justify;\">Oltre alla vicinanza con Central Park e alle spettacolari viste sull\u2019Hudson, il quartiere \u00e8 noto anche per la presenza di molti centri culturali come il Lincoln Center, il museo di storia naturale, il Beacon Theatre, la New York Historical Society e il Manhattan\u2019s children museum. Tra gli altri comfort della zona, ci sono i centri benessere Equinox, Soul Cycle, Pure Yoga e il Jewish Community Center, che vanta un imponente piscina coperta con finestroni che offrono una bella vista anche al nuotatore. Nell\u2019Upper West Side hanno inoltre sede rinomati ristoranti come Jean Georges, Caff\u00e8 Storico, Telepan e ottime scuole come la Manhattan Day School e la Julliard. Supermarket di ogni tipo, bar e librerie non mancano. La zona \u00e8 anche molto ben servita da molte metropolitane.<\/p>\n<p style=\"text-align: center;\"><iframe loading=\"lazy\" style=\"border: 0;\" src=\"https:\/\/www.google.com\/maps\/embed?pb=!1m18!1m12!1m3!1d24166.807722030848!2d-73.9772944!3d40.78729049999995!2m3!1f0!2f0!3f0!3m2!1i1024!2i768!4f13.1!3m3!1m2!1s0x89c25882fb30bbd5%3A0x5e26248b46dfc46c!2sUpper+West+Side!5e0!3m2!1sen!2sus!4v1394806278035\" width=\"400\" height=\"300\" frameborder=\"0\"><\/iframe><\/p>\n[\/vc_column_text][\/vc_column][\/vc_row]\n<\/div>","protected":false},"excerpt":{"rendered":"<p>[vc_row][vc_column][vc_column_text]<br \/>\nUpper West Side<br \/>\n[\/vc_column_text][\/vc_column][\/vc_row][vc_row][vc_column width=&#8221;1\/2&#8243;][vc_column_text]<br \/>\nL\u2019 Upper West Side di Manhattan, delimitato a sud dalla 59esima strada (escluso Columbus Circle), a nord dalla 110ecima strada, a est da Central Park e a ovest dal fiume Hudson, \u00e8 uno dei quartieri pi\u00f9 vivibili della citt\u00e0, tra i pi\u00f9 ambiti da chi \u00e8 alla ricerca di un elegante ritiro urbano e di un luogo dove godersi una quiete esclusiva. Caratterizzato da larghi viali, tipici palazzi con appartamenti risalenti all\u2019ante guerra (seconda), &#8230;<\/p>\n","protected":false},"author":1,"featured_media":0,"parent":3670,"menu_order":0,"comment_status":"closed","ping_status":"closed","template":"template_rightnav.php","meta":{"_monsterinsights_skip_tracking":false,"_monsterinsights_sitenote_active":false,"_monsterinsights_sitenote_note":"","_monsterinsights_sitenote_category":0,"footnotes":""},"class_list":["post-1877","page","type-page","status-publish","hentry"],"yoast_head":"<!-- This site is optimized with the Yoast SEO plugin v27.2 - https:\/\/yoast.com\/product\/yoast-seo-wordpress\/ -->\n<title>Rava Realty - Upper West Side<\/title>\n<meta name=\"description\" content=\"Manhattan\u2019s Upper West Side is one of the City\u2019s most desirable\u2014and livable\u2014 neighborhoods for anyone seeking an elegant urban retreat and destination for upscale quiet enjoyment.\" \/>\n<meta name=\"robots\" content=\"index, follow, max-snippet:-1, max-image-preview:large, max-video-preview:-1\" \/>\n<link rel=\"canonical\" href=\"https:\/\/newyork.ravarealty.com\/it\/quartieri\/upper-west-side\/\" \/>\n<meta property=\"og:locale\" content=\"it_IT\" \/>\n<meta property=\"og:type\" content=\"article\" \/>\n<meta property=\"og:title\" content=\"Rava Realty - Upper West Side\" \/>\n<meta property=\"og:description\" content=\"Manhattan\u2019s Upper West Side is one of the City\u2019s most desirable\u2014and livable\u2014 neighborhoods for anyone seeking an elegant urban retreat and destination for upscale quiet enjoyment.\" \/>\n<meta property=\"og:url\" content=\"https:\/\/newyork.ravarealty.com\/it\/quartieri\/upper-west-side\/\" \/>\n<meta property=\"og:site_name\" content=\"Rava Realty\" \/>\n<meta property=\"article:modified_time\" content=\"2018-09-25T14:06:55+00:00\" \/>\n<meta name=\"twitter:label1\" content=\"Tempo di lettura stimato\" \/>\n\t<meta name=\"twitter:data1\" content=\"1 minuto\" \/>\n<script type=\"application\/ld+json\" class=\"yoast-schema-graph\">{\"@context\":\"https:\/\/schema.org\",\"@graph\":[{\"@type\":\"WebPage\",\"@id\":\"https:\/\/newyork.ravarealty.com\/it\/quartieri\/upper-west-side\/\",\"url\":\"https:\/\/newyork.ravarealty.com\/it\/quartieri\/upper-west-side\/\",\"name\":\"Rava Realty - Upper West Side\",\"isPartOf\":{\"@id\":\"https:\/\/newyork.ravarealty.com\/#website\"},\"datePublished\":\"2013-11-04T00:54:58+00:00\",\"dateModified\":\"2018-09-25T14:06:55+00:00\",\"description\":\"Manhattan\u2019s Upper West Side is one of the City\u2019s most desirable\u2014and livable\u2014 neighborhoods for anyone seeking an elegant urban retreat and destination for upscale quiet enjoyment.\",\"breadcrumb\":{\"@id\":\"https:\/\/newyork.ravarealty.com\/it\/quartieri\/upper-west-side\/#breadcrumb\"},\"inLanguage\":\"it-IT\",\"potentialAction\":[{\"@type\":\"ReadAction\",\"target\":[\"https:\/\/newyork.ravarealty.com\/it\/quartieri\/upper-west-side\/\"]}]},{\"@type\":\"BreadcrumbList\",\"@id\":\"https:\/\/newyork.ravarealty.com\/it\/quartieri\/upper-west-side\/#breadcrumb\",\"itemListElement\":[{\"@type\":\"ListItem\",\"position\":1,\"name\":\"Quartieri\",\"item\":\"https:\/\/newyork.ravarealty.com\/it\/quartieri\/\"},{\"@type\":\"ListItem\",\"position\":2,\"name\":\"Upper West Side\"}]},{\"@type\":\"WebSite\",\"@id\":\"https:\/\/newyork.ravarealty.com\/#website\",\"url\":\"https:\/\/newyork.ravarealty.com\/\",\"name\":\"Rava Realty\",\"description\":\"NYC Real Estate\",\"potentialAction\":[{\"@type\":\"SearchAction\",\"target\":{\"@type\":\"EntryPoint\",\"urlTemplate\":\"https:\/\/newyork.ravarealty.com\/?s={search_term_string}\"},\"query-input\":{\"@type\":\"PropertyValueSpecification\",\"valueRequired\":true,\"valueName\":\"search_term_string\"}}],\"inLanguage\":\"it-IT\"}]}<\/script>\n<!-- \/ Yoast SEO plugin. -->","yoast_head_json":{"title":"Rava Realty - Upper West Side","description":"Manhattan\u2019s Upper West Side is one of the City\u2019s most desirable\u2014and livable\u2014 neighborhoods for anyone seeking an elegant urban retreat and destination for upscale quiet enjoyment.","robots":{"index":"index","follow":"follow","max-snippet":"max-snippet:-1","max-image-preview":"max-image-preview:large","max-video-preview":"max-video-preview:-1"},"canonical":"https:\/\/newyork.ravarealty.com\/it\/quartieri\/upper-west-side\/","og_locale":"it_IT","og_type":"article","og_title":"Rava Realty - Upper West Side","og_description":"Manhattan\u2019s Upper West Side is one of the City\u2019s most desirable\u2014and livable\u2014 neighborhoods for anyone seeking an elegant urban retreat and destination for upscale quiet enjoyment.","og_url":"https:\/\/newyork.ravarealty.com\/it\/quartieri\/upper-west-side\/","og_site_name":"Rava Realty","article_modified_time":"2018-09-25T14:06:55+00:00","twitter_misc":{"Tempo di lettura stimato":"1 minuto"},"schema":{"@context":"https:\/\/schema.org","@graph":[{"@type":"WebPage","@id":"https:\/\/newyork.ravarealty.com\/it\/quartieri\/upper-west-side\/","url":"https:\/\/newyork.ravarealty.com\/it\/quartieri\/upper-west-side\/","name":"Rava Realty - Upper West Side","isPartOf":{"@id":"https:\/\/newyork.ravarealty.com\/#website"},"datePublished":"2013-11-04T00:54:58+00:00","dateModified":"2018-09-25T14:06:55+00:00","description":"Manhattan\u2019s Upper West Side is one of the City\u2019s most desirable\u2014and livable\u2014 neighborhoods for anyone seeking an elegant urban retreat and destination for upscale quiet enjoyment.","breadcrumb":{"@id":"https:\/\/newyork.ravarealty.com\/it\/quartieri\/upper-west-side\/#breadcrumb"},"inLanguage":"it-IT","potentialAction":[{"@type":"ReadAction","target":["https:\/\/newyork.ravarealty.com\/it\/quartieri\/upper-west-side\/"]}]},{"@type":"BreadcrumbList","@id":"https:\/\/newyork.ravarealty.com\/it\/quartieri\/upper-west-side\/#breadcrumb","itemListElement":[{"@type":"ListItem","position":1,"name":"Quartieri","item":"https:\/\/newyork.ravarealty.com\/it\/quartieri\/"},{"@type":"ListItem","position":2,"name":"Upper West Side"}]},{"@type":"WebSite","@id":"https:\/\/newyork.ravarealty.com\/#website","url":"https:\/\/newyork.ravarealty.com\/","name":"Rava Realty","description":"NYC Real Estate","potentialAction":[{"@type":"SearchAction","target":{"@type":"EntryPoint","urlTemplate":"https:\/\/newyork.ravarealty.com\/?s={search_term_string}"},"query-input":{"@type":"PropertyValueSpecification","valueRequired":true,"valueName":"search_term_string"}}],"inLanguage":"it-IT"}]}},"_links":{"self":[{"href":"https:\/\/newyork.ravarealty.com\/it\/wp-json\/wp\/v2\/pages\/1877","targetHints":{"allow":["GET"]}}],"collection":[{"href":"https:\/\/newyork.ravarealty.com\/it\/wp-json\/wp\/v2\/pages"}],"about":[{"href":"https:\/\/newyork.ravarealty.com\/it\/wp-json\/wp\/v2\/types\/page"}],"author":[{"embeddable":true,"href":"https:\/\/newyork.ravarealty.com\/it\/wp-json\/wp\/v2\/users\/1"}],"replies":[{"embeddable":true,"href":"https:\/\/newyork.ravarealty.com\/it\/wp-json\/wp\/v2\/comments?post=1877"}],"version-history":[{"count":0,"href":"https:\/\/newyork.ravarealty.com\/it\/wp-json\/wp\/v2\/pages\/1877\/revisions"}],"up":[{"embeddable":true,"href":"https:\/\/newyork.ravarealty.com\/it\/wp-json\/wp\/v2\/pages\/3670"}],"wp:attachment":[{"href":"https:\/\/newyork.ravarealty.com\/it\/wp-json\/wp\/v2\/media?parent=1877"}],"curies":[{"name":"wp","href":"https:\/\/api.w.org\/{rel}","templated":true}]}}